{"id":82,"date":"2023-03-05T21:19:52","date_gmt":"2023-03-05T18:19:52","guid":{"rendered":"https:\/\/www.exciting-lovelace.194-5-236-185.plesk.page\/?page_id=82"},"modified":"2026-03-12T08:49:12","modified_gmt":"2026-03-12T05:49:12","slug":"hakkimizda","status":"publish","type":"page","link":"https:\/\/www.makrochemical.com\/tr\/hakkimizda\/","title":{"rendered":"Hakk\u0131m\u0131zda"},"content":{"rendered":"\t\t<div data-elementor-type=\"wp-page\" data-elementor-id=\"82\" class=\"elementor elementor-82\">\n\t\t\t\t\t\t<section class=\"elementor-section elementor-top-section elementor-element elementor-element-38da87f elementor-section-boxed elementor-section-height-default elementor-section-height-default\" data-id=\"38da87f\" data-element_type=\"section\" data-e-type=\"section\" data-settings=\"{&quot;background_background&quot;:&quot;classic&quot;}\">\n\t\t\t\t\t\t<div class=\"elementor-container elementor-column-gap-default\">\n\t\t\t\t\t<div class=\"elementor-column elementor-col-100 elementor-top-column elementor-element elementor-element-bb1a874\" data-id=\"bb1a874\" data-element_type=\"column\" data-e-type=\"column\">\n\t\t\t<div class=\"elementor-widget-wrap elementor-element-populated\">\n\t\t\t\t\t\t<div class=\"elementor-element elementor-element-fa36a4f elementor-widget elementor-widget-heading\" data-id=\"fa36a4f\" data-element_type=\"widget\" data-e-type=\"widget\" data-widget_type=\"heading.default\">\n\t\t\t\t<div class=\"elementor-widget-container\">\n\t\t\t\t\t<h1 class=\"elementor-heading-title elementor-size-default\">Hakk\u0131m\u0131zda<\/h1>\t\t\t\t<\/div>\n\t\t\t\t<\/div>\n\t\t\t\t\t<\/div>\n\t\t<\/div>\n\t\t\t\t\t<\/div>\n\t\t<\/section>\n\t\t\t\t<section class=\"elementor-section elementor-top-section elementor-element elementor-element-401a64f elementor-section-boxed elementor-section-height-default elementor-section-height-default\" data-id=\"401a64f\" data-element_type=\"section\" data-e-type=\"section\">\n\t\t\t\t\t\t<div class=\"elementor-container elementor-column-gap-default\">\n\t\t\t\t\t<div class=\"elementor-column elementor-col-100 elementor-top-column elementor-element elementor-element-b841347\" data-id=\"b841347\" data-element_type=\"column\" data-e-type=\"column\">\n\t\t\t<div class=\"elementor-widget-wrap elementor-element-populated\">\n\t\t\t\t\t\t<div class=\"elementor-element elementor-element-cc9e6f7 elementor-widget elementor-widget-text-editor\" data-id=\"cc9e6f7\" data-element_type=\"widget\" data-e-type=\"widget\" data-widget_type=\"text-editor.default\">\n\t\t\t\t<div class=\"elementor-widget-container\">\n\t\t\t\t\t\t\t\t\t<p class=\"MsoNormal\"><b>Ambalaj End\u00fcstrisinin G\u00fcvenilir Performans Orta\u011f\u0131<\/b><\/p><p class=\"MsoNormal\">1996 y\u0131l\u0131nda \u0130zmir Atat\u00fcrk Organize Sanayi B\u00f6lgesi\u2019nde temelleri at\u0131lan <b>Makro Chemical<\/b>, esnek ambalaj end\u00fcstrisinin y\u00fcksek performans ve s\u00fcrd\u00fcr\u00fclebilirlik ihtiya\u00e7lar\u0131na yan\u0131t vermek amac\u0131yla yola \u00e7\u0131km\u0131\u015ft\u0131r. T\u00fcrkiye\u2019nin ilk esnek ambalaj tutkal\u0131 \u00fcreticisi olma gururunu, 30 y\u0131l\u0131 a\u015fk\u0131n derin bir teknik uzmanl\u0131k ve sekt\u00f6rel tecr\u00fcbe ile birle\u015ftiriyoruz.<\/p><p class=\"MsoNormal\"><b>Operasyonel G\u00fc\u00e7 ve Ar-Ge<\/b><\/p><p class=\"MsoNormal\">Bug\u00fcn, \u0130zmir Atat\u00fcrk Organize Sanayi B\u00f6lgesi\u2019ndeki merkezi y\u00f6netim binam\u0131z ve \u0130zmir Serbest B\u00f6lgesi\u2019nde yer alan modern fabrikam\u0131zla entegre bir hizmet a\u011f\u0131 sunuyoruz. Ar-Ge, laboratuvar, \u00fcretim ve lojistik birimlerimizi ayn\u0131 \u00e7at\u0131 alt\u0131nda toplayarak; laminasyon tutkallar\u0131 teknolojilerinde s\u0131n\u0131rlar\u0131 zorlayan \u00e7\u00f6z\u00fcmler geli\u015ftiriyoruz.<\/p><p>\u00a0<\/p><p class=\"MsoNormal\">Ar-Ge g\u00fcc\u00fcm\u00fcz, sadece bir birim de\u011fil, i\u015f modelimizin merkezidir. M\u00fc\u015fterilerimizin \u00f6zel gereksinimlerine y\u00f6nelik terzi usul\u00fc \u00e7\u00f6z\u00fcmler sunarken, ulusal ve uluslararas\u0131 teknik standartlar\u0131 g\u0131da g\u00fcvenli\u011fi ve \u00e7evre hassasiyetiyle bulu\u015fturuyoruz.<\/p>\t\t\t\t\t\t\t\t<\/div>\n\t\t\t\t<\/div>\n\t\t\t\t\t<\/div>\n\t\t<\/div>\n\t\t\t\t\t<\/div>\n\t\t<\/section>\n\t\t\t\t<section class=\"elementor-section elementor-top-section elementor-element elementor-element-fdacfec elementor-section-boxed elementor-section-height-default elementor-section-height-default\" data-id=\"fdacfec\" data-element_type=\"section\" data-e-type=\"section\">\n\t\t\t\t\t\t<div class=\"elementor-container elementor-column-gap-default\">\n\t\t\t\t\t<div class=\"elementor-column elementor-col-100 elementor-top-column elementor-element elementor-element-c1e0042\" data-id=\"c1e0042\" data-element_type=\"column\" data-e-type=\"column\">\n\t\t\t<div class=\"elementor-widget-wrap elementor-element-populated\">\n\t\t\t\t\t\t<div class=\"elementor-element elementor-element-07da219 elementor-widget elementor-widget-heading\" data-id=\"07da219\" data-element_type=\"widget\" data-e-type=\"widget\" data-widget_type=\"heading.default\">\n\t\t\t\t<div class=\"elementor-widget-container\">\n\t\t\t\t\t<h2 class=\"elementor-heading-title elementor-size-default\">\n<\/h2>\t\t\t\t<\/div>\n\t\t\t\t<\/div>\n\t\t\t\t<section class=\"elementor-section elementor-inner-section elementor-element elementor-element-e7a527a elementor-section-boxed elementor-section-height-default elementor-section-height-default\" data-id=\"e7a527a\" data-element_type=\"section\" data-e-type=\"section\">\n\t\t\t\t\t\t<div class=\"elementor-container elementor-column-gap-default\">\n\t\t\t\t\t<div class=\"elementor-column elementor-col-100 elementor-inner-column elementor-element elementor-element-980327c\" data-id=\"980327c\" data-element_type=\"column\" data-e-type=\"column\">\n\t\t\t<div class=\"elementor-widget-wrap elementor-element-populated\">\n\t\t\t\t\t\t<div class=\"elementor-element elementor-element-f7f8c1e elementor-widget__width-inherit elementor-widget elementor-widget-toggle\" data-id=\"f7f8c1e\" data-element_type=\"widget\" data-e-type=\"widget\" data-widget_type=\"toggle.default\">\n\t\t\t\t<div class=\"elementor-widget-container\">\n\t\t\t\t\t\t\t<div class=\"elementor-toggle\">\n\t\t\t\t\t\t\t<div class=\"elementor-toggle-item\">\n\t\t\t\t\t<div id=\"elementor-tab-title-2601\" class=\"elementor-tab-title\" data-tab=\"1\" role=\"button\" aria-controls=\"elementor-tab-content-2601\" aria-expanded=\"false\">\n\t\t\t\t\t\t\t\t\t\t\t\t<span class=\"elementor-toggle-icon elementor-toggle-icon-left\" aria-hidden=\"true\">\n\t\t\t\t\t\t\t\t\t\t\t\t\t\t\t<span class=\"elementor-toggle-icon-closed\"><i class=\"fas fa-caret-right\"><\/i><\/span>\n\t\t\t\t\t\t\t\t<span class=\"elementor-toggle-icon-opened\"><i class=\"elementor-toggle-icon-opened fas fa-caret-up\"><\/i><\/span>\n\t\t\t\t\t\t\t\t\t\t\t\t\t<\/span>\n\t\t\t\t\t\t\t\t\t\t\t\t<a class=\"elementor-toggle-title\" tabindex=\"0\"> V\u0130ZYONUMUZ VE M\u0130SYONUMUZ<\/a>\n\t\t\t\t\t<\/div>\n\n\t\t\t\t\t<div id=\"elementor-tab-content-2601\" class=\"elementor-tab-content elementor-clearfix\" data-tab=\"1\" role=\"region\" aria-labelledby=\"elementor-tab-title-2601\"><p class=\"MsoNormal\"><b>M\u0130SYONUMUZ <\/b><\/p><p class=\"MsoNormal\">&#8220;Esnek ambalaj end\u00fcstrisinin performans ve s\u00fcrd\u00fcr\u00fclebilirlik ihtiya\u00e7lar\u0131na, derin teknik uzmanl\u0131\u011f\u0131m\u0131z ve Ar-Ge odakl\u0131 yakla\u015f\u0131m\u0131m\u0131zla y\u00fcksek nitelikli \u00e7\u00f6z\u00fcmler sunmak; g\u00fcvenilir \u00fcretim g\u00fcc\u00fcm\u00fczle m\u00fc\u015fterilerimizin rekabet g\u00fcc\u00fcn\u00fc art\u0131ran stratejik bir \u00e7\u00f6z\u00fcm orta\u011f\u0131 olmakt\u0131r.&#8221;<\/p><p class=\"MsoNormal\">\u00a0<\/p><p class=\"MsoNormal\"><b>V\u0130ZYONUMUZ <\/b><\/p><p class=\"MsoNormal\">&#8220;Laminasyon tutkallar\u0131 teknolojilerinde, T\u00fcrkiye\u2019den d\u00fcnyaya uzanan en g\u00fc\u00e7l\u00fc inovasyon merkezi olmak; geli\u015ftirdi\u011fimiz s\u00fcrd\u00fcr\u00fclebilir ve y\u00fcksek performansl\u0131 \u00fcr\u00fcnlerle global ambalaj pazar\u0131nda standartlar\u0131 belirleyen, ilk tercih edilen marka konumuna eri\u015fmektir.&#8221;<\/p><\/div>\n\t\t\t\t<\/div>\n\t\t\t\t\t\t\t\t<\/div>\n\t\t\t\t\t\t<\/div>\n\t\t\t\t<\/div>\n\t\t\t\t\t<\/div>\n\t\t<\/div>\n\t\t\t\t\t<\/div>\n\t\t<\/section>\n\t\t\t\t\t<\/div>\n\t\t<\/div>\n\t\t\t\t\t<\/div>\n\t\t<\/section>\n\t\t\t\t<section class=\"elementor-section elementor-top-section elementor-element elementor-element-1cb825a elementor-section-boxed elementor-section-height-default elementor-section-height-default\" data-id=\"1cb825a\" data-element_type=\"section\" data-e-type=\"section\">\n\t\t\t\t\t\t<div class=\"elementor-container elementor-column-gap-no\">\n\t\t\t\t\t<div class=\"elementor-column elementor-col-50 elementor-top-column elementor-element elementor-element-2dc31ac\" data-id=\"2dc31ac\" data-element_type=\"column\" data-e-type=\"column\">\n\t\t\t<div class=\"elementor-widget-wrap elementor-element-populated\">\n\t\t\t\t\t\t<div class=\"elementor-element elementor-element-6857fab elementor-align-justify elementor-widget elementor-widget-button\" data-id=\"6857fab\" data-element_type=\"widget\" data-e-type=\"widget\" data-widget_type=\"button.default\">\n\t\t\t\t<div class=\"elementor-widget-container\">\n\t\t\t\t\t\t\t\t\t<div class=\"elementor-button-wrapper\">\n\t\t\t\t\t<a class=\"elementor-button elementor-button-link elementor-size-sm\" href=\"\/bizden-haberler\">\n\t\t\t\t\t\t<span class=\"elementor-button-content-wrapper\">\n\t\t\t\t\t\t\t\t\t<span class=\"elementor-button-text\">B\u0130ZDEN HABERLER<\/span>\n\t\t\t\t\t<\/span>\n\t\t\t\t\t<\/a>\n\t\t\t\t<\/div>\n\t\t\t\t\t\t\t\t<\/div>\n\t\t\t\t<\/div>\n\t\t\t\t\t<\/div>\n\t\t<\/div>\n\t\t\t\t<div class=\"elementor-column elementor-col-50 elementor-top-column elementor-element elementor-element-d755741\" data-id=\"d755741\" data-element_type=\"column\" data-e-type=\"column\">\n\t\t\t<div class=\"elementor-widget-wrap elementor-element-populated\">\n\t\t\t\t\t\t<div class=\"elementor-element elementor-element-26f40ed elementor-align-justify elementor-widget elementor-widget-button\" data-id=\"26f40ed\" data-element_type=\"widget\" data-e-type=\"widget\" data-widget_type=\"button.default\">\n\t\t\t\t<div class=\"elementor-widget-container\">\n\t\t\t\t\t\t\t\t\t<div class=\"elementor-button-wrapper\">\n\t\t\t\t\t<a class=\"elementor-button elementor-button-link elementor-size-sm\" href=\"\/iletisim\">\n\t\t\t\t\t\t<span class=\"elementor-button-content-wrapper\">\n\t\t\t\t\t\t\t\t\t<span class=\"elementor-button-text\">B\u0130ZE ULA\u015eIN<\/span>\n\t\t\t\t\t<\/span>\n\t\t\t\t\t<\/a>\n\t\t\t\t<\/div>\n\t\t\t\t\t\t\t\t<\/div>\n\t\t\t\t<\/div>\n\t\t\t\t\t<\/div>\n\t\t<\/div>\n\t\t\t\t\t<\/div>\n\t\t<\/section>\n\t\t\t\t<\/div>\n\t\t","protected":false},"excerpt":{"rendered":"<p>Ambalaj End\u00fcstrisinin G\u00fcvenilir Performans Orta\u011f\u0131 1996 y\u0131l\u0131nda \u0130zmir Atat\u00fcrk Organize Sanayi B\u00f6lgesi\u2019nde temelleri at\u0131lan Makro Chemical, esnek ambalaj end\u00fcstrisinin y\u00fcksek performans ve s\u00fcrd\u00fcr\u00fclebilirlik ihtiya\u00e7lar\u0131na yan\u0131t vermek amac\u0131yla yola \u00e7\u0131km\u0131\u015ft\u0131r. T\u00fcrkiye\u2019nin ilk esnek ambalaj tutkal\u0131 \u00fcreticisi olma gururunu, 30 y\u0131l\u0131 a\u015fk\u0131n derin bir teknik uzmanl\u0131k ve sekt\u00f6rel tecr\u00fcbe ile birle\u015ftiriyoruz. Operasyonel G\u00fc\u00e7 ve Ar-Ge Bug\u00fcn, \u0130zmir [&hellip;]<\/p>\n","protected":false},"author":1,"featured_media":0,"parent":0,"menu_order":0,"comment_status":"closed","ping_status":"closed","template":"elementor_header_footer","meta":{"footnotes":""},"class_list":["post-82","page","type-page","status-publish","hentry"],"_links":{"self":[{"href":"https:\/\/www.makrochemical.com\/tr\/wp-json\/wp\/v2\/pages\/82","targetHints":{"allow":["GET"]}}],"collection":[{"href":"https:\/\/www.makrochemical.com\/tr\/wp-json\/wp\/v2\/pages"}],"about":[{"href":"https:\/\/www.makrochemical.com\/tr\/wp-json\/wp\/v2\/types\/page"}],"author":[{"embeddable":true,"href":"https:\/\/www.makrochemical.com\/tr\/wp-json\/wp\/v2\/users\/1"}],"replies":[{"embeddable":true,"href":"https:\/\/www.makrochemical.com\/tr\/wp-json\/wp\/v2\/comments?post=82"}],"version-history":[{"count":46,"href":"https:\/\/www.makrochemical.com\/tr\/wp-json\/wp\/v2\/pages\/82\/revisions"}],"predecessor-version":[{"id":999,"href":"https:\/\/www.makrochemical.com\/tr\/wp-json\/wp\/v2\/pages\/82\/revisions\/999"}],"wp:attachment":[{"href":"https:\/\/www.makrochemical.com\/tr\/wp-json\/wp\/v2\/media?parent=82"}],"curies":[{"name":"wp","href":"https:\/\/api.w.org\/{rel}","templated":true}]}}