{"id":253,"date":"2023-03-06T19:34:12","date_gmt":"2023-03-06T16:34:12","guid":{"rendered":"https:\/\/www.exciting-lovelace.194-5-236-185.plesk.page\/?page_id=253"},"modified":"2023-03-07T17:13:06","modified_gmt":"2023-03-07T14:13:06","slug":"tdi-ester-yuksek-performans-prepolimerleri","status":"publish","type":"page","link":"https:\/\/www.makrochemical.com\/tr\/poliuretan\/tdi-ester-yuksek-performans-prepolimerleri\/","title":{"rendered":"TDI Ester Y\u00fcksek Performans Prepolimerleri"},"content":{"rendered":"\t\t<div data-elementor-type=\"wp-page\" data-elementor-id=\"253\" class=\"elementor elementor-253\">\n\t\t\t\t\t\t<section class=\"elementor-section elementor-top-section elementor-element elementor-element-2ef4f78 elementor-section-boxed elementor-section-height-default elementor-section-height-default\" data-id=\"2ef4f78\" data-element_type=\"section\" data-e-type=\"section\" data-settings=\"{&quot;background_background&quot;:&quot;classic&quot;}\">\n\t\t\t\t\t\t<div class=\"elementor-container elementor-column-gap-default\">\n\t\t\t\t\t<div class=\"elementor-column elementor-col-100 elementor-top-column elementor-element elementor-element-883ca7d\" data-id=\"883ca7d\" data-element_type=\"column\" data-e-type=\"column\">\n\t\t\t<div class=\"elementor-widget-wrap elementor-element-populated\">\n\t\t\t\t\t\t<div class=\"elementor-element elementor-element-95e3606 elementor-widget elementor-widget-heading\" data-id=\"95e3606\" data-element_type=\"widget\" data-e-type=\"widget\" data-widget_type=\"heading.default\">\n\t\t\t\t<div class=\"elementor-widget-container\">\n\t\t\t\t\t<h1 class=\"elementor-heading-title elementor-size-default\">TDI Ester Y\u00fcksek Performans Prepolimerleri<\/h1>\t\t\t\t<\/div>\n\t\t\t\t<\/div>\n\t\t\t\t\t<\/div>\n\t\t<\/div>\n\t\t\t\t\t<\/div>\n\t\t<\/section>\n\t\t\t\t<section class=\"elementor-section elementor-top-section elementor-element elementor-element-fb2b472 elementor-section-content-middle elementor-section-boxed elementor-section-height-default elementor-section-height-default\" data-id=\"fb2b472\" data-element_type=\"section\" data-e-type=\"section\">\n\t\t\t\t\t\t<div class=\"elementor-container elementor-column-gap-default\">\n\t\t\t\t\t<div class=\"elementor-column elementor-col-100 elementor-top-column elementor-element elementor-element-2adf125\" data-id=\"2adf125\" data-element_type=\"column\" data-e-type=\"column\">\n\t\t\t<div class=\"elementor-widget-wrap elementor-element-populated\">\n\t\t\t\t\t\t<section class=\"elementor-section elementor-inner-section elementor-element elementor-element-2da698d elementor-section-boxed elementor-section-height-default elementor-section-height-default\" data-id=\"2da698d\" data-element_type=\"section\" data-e-type=\"section\">\n\t\t\t\t\t\t<div class=\"elementor-container elementor-column-gap-default\">\n\t\t\t\t\t<div class=\"elementor-column elementor-col-50 elementor-inner-column elementor-element elementor-element-45f0b72\" data-id=\"45f0b72\" data-element_type=\"column\" data-e-type=\"column\">\n\t\t\t<div class=\"elementor-widget-wrap elementor-element-populated\">\n\t\t\t\t\t\t<div class=\"elementor-element elementor-element-5f9ce71 elementor-widget elementor-widget-text-editor\" data-id=\"5f9ce71\" data-element_type=\"widget\" data-e-type=\"widget\" data-widget_type=\"text-editor.default\">\n\t\t\t\t<div class=\"elementor-widget-container\">\n\t\t\t\t\t\t\t\t\t<table border=\"0\" frame=\"VOID\" rules=\"NONE\" cellspacing=\"0\">\n    <tbody>\n    <tr>\n    <td align=\"CENTER\" valign=\"MIDDLE\" style=\"background: #008080;\" width=\"152\" height=\"19\"><b><span style=\"color: #ffffff; font-family: Calibri;\">\u00dcr\u00fcn<\/span><\/b><\/td>\n    <td align=\"CENTER\" valign=\"MIDDLE\" style=\"background: #008080;\" width=\"82\"><b><span style=\"color: #ffffff; font-family: Calibri;\">Sertlik<\/span><\/b><\/td>\n    <td align=\"CENTER\" valign=\"MIDDLE\" style=\"background: #008080;\" width=\"80\"><b><span style=\"color: #ffffff; font-family: Calibri;\">% NCO<\/span><\/b><\/td>\n    <td align=\"CENTER\" valign=\"MIDDLE\" style=\"background: #008080;\" width=\"130\"><b><span style=\"color: #ffffff; font-family: Calibri;\">Viskozite @ 80\u00b0C<\/span><\/b><\/td>\n    <td align=\"CENTER\" valign=\"MIDDLE\" style=\"background: #008080;\" width=\"90\"><b><span style=\"color: #ffffff; font-family: Calibri;\">Ambalaj<\/span><\/b><\/td>\n    <\/tr>\n    <tr>\n    <td align=\"CENTER\" valign=\"MIDDLE\" style=\"background: #006666;\" height=\"30\"><b><span style=\"color: #ffffff; font-family: Calibri;\">Sarcoprene ST70A<\/span><\/b><\/td>\n    <td align=\"CENTER\" valign=\"MIDDLE\" style=\"background: #D2DEEF;\"><span style=\"color: #000000; font-family: Calibri;\">70A \u00b1 5<\/span><\/td>\n    <td align=\"CENTER\" valign=\"MIDDLE\" style=\"background: #D2DEEF;\"><span style=\"color: #000000; font-family: Calibri;\">2.60 \u00b1 0.2<\/span><\/td>\n    <td align=\"CENTER\" valign=\"MIDDLE\" style=\"background: #D2DEEF;\"><span style=\"color: #000000; font-family: Calibri;\">2100 \u2013 2700 cps<\/span><\/td>\n    <td align=\"CENTER\" valign=\"MIDDLE\" style=\"background: #D2DEEF;\"><span style=\"color: #000000; font-family: Calibri;\">20 \u2013 200 kg<\/span><\/td>\n    <\/tr>\n    <tr>\n    <td align=\"CENTER\" valign=\"MIDDLE\" style=\"background: #006666;\" height=\"30\"><b><span style=\"color: #ffffff; font-family: Calibri;\">Sarcoprene ST83A<\/span><\/b><\/td>\n    <td align=\"CENTER\" valign=\"MIDDLE\" style=\"background: #EAEFF7;\"><span style=\"color: #000000; font-family: Calibri;\">83A \u00b1 5<\/span><\/td>\n    <td align=\"CENTER\" valign=\"MIDDLE\" style=\"background: #EAEFF7;\"><span style=\"color: #000000; font-family: Calibri;\">3.20 \u00b1 0.2<\/span><\/td>\n    <td align=\"CENTER\" valign=\"MIDDLE\" style=\"background: #EAEFF7;\"><span style=\"color: #000000; font-family: Calibri;\">1700 \u2013 2300 cps<\/span><\/td>\n    <td align=\"CENTER\" valign=\"MIDDLE\" style=\"background: #EAEFF7;\"><span style=\"color: #000000; font-family: Calibri;\">20 \u2013 200 kg<\/span><\/td>\n    <\/tr>\n    <tr>\n    <td align=\"CENTER\" valign=\"MIDDLE\" style=\"background: #006666;\" height=\"30\"><b><span style=\"color: #ffffff; font-family: Calibri;\">Sarcoprene ST90A<\/span><\/b><\/td>\n    <td align=\"CENTER\" valign=\"MIDDLE\" style=\"background: #D2DEEF;\"><span style=\"color: #000000; font-family: Calibri;\">90A \u00b1 5<\/span><\/td>\n    <td align=\"CENTER\" valign=\"MIDDLE\" style=\"background: #D2DEEF;\"><span style=\"color: #000000; font-family: Calibri;\">4.60 \u00b1 0.2<\/span><\/td>\n    <td align=\"CENTER\" valign=\"MIDDLE\" style=\"background: #D2DEEF;\"><span style=\"color: #000000; font-family: Calibri;\">1200 \u2013 1800 cps<\/span><\/td>\n    <td align=\"CENTER\" valign=\"MIDDLE\" style=\"background: #D2DEEF;\"><span style=\"color: #000000; font-family: Calibri;\">20 \u2013 200 kg<\/span><\/td>\n    <\/tr>\n    <tr>\n    <td align=\"CENTER\" valign=\"MIDDLE\" style=\"background: #006666;\" height=\"30\"><b><span style=\"color: #ffffff; font-family: Calibri;\">Sarcoprene ST50D<\/span><\/b><\/td>\n    <td align=\"CENTER\" valign=\"MIDDLE\" style=\"background: #EAEFF7;\"><span style=\"color: #000000; font-family: Calibri;\">50D \u00b1 5<\/span><\/td>\n    <td align=\"CENTER\" valign=\"MIDDLE\" style=\"background: #EAEFF7;\"><span style=\"color: #000000; font-family: Calibri;\">5.10 \u00b1 0.2<\/span><\/td>\n    <td align=\"CENTER\" valign=\"MIDDLE\" style=\"background: #EAEFF7;\"><span style=\"color: #000000; font-family: Calibri;\">1500 \u2013 2100 cps<\/span><\/td>\n    <td align=\"CENTER\" valign=\"MIDDLE\" style=\"background: #EAEFF7;\"><span style=\"color: #000000; font-family: Calibri;\">20 \u2013 200 kg<\/span><\/td>\n    <\/tr>\n    <\/tbody>\n    <\/table>\t\t\t\t\t\t\t\t<\/div>\n\t\t\t\t<\/div>\n\t\t\t\t\t<\/div>\n\t\t<\/div>\n\t\t\t\t<div class=\"elementor-column elementor-col-50 elementor-inner-column elementor-element elementor-element-d889e8a\" data-id=\"d889e8a\" data-element_type=\"column\" data-e-type=\"column\">\n\t\t\t<div class=\"elementor-widget-wrap\">\n\t\t\t\t\t\t\t<\/div>\n\t\t<\/div>\n\t\t\t\t\t<\/div>\n\t\t<\/section>\n\t\t\t\t<div class=\"elementor-element elementor-element-b95f120 elementor-widget elementor-widget-text-editor\" data-id=\"b95f120\" data-element_type=\"widget\" data-e-type=\"widget\" data-widget_type=\"text-editor.default\">\n\t\t\t\t<div class=\"elementor-widget-container\">\n\t\t\t\t\t\t\t\t\t<p><strong>Sarcoprene\u00ae<\/strong>\u00a0elastomerler genelde kau\u00e7uk, plastikler veya metallerin sa\u011flayamad\u0131\u011f\u0131 \u00f6zellikleri sa\u011flar. \u00c7o\u011fu genel ama\u00e7l\u0131 kau\u00e7uk ve plastikten daha geli\u015fmi\u015f solvent ve ya\u011f direnci ve daha iyi termal kararl\u0131l\u0131k g\u00f6sterirler.\u00a0<\/p><p>Di\u011fer \u00e7arp\u0131c\u0131 \u00f6zellikler aras\u0131nda y\u00fcksek a\u015f\u0131nma ve y\u0131pranma direnci, m\u00fckemmel y\u00fck ta\u015f\u0131ma kapasitesi, tokluk ve esneklik yer al\u0131r.<\/p>\t\t\t\t\t\t\t\t<\/div>\n\t\t\t\t<\/div>\n\t\t\t\t<div class=\"elementor-element elementor-element-775d560 elementor-widget elementor-widget-image-gallery\" data-id=\"775d560\" data-element_type=\"widget\" data-e-type=\"widget\" data-widget_type=\"image-gallery.default\">\n\t\t\t\t<div class=\"elementor-widget-container\">\n\t\t\t\t\t\t\t<div class=\"elementor-image-gallery\">\n\t\t\t<div id='gallery-1' class='gallery galleryid-253 gallery-columns-3 gallery-size-medium'><figure class='gallery-item'>\n\t\t\t<div class='gallery-icon landscape'>\n\t\t\t\t<a data-elementor-open-lightbox=\"yes\" data-elementor-lightbox-slideshow=\"775d560\" data-elementor-lightbox-title=\"Untitled-3\" data-e-action-hash=\"#elementor-action%3Aaction%3Dlightbox%26settings%3DeyJpZCI6MjcwLCJ1cmwiOiJodHRwczpcL1wvd3d3Lm1ha3JvY2hlbWljYWwuY29tXC93cC1jb250ZW50XC91cGxvYWRzXC8yMDIzXC8wM1wvVW50aXRsZWQtMy5qcGciLCJzbGlkZXNob3ciOiI3NzVkNTYwIn0%3D\" href='https:\/\/www.makrochemical.com\/wp-content\/uploads\/2023\/03\/Untitled-3.jpg'><img fetchpriority=\"high\" decoding=\"async\" width=\"300\" height=\"185\" src=\"https:\/\/www.makrochemical.com\/wp-content\/uploads\/2023\/03\/Untitled-3-300x185.jpg\" class=\"attachment-medium size-medium\" alt=\"\" srcset=\"https:\/\/www.makrochemical.com\/wp-content\/uploads\/2023\/03\/Untitled-3-300x185.jpg 300w, https:\/\/www.makrochemical.com\/wp-content\/uploads\/2023\/03\/Untitled-3.jpg 589w\" sizes=\"(max-width: 300px) 100vw, 300px\" \/><\/a>\n\t\t\t<\/div><\/figure><figure class='gallery-item'>\n\t\t\t<div class='gallery-icon landscape'>\n\t\t\t\t<a data-elementor-open-lightbox=\"yes\" data-elementor-lightbox-slideshow=\"775d560\" data-elementor-lightbox-title=\"sarcoprene2\" data-e-action-hash=\"#elementor-action%3Aaction%3Dlightbox%26settings%3DeyJpZCI6MjcxLCJ1cmwiOiJodHRwczpcL1wvd3d3Lm1ha3JvY2hlbWljYWwuY29tXC93cC1jb250ZW50XC91cGxvYWRzXC8yMDIzXC8wM1wvc2FyY29wcmVuZTIuanBnIiwic2xpZGVzaG93IjoiNzc1ZDU2MCJ9\" href='https:\/\/www.makrochemical.com\/wp-content\/uploads\/2023\/03\/sarcoprene2.jpg'><img decoding=\"async\" width=\"300\" height=\"169\" src=\"https:\/\/www.makrochemical.com\/wp-content\/uploads\/2023\/03\/sarcoprene2-300x169.jpg\" class=\"attachment-medium size-medium\" alt=\"\" srcset=\"https:\/\/www.makrochemical.com\/wp-content\/uploads\/2023\/03\/sarcoprene2-300x169.jpg 300w, https:\/\/www.makrochemical.com\/wp-content\/uploads\/2023\/03\/sarcoprene2.jpg 567w\" sizes=\"(max-width: 300px) 100vw, 300px\" \/><\/a>\n\t\t\t<\/div><\/figure>\n\t\t<\/div>\n\t\t<\/div>\n\t\t\t\t\t\t<\/div>\n\t\t\t\t<\/div>\n\t\t\t\t\t<\/div>\n\t\t<\/div>\n\t\t\t\t\t<\/div>\n\t\t<\/section>\n\t\t\t\t<\/div>\n\t\t","protected":false},"excerpt":{"rendered":"<p>\u00dcr\u00fcn Sertlik % NCO Viskozite @ 80\u00b0C Ambalaj Sarcoprene ST70A 70A \u00b1 5 2.60 \u00b1 0.2 2100 \u2013 2700 cps 20 \u2013 200 kg Sarcoprene ST83A 83A \u00b1 5 3.20 \u00b1 0.2 1700 \u2013 2300 cps 20 \u2013 200 kg Sarcoprene ST90A 90A \u00b1 5 4.60 \u00b1 0.2 1200 \u2013 1800 cps 20 \u2013 200 [&hellip;]<\/p>\n","protected":false},"author":1,"featured_media":0,"parent":210,"menu_order":0,"comment_status":"closed","ping_status":"closed","template":"elementor_header_footer","meta":{"footnotes":""},"class_list":["post-253","page","type-page","status-publish","hentry"],"_links":{"self":[{"href":"https:\/\/www.makrochemical.com\/tr\/wp-json\/wp\/v2\/pages\/253","targetHints":{"allow":["GET"]}}],"collection":[{"href":"https:\/\/www.makrochemical.com\/tr\/wp-json\/wp\/v2\/pages"}],"about":[{"href":"https:\/\/www.makrochemical.com\/tr\/wp-json\/wp\/v2\/types\/page"}],"author":[{"embeddable":true,"href":"https:\/\/www.makrochemical.com\/tr\/wp-json\/wp\/v2\/users\/1"}],"replies":[{"embeddable":true,"href":"https:\/\/www.makrochemical.com\/tr\/wp-json\/wp\/v2\/comments?post=253"}],"version-history":[{"count":7,"href":"https:\/\/www.makrochemical.com\/tr\/wp-json\/wp\/v2\/pages\/253\/revisions"}],"predecessor-version":[{"id":412,"href":"https:\/\/www.makrochemical.com\/tr\/wp-json\/wp\/v2\/pages\/253\/revisions\/412"}],"up":[{"embeddable":true,"href":"https:\/\/www.makrochemical.com\/tr\/wp-json\/wp\/v2\/pages\/210"}],"wp:attachment":[{"href":"https:\/\/www.makrochemical.com\/tr\/wp-json\/wp\/v2\/media?parent=253"}],"curies":[{"name":"wp","href":"https:\/\/api.w.org\/{rel}","templated":true}]}}