{"id":243,"date":"2023-03-06T19:32:17","date_gmt":"2023-03-06T16:32:17","guid":{"rendered":"https:\/\/www.exciting-lovelace.194-5-236-185.plesk.page\/?page_id=243"},"modified":"2023-03-07T17:11:00","modified_gmt":"2023-03-07T14:11:00","slug":"mdi-ester-2-komponentli-prepolimerleri","status":"publish","type":"page","link":"https:\/\/www.makrochemical.com\/tr\/poliuretan\/mdi-ester-2-komponentli-prepolimerleri\/","title":{"rendered":"MDI Ester 2 Komponentli Prepolimerleri"},"content":{"rendered":"\t\t<div data-elementor-type=\"wp-page\" data-elementor-id=\"243\" class=\"elementor elementor-243\">\n\t\t\t\t\t\t<section class=\"elementor-section elementor-top-section elementor-element elementor-element-00aa048 elementor-section-boxed elementor-section-height-default elementor-section-height-default\" data-id=\"00aa048\" data-element_type=\"section\" data-e-type=\"section\" data-settings=\"{&quot;background_background&quot;:&quot;classic&quot;}\">\n\t\t\t\t\t\t<div class=\"elementor-container elementor-column-gap-default\">\n\t\t\t\t\t<div class=\"elementor-column elementor-col-100 elementor-top-column elementor-element elementor-element-878f5af\" data-id=\"878f5af\" data-element_type=\"column\" data-e-type=\"column\">\n\t\t\t<div class=\"elementor-widget-wrap elementor-element-populated\">\n\t\t\t\t\t\t<div class=\"elementor-element elementor-element-35cd1d6 elementor-widget elementor-widget-heading\" data-id=\"35cd1d6\" data-element_type=\"widget\" data-e-type=\"widget\" data-widget_type=\"heading.default\">\n\t\t\t\t<div class=\"elementor-widget-container\">\n\t\t\t\t\t<h1 class=\"elementor-heading-title elementor-size-default\">MDI Ester 2 Komponentli Prepolimerleri<\/h1>\t\t\t\t<\/div>\n\t\t\t\t<\/div>\n\t\t\t\t\t<\/div>\n\t\t<\/div>\n\t\t\t\t\t<\/div>\n\t\t<\/section>\n\t\t\t\t<section class=\"elementor-section elementor-top-section elementor-element elementor-element-61ccab7 elementor-section-boxed elementor-section-height-default elementor-section-height-default\" data-id=\"61ccab7\" data-element_type=\"section\" data-e-type=\"section\">\n\t\t\t\t\t\t<div class=\"elementor-container elementor-column-gap-default\">\n\t\t\t\t\t<div class=\"elementor-column elementor-col-100 elementor-top-column elementor-element elementor-element-e75c5c7\" data-id=\"e75c5c7\" data-element_type=\"column\" data-e-type=\"column\">\n\t\t\t<div class=\"elementor-widget-wrap elementor-element-populated\">\n\t\t\t\t\t\t<section class=\"elementor-section elementor-inner-section elementor-element elementor-element-b609ae9 elementor-section-boxed elementor-section-height-default elementor-section-height-default\" data-id=\"b609ae9\" data-element_type=\"section\" data-e-type=\"section\">\n\t\t\t\t\t\t<div class=\"elementor-container elementor-column-gap-default\">\n\t\t\t\t\t<div class=\"elementor-column elementor-col-50 elementor-inner-column elementor-element elementor-element-f24e44b\" data-id=\"f24e44b\" data-element_type=\"column\" data-e-type=\"column\">\n\t\t\t<div class=\"elementor-widget-wrap elementor-element-populated\">\n\t\t\t\t\t\t<div class=\"elementor-element elementor-element-b44587d elementor-widget elementor-widget-text-editor\" data-id=\"b44587d\" data-element_type=\"widget\" data-e-type=\"widget\" data-widget_type=\"text-editor.default\">\n\t\t\t\t<div class=\"elementor-widget-container\">\n\t\t\t\t\t\t\t\t\t<table border=\"0\" frame=\"VOID\" rules=\"NONE\" cellspacing=\"0\">\n    <tbody>\n    <tr>\n    <td align=\"CENTER\" valign=\"MIDDLE\" style=\"background: #008080;\" width=\"182\" height=\"19\"><b><span style=\"color: #ffffff; font-family: Calibri;\">\u00dcr\u00fcn<\/span><\/b><\/td>\n    <td align=\"CENTER\" valign=\"MIDDLE\" style=\"background: #008080;\" width=\"104\"><b><span style=\"color: #ffffff; font-family: Calibri;\">Sertlik<\/span><\/b><\/td>\n    <td align=\"CENTER\" valign=\"MIDDLE\" style=\"background: #008080;\" width=\"126\"><b><span style=\"color: #ffffff; font-family: Calibri;\">% NCO<\/span><\/b><\/td>\n    <td align=\"CENTER\" valign=\"MIDDLE\" style=\"background: #008080;\" width=\"140\"><b><span style=\"color: #ffffff; font-family: Calibri;\">Ambalaj<\/span><\/b><\/td>\n    <\/tr>\n    <tr>\n    <td align=\"CENTER\" valign=\"MIDDLE\" style=\"background: #005757;\" height=\"30\"><b><span style=\"color: #ffffff; font-family: Calibri;\">Sarcoprene MST80A<\/span><\/b><\/td>\n    <td align=\"CENTER\" valign=\"MIDDLE\" style=\"background: #D2DEEF;\"><span style=\"color: #000000; font-family: Calibri;\">80A<\/span><\/td>\n    <td align=\"CENTER\" valign=\"MIDDLE\" style=\"background: #D2DEEF;\"><span style=\"color: #000000; font-family: Calibri;\">6.00 \u00b1 0.2<\/span><\/td>\n    <td align=\"CENTER\" valign=\"MIDDLE\" style=\"background: #D2DEEF;\"><span style=\"color: #000000; font-family: Calibri;\">20 \u2013 200 kg<\/span><\/td>\n    <\/tr>\n    <tr>\n    <td align=\"CENTER\" valign=\"MIDDLE\" style=\"background: #005757;\" height=\"30\"><b><span style=\"color: #ffffff; font-family: Calibri;\">Sarcoprene MST85A<\/span><\/b><\/td>\n    <td align=\"CENTER\" valign=\"MIDDLE\" style=\"background: #EAEFF7;\"><span style=\"color: #000000; font-family: Calibri;\">85A<\/span><\/td>\n    <td align=\"CENTER\" valign=\"MIDDLE\" style=\"background: #EAEFF7;\"><span style=\"color: #000000; font-family: Calibri;\">6.40 \u00b1 0.2<\/span><\/td>\n    <td align=\"CENTER\" valign=\"MIDDLE\" style=\"background: #EAEFF7;\"><span style=\"color: #000000; font-family: Calibri;\">20 \u2013 200 kg<\/span><\/td>\n    <\/tr>\n    <tr>\n    <td align=\"CENTER\" valign=\"MIDDLE\" style=\"background: #005757;\" height=\"30\"><b><span style=\"color: #ffffff; font-family: Calibri;\">Sarcoprene MST90A<\/span><\/b><\/td>\n    <td align=\"CENTER\" valign=\"MIDDLE\" style=\"background: #D2DEEF;\"><span style=\"color: #000000; font-family: Calibri;\">90A<\/span><\/td>\n    <td align=\"CENTER\" valign=\"MIDDLE\" style=\"background: #D2DEEF;\"><span style=\"color: #000000; font-family: Calibri;\">7.70 \u00b1 0.2<\/span><\/td>\n    <td align=\"CENTER\" valign=\"MIDDLE\" style=\"background: #D2DEEF;\"><span style=\"color: #000000; font-family: Calibri;\">20 \u2013 200 kg<\/span><\/td>\n    <\/tr>\n    <tr>\n    <td align=\"CENTER\" valign=\"MIDDLE\" style=\"background: #005757;\" height=\"30\"><b><span style=\"color: #ffffff; font-family: Calibri;\">Sarcoprene MST95A<\/span><\/b><\/td>\n    <td align=\"CENTER\" valign=\"MIDDLE\" style=\"background: #EAEFF7;\"><span style=\"color: #000000; font-family: Calibri;\">95A<\/span><\/td>\n    <td align=\"CENTER\" valign=\"MIDDLE\" style=\"background: #EAEFF7;\"><span style=\"color: #000000; font-family: Calibri;\">9.00 \u00b1 0.2<\/span><\/td>\n    <td align=\"CENTER\" valign=\"MIDDLE\" style=\"background: #EAEFF7;\"><span style=\"color: #000000; font-family: Calibri;\">20 \u2013 200 kg<\/span><\/td>\n    <\/tr>\n    <\/tbody>\n    <\/table>\t\t\t\t\t\t\t\t<\/div>\n\t\t\t\t<\/div>\n\t\t\t\t\t<\/div>\n\t\t<\/div>\n\t\t\t\t<div class=\"elementor-column elementor-col-50 elementor-inner-column elementor-element elementor-element-4709805\" data-id=\"4709805\" data-element_type=\"column\" data-e-type=\"column\">\n\t\t\t<div class=\"elementor-widget-wrap\">\n\t\t\t\t\t\t\t<\/div>\n\t\t<\/div>\n\t\t\t\t\t<\/div>\n\t\t<\/section>\n\t\t\t\t<div class=\"elementor-element elementor-element-8bbd5ee elementor-widget elementor-widget-text-editor\" data-id=\"8bbd5ee\" data-element_type=\"widget\" data-e-type=\"widget\" data-widget_type=\"text-editor.default\">\n\t\t\t\t<div class=\"elementor-widget-container\">\n\t\t\t\t\t\t\t\t\t<p><strong>Sarcoprene\u00ae MST<\/strong>\u00a0serisi prepolimerler, MDI sistemlerinin karakteristi\u011fi olan m\u00fckemmel tokluk ve a\u015f\u0131nma \u00f6zelliklerine sahiptirler.\u00a0<\/p><p><strong>Sarcoprene\u00ae MST<\/strong>\u00a0serisi, 80 ShA\u2019dan 95 ShA sertli\u011fe kadar elastomer \u00fcretmek i\u00e7in 1,4 Butandiol ile k\u00fcrlendirilir.<\/p>\t\t\t\t\t\t\t\t<\/div>\n\t\t\t\t<\/div>\n\t\t\t\t<div class=\"elementor-element elementor-element-c01ac53 elementor-widget elementor-widget-image-gallery\" data-id=\"c01ac53\" data-element_type=\"widget\" data-e-type=\"widget\" data-widget_type=\"image-gallery.default\">\n\t\t\t\t<div class=\"elementor-widget-container\">\n\t\t\t\t\t\t\t<div class=\"elementor-image-gallery\">\n\t\t\t<div id='gallery-1' class='gallery galleryid-243 gallery-columns-4 gallery-size-large'><figure class='gallery-item'>\n\t\t\t<div class='gallery-icon landscape'>\n\t\t\t\t<img fetchpriority=\"high\" decoding=\"async\" width=\"436\" height=\"291\" src=\"https:\/\/www.makrochemical.com\/wp-content\/uploads\/2023\/03\/mst2.jpg\" class=\"attachment-large size-large\" alt=\"\" srcset=\"https:\/\/www.makrochemical.com\/wp-content\/uploads\/2023\/03\/mst2.jpg 436w, https:\/\/www.makrochemical.com\/wp-content\/uploads\/2023\/03\/mst2-300x200.jpg 300w\" sizes=\"(max-width: 436px) 100vw, 436px\" \/>\n\t\t\t<\/div><\/figure><figure class='gallery-item'>\n\t\t\t<div class='gallery-icon landscape'>\n\t\t\t\t<img decoding=\"async\" width=\"380\" height=\"206\" src=\"https:\/\/www.makrochemical.com\/wp-content\/uploads\/2023\/03\/Untitled-5.jpg\" class=\"attachment-large size-large\" alt=\"\" srcset=\"https:\/\/www.makrochemical.com\/wp-content\/uploads\/2023\/03\/Untitled-5.jpg 380w, https:\/\/www.makrochemical.com\/wp-content\/uploads\/2023\/03\/Untitled-5-300x163.jpg 300w\" sizes=\"(max-width: 380px) 100vw, 380px\" \/>\n\t\t\t<\/div><\/figure>\n\t\t<\/div>\n\t\t<\/div>\n\t\t\t\t\t\t<\/div>\n\t\t\t\t<\/div>\n\t\t\t\t\t<\/div>\n\t\t<\/div>\n\t\t\t\t\t<\/div>\n\t\t<\/section>\n\t\t\t\t<\/div>\n\t\t","protected":false},"excerpt":{"rendered":"<p>\u00dcr\u00fcn Sertlik % NCO Ambalaj Sarcoprene MST80A 80A 6.00 \u00b1 0.2 20 \u2013 200 kg Sarcoprene MST85A 85A 6.40 \u00b1 0.2 20 \u2013 200 kg Sarcoprene MST90A 90A 7.70 \u00b1 0.2 20 \u2013 200 kg Sarcoprene MST95A 95A 9.00 \u00b1 0.2 20 \u2013 200 kg Sarcoprene\u00ae MST\u00a0serisi prepolimerler, MDI sistemlerinin karakteristi\u011fi olan m\u00fckemmel tokluk ve [&hellip;]<\/p>\n","protected":false},"author":1,"featured_media":0,"parent":210,"menu_order":0,"comment_status":"closed","ping_status":"closed","template":"elementor_header_footer","meta":{"footnotes":""},"class_list":["post-243","page","type-page","status-publish","hentry"],"_links":{"self":[{"href":"https:\/\/www.makrochemical.com\/tr\/wp-json\/wp\/v2\/pages\/243","targetHints":{"allow":["GET"]}}],"collection":[{"href":"https:\/\/www.makrochemical.com\/tr\/wp-json\/wp\/v2\/pages"}],"about":[{"href":"https:\/\/www.makrochemical.com\/tr\/wp-json\/wp\/v2\/types\/page"}],"author":[{"embeddable":true,"href":"https:\/\/www.makrochemical.com\/tr\/wp-json\/wp\/v2\/users\/1"}],"replies":[{"embeddable":true,"href":"https:\/\/www.makrochemical.com\/tr\/wp-json\/wp\/v2\/comments?post=243"}],"version-history":[{"count":10,"href":"https:\/\/www.makrochemical.com\/tr\/wp-json\/wp\/v2\/pages\/243\/revisions"}],"predecessor-version":[{"id":397,"href":"https:\/\/www.makrochemical.com\/tr\/wp-json\/wp\/v2\/pages\/243\/revisions\/397"}],"up":[{"embeddable":true,"href":"https:\/\/www.makrochemical.com\/tr\/wp-json\/wp\/v2\/pages\/210"}],"wp:attachment":[{"href":"https:\/\/www.makrochemical.com\/tr\/wp-json\/wp\/v2\/media?parent=243"}],"curies":[{"name":"wp","href":"https:\/\/api.w.org\/{rel}","templated":true}]}}