{"id":134,"date":"2023-03-05T21:51:31","date_gmt":"2023-03-05T18:51:31","guid":{"rendered":"https:\/\/www.exciting-lovelace.194-5-236-185.plesk.page\/?page_id=134"},"modified":"2023-03-17T15:22:11","modified_gmt":"2023-03-17T12:22:11","slug":"kisisel-verilerin-korunmasi","status":"publish","type":"page","link":"https:\/\/www.makrochemical.com\/tr\/kisisel-verilerin-korunmasi\/","title":{"rendered":"Ki\u015fisel Verilerin Korunmas\u0131"},"content":{"rendered":"\t\t<div data-elementor-type=\"wp-page\" data-elementor-id=\"134\" class=\"elementor elementor-134\">\n\t\t\t\t\t\t<section class=\"elementor-section elementor-top-section elementor-element elementor-element-38624bd elementor-section-boxed elementor-section-height-default elementor-section-height-default\" data-id=\"38624bd\" data-element_type=\"section\" data-e-type=\"section\" data-settings=\"{&quot;background_background&quot;:&quot;classic&quot;}\">\n\t\t\t\t\t\t<div class=\"elementor-container elementor-column-gap-default\">\n\t\t\t\t\t<div class=\"elementor-column elementor-col-100 elementor-top-column elementor-element elementor-element-8ee0113\" data-id=\"8ee0113\" data-element_type=\"column\" data-e-type=\"column\">\n\t\t\t<div class=\"elementor-widget-wrap elementor-element-populated\">\n\t\t\t\t\t\t<div class=\"elementor-element elementor-element-ac7d1a3 elementor-widget elementor-widget-heading\" data-id=\"ac7d1a3\" data-element_type=\"widget\" data-e-type=\"widget\" data-widget_type=\"heading.default\">\n\t\t\t\t<div class=\"elementor-widget-container\">\n\t\t\t\t\t<h1 class=\"elementor-heading-title elementor-size-default\">Ki\u015fisel Verilerin Korunmas\u0131<\/h1>\t\t\t\t<\/div>\n\t\t\t\t<\/div>\n\t\t\t\t\t<\/div>\n\t\t<\/div>\n\t\t\t\t\t<\/div>\n\t\t<\/section>\n\t\t\t\t<section class=\"elementor-section elementor-top-section elementor-element elementor-element-106f055 elementor-section-boxed elementor-section-height-default elementor-section-height-default\" data-id=\"106f055\" data-element_type=\"section\" data-e-type=\"section\">\n\t\t\t\t\t\t<div class=\"elementor-container elementor-column-gap-default\">\n\t\t\t\t\t<div class=\"elementor-column elementor-col-100 elementor-top-column elementor-element elementor-element-c23dd80\" data-id=\"c23dd80\" data-element_type=\"column\" data-e-type=\"column\">\n\t\t\t<div class=\"elementor-widget-wrap elementor-element-populated\">\n\t\t\t\t\t\t<div class=\"elementor-element elementor-element-b2345ce elementor-widget elementor-widget-text-editor\" data-id=\"b2345ce\" data-element_type=\"widget\" data-e-type=\"widget\" data-widget_type=\"text-editor.default\">\n\t\t\t\t<div class=\"elementor-widget-container\">\n\t\t\t\t\t\t\t\t\t<p>\u00a0<\/p><p>KVKK ile ilgili olarak firmam\u0131z\u0131n ilgili dok\u00fcmanlar\u0131na a\u015fa\u011f\u0131daki linklerden ula\u015fabilirsiniz.<\/p><p>\u00a0<\/p><table cellspacing=\"0\" cellpadding=\"4\"><tbody><tr valign=\"top\"><td style=\"border: none;\" width=\"395\">\u00a0<\/td><td style=\"border: none;\" width=\"120\"><p class=\"western\" align=\"left\">Makrochemical\u00a0<span style=\"font-size: 0.9em; color: var( --e-global-color-text ); font-family: var( --e-global-typography-text-font-family ), Sans-serif; font-weight: var( --e-global-typography-text-font-weight );\">A.S.<\/span><\/p><\/td><td style=\"border: none;\" width=\"101\"><p class=\"western\" align=\"left\">Kromo Kimya\u00a0<span style=\"font-size: 0.9em; color: var( --e-global-color-text ); font-family: var( --e-global-typography-text-font-family ), Sans-serif; font-weight: var( --e-global-typography-text-font-weight );\">A.S.<\/span><\/p><\/td><\/tr><tr valign=\"top\"><td style=\"border: none;\" width=\"395\"><p class=\"western\" align=\"left\">Ki\u015fisel Verilerin Korunmas\u0131 ve i\u015flenmesi, Ki\u015fisel Veri Saklama ve imha Politikas\u0131 Politikas\u0131<\/p><\/td><td style=\"border: none;\" width=\"120\"><p class=\"western\" align=\"left\"><span lang=\"zxx\"><a style=\"color: #005562;\" href=\"\/kvkk\/a5_genel_politika.pdf\">indir<\/a><\/span><\/p><\/td><td style=\"border: none;\" width=\"101\"><p class=\"western\" align=\"left\"><span lang=\"zxx\"><a style=\"color: #005562;\" href=\"\/kvkk\/kromo\/a5_genel_politika.pdf\">indir<\/a><\/span><\/p><\/td><\/tr><tr valign=\"top\"><td style=\"border: none;\" width=\"395\"><p class=\"western\" align=\"left\">\u00c7al\u0131\u015fanlar\u0131 ve \u00c7al\u0131\u015fan Adaylar\u0131 Ki\u015fisel Verilerin Korunmas\u0131 Ve i\u015flenmesi Politikas\u0131<\/p><\/td><td style=\"border: none;\" width=\"120\"><p class=\"western\" align=\"left\"><span lang=\"zxx\"><a style=\"color: #005562;\" href=\"\/kvkk\/a6_calisan_politika.pdf\">indir<\/a><\/span><\/p><\/td><td style=\"border: none;\" width=\"101\"><p class=\"western\" align=\"left\"><span lang=\"zxx\"><a style=\"color: #005562;\" href=\"\/kvkk\/kromo\/a6_calisan_politika.pdf\">indir<\/a><\/span><\/p><\/td><\/tr><tr valign=\"top\"><td style=\"border: none;\" width=\"395\"><p class=\"western\" align=\"left\">Genel Ayd\u0131nlatma Metni<\/p><\/td><td style=\"border: none;\" width=\"120\"><p class=\"western\" align=\"left\"><span lang=\"zxx\"><a style=\"color: #005562;\" href=\"\/kvkk\/kromo\/a9_genel_aydinlatma-beyani.pdf\">indir<\/a><\/span><\/p><\/td><td style=\"border: none;\" width=\"101\"><p class=\"western\" align=\"left\"><span lang=\"zxx\"><a style=\"color: #005562;\" href=\"\/kvkk\/kromo\/a9_genel_aydinlatma-beyani.pdf\">indir<\/a><\/span><\/p><\/td><\/tr><tr valign=\"top\"><td style=\"border: none;\" width=\"395\"><p class=\"western\" align=\"left\">Ziyaret\u00e7i Ayd\u0131nlatma Metni<\/p><\/td><td style=\"border: none;\" width=\"120\"><p class=\"western\" align=\"left\"><span lang=\"zxx\"><a style=\"color: #005562;\" href=\"\/kvkk\/kromo\/a10_kvkk_ziyaretci-aydinlatma-beyani.pdf\">indir<\/a><\/span><\/p><\/td><td style=\"border: none;\" width=\"101\"><p class=\"western\" align=\"left\"><span lang=\"zxx\"><a style=\"color: #005562;\" href=\"\/kvkk\/kromo\/a10_kvkk_ziyaretci-aydinlatma-beyani.pdf\">indir<\/a><\/span><\/p><\/td><\/tr><tr valign=\"top\"><td style=\"border: none;\" width=\"395\"><p class=\"western\" align=\"left\">\u0130nternet Sitesi Gizlilik Politikas\u0131<\/p><\/td><td style=\"border: none;\" width=\"120\"><p class=\"western\" align=\"left\"><span lang=\"zxx\"><a style=\"color: #005562;\" href=\"\/kvkk\/a13_makro_kromo_internet-sitesi-gizlilik-politikasi.pdf\">indir<\/a><\/span><\/p><\/td><td style=\"border: none;\" width=\"101\"><p class=\"western\" align=\"left\"><a style=\"color: #005562;\" href=\"\/kvkk\/a13_makro_kromo_internet-sitesi-gizlilik-politikasi.pdf\">indir<\/a><\/p><\/td><\/tr><tr valign=\"top\"><td style=\"border: none;\" width=\"395\"><p class=\"western\" align=\"left\">\u0130nternet Sitesi \u00c7erez Politikas\u0131 ve Ayd\u0131nlatma Beyan\u0131<\/p><\/td><td style=\"border: none;\" width=\"120\"><p class=\"western\" align=\"left\"><span lang=\"zxx\"><a style=\"color: #005562;\" href=\"\/kvkk\/a12_makro-kromo_internet-cerez-politikasi_son.pdf\">indir<\/a><\/span><\/p><\/td><td style=\"border: none;\" width=\"101\"><p class=\"western\" align=\"left\"><a style=\"color: #005562;\" href=\"\/kvkk\/kromo\/a12_makro-kromo_internet-cerez-politikasi_son.pdf\">indir<\/a><\/p><\/td><\/tr><tr valign=\"top\"><td style=\"border: none;\" width=\"395\"><p class=\"western\" align=\"left\">Ba\u015fvuru Formu<\/p><\/td><td style=\"border: none;\" width=\"120\"><p class=\"western\" align=\"left\"><span lang=\"zxx\"><a style=\"color: #005562;\" href=\"\/kvkk\/a11_basvuru_formu.pdf\">indir<\/a><\/span><\/p><\/td><td style=\"border: none;\" width=\"101\"><p class=\"western\" align=\"left\"><span lang=\"zxx\"><a style=\"color: #005562;\" href=\"\/kvkk\/kromo\/a11_basvuru-formu.pdf\">indir<\/a><\/span><\/p><\/td><\/tr><tr valign=\"top\"><td style=\"border: none;\" width=\"395\"><p class=\"western\" align=\"left\">\u00c7al\u0131\u015fan Ayd\u0131nlatma Metni<\/p><\/td><td style=\"border: none;\" width=\"120\"><p class=\"western\" align=\"left\"><span lang=\"zxx\"><a style=\"color: #005562;\" href=\"\/kvkk\/b2_calisan-aydinlatma-metni.pdf\">indir<\/a><\/span><\/p><\/td><td style=\"border: none;\" width=\"101\"><p class=\"western\" align=\"left\"><a style=\"color: #005562;\" href=\"\/kvkk\/kromo\/b2_calisan-aydinlatma-metni.pdf\">indir<\/a><\/p><\/td><\/tr><\/tbody><\/table>\t\t\t\t\t\t\t\t<\/div>\n\t\t\t\t<\/div>\n\t\t\t\t\t<\/div>\n\t\t<\/div>\n\t\t\t\t\t<\/div>\n\t\t<\/section>\n\t\t\t\t<\/div>\n\t\t","protected":false},"excerpt":{"rendered":"<p>\u00a0 KVKK ile ilgili olarak firmam\u0131z\u0131n ilgili dok\u00fcmanlar\u0131na a\u015fa\u011f\u0131daki linklerden ula\u015fabilirsiniz. \u00a0 \u00a0 Makrochemical\u00a0A.S. Kromo Kimya\u00a0A.S. Ki\u015fisel Verilerin Korunmas\u0131 ve i\u015flenmesi, Ki\u015fisel Veri Saklama ve imha Politikas\u0131 Politikas\u0131 indir indir \u00c7al\u0131\u015fanlar\u0131 ve \u00c7al\u0131\u015fan Adaylar\u0131 Ki\u015fisel Verilerin Korunmas\u0131 Ve i\u015flenmesi Politikas\u0131 indir indir Genel Ayd\u0131nlatma Metni indir indir Ziyaret\u00e7i Ayd\u0131nlatma Metni indir indir \u0130nternet Sitesi Gizlilik [&hellip;]<\/p>\n","protected":false},"author":1,"featured_media":0,"parent":0,"menu_order":0,"comment_status":"closed","ping_status":"closed","template":"elementor_header_footer","meta":{"footnotes":""},"class_list":["post-134","page","type-page","status-publish","hentry"],"_links":{"self":[{"href":"https:\/\/www.makrochemical.com\/tr\/wp-json\/wp\/v2\/pages\/134","targetHints":{"allow":["GET"]}}],"collection":[{"href":"https:\/\/www.makrochemical.com\/tr\/wp-json\/wp\/v2\/pages"}],"about":[{"href":"https:\/\/www.makrochemical.com\/tr\/wp-json\/wp\/v2\/types\/page"}],"author":[{"embeddable":true,"href":"https:\/\/www.makrochemical.com\/tr\/wp-json\/wp\/v2\/users\/1"}],"replies":[{"embeddable":true,"href":"https:\/\/www.makrochemical.com\/tr\/wp-json\/wp\/v2\/comments?post=134"}],"version-history":[{"count":28,"href":"https:\/\/www.makrochemical.com\/tr\/wp-json\/wp\/v2\/pages\/134\/revisions"}],"predecessor-version":[{"id":571,"href":"https:\/\/www.makrochemical.com\/tr\/wp-json\/wp\/v2\/pages\/134\/revisions\/571"}],"wp:attachment":[{"href":"https:\/\/www.makrochemical.com\/tr\/wp-json\/wp\/v2\/media?parent=134"}],"curies":[{"name":"wp","href":"https:\/\/api.w.org\/{rel}","templated":true}]}}