{"id":1087,"date":"2026-03-13T17:12:25","date_gmt":"2026-03-13T14:12:25","guid":{"rendered":"https:\/\/www.makrochemical.com\/?page_id=1087"},"modified":"2026-03-23T13:21:22","modified_gmt":"2026-03-23T10:21:22","slug":"blog","status":"publish","type":"page","link":"https:\/\/www.makrochemical.com\/tr\/hakkimizda\/blog\/","title":{"rendered":"BLOG"},"content":{"rendered":"\t\t<div data-elementor-type=\"wp-page\" data-elementor-id=\"1087\" class=\"elementor elementor-1087\">\n\t\t\t\t\t\t<section class=\"elementor-section elementor-top-section elementor-element elementor-element-a066af8 elementor-section-boxed elementor-section-height-default elementor-section-height-default\" data-id=\"a066af8\" data-element_type=\"section\" data-e-type=\"section\" data-settings=\"{&quot;background_background&quot;:&quot;classic&quot;}\">\n\t\t\t\t\t\t<div class=\"elementor-container elementor-column-gap-default\">\n\t\t\t\t\t<div class=\"elementor-column elementor-col-100 elementor-top-column elementor-element elementor-element-84ea035\" data-id=\"84ea035\" data-element_type=\"column\" data-e-type=\"column\">\n\t\t\t<div class=\"elementor-widget-wrap elementor-element-populated\">\n\t\t\t\t\t\t<div class=\"elementor-element elementor-element-afab519 elementor-widget elementor-widget-heading\" data-id=\"afab519\" data-element_type=\"widget\" data-e-type=\"widget\" data-widget_type=\"heading.default\">\n\t\t\t\t<div class=\"elementor-widget-container\">\n\t\t\t\t\t<h1 class=\"elementor-heading-title elementor-size-default\">BLOG<\/h1>\t\t\t\t<\/div>\n\t\t\t\t<\/div>\n\t\t\t\t\t<\/div>\n\t\t<\/div>\n\t\t\t\t\t<\/div>\n\t\t<\/section>\n\t\t\t\t<section class=\"elementor-section elementor-top-section elementor-element elementor-element-2337a00 elementor-section-boxed elementor-section-height-default elementor-section-height-default\" data-id=\"2337a00\" data-element_type=\"section\" data-e-type=\"section\">\n\t\t\t\t\t\t<div class=\"elementor-container elementor-column-gap-default\">\n\t\t\t\t\t<div class=\"elementor-column elementor-col-100 elementor-top-column elementor-element elementor-element-8613c28\" data-id=\"8613c28\" data-element_type=\"column\" data-e-type=\"column\">\n\t\t\t<div class=\"elementor-widget-wrap elementor-element-populated\">\n\t\t\t\t\t\t<div class=\"elementor-element elementor-element-23ffae7 elementor-widget elementor-widget-heading\" data-id=\"23ffae7\" data-element_type=\"widget\" data-e-type=\"widget\" data-widget_type=\"heading.default\">\n\t\t\t\t<div class=\"elementor-widget-container\">\n\t\t\t\t\t<h2 class=\"elementor-heading-title elementor-size-default\">Blog Yaz\u0131lar\u0131m\u0131z<\/h2>\t\t\t\t<\/div>\n\t\t\t\t<\/div>\n\t\t\t\t<div class=\"elementor-element elementor-element-e88b72e elementor-widget-divider--view-line elementor-widget elementor-widget-divider\" data-id=\"e88b72e\" data-element_type=\"widget\" data-e-type=\"widget\" data-widget_type=\"divider.default\">\n\t\t\t\t<div class=\"elementor-widget-container\">\n\t\t\t\t\t\t\t<div class=\"elementor-divider\">\n\t\t\t<span class=\"elementor-divider-separator\">\n\t\t\t\t\t\t<\/span>\n\t\t<\/div>\n\t\t\t\t\t\t<\/div>\n\t\t\t\t<\/div>\n\t\t\t\t<div class=\"elementor-element elementor-element-f88233d elementor-grid-3 elementor-grid-tablet-2 elementor-grid-mobile-1 elementor-posts--thumbnail-top elementor-card-shadow-yes elementor-posts__hover-gradient elementor-widget elementor-widget-posts\" data-id=\"f88233d\" data-element_type=\"widget\" data-e-type=\"widget\" data-settings=\"{&quot;cards_masonry&quot;:&quot;yes&quot;,&quot;cards_columns&quot;:&quot;3&quot;,&quot;cards_columns_tablet&quot;:&quot;2&quot;,&quot;cards_columns_mobile&quot;:&quot;1&quot;,&quot;cards_row_gap&quot;:{&quot;unit&quot;:&quot;px&quot;,&quot;size&quot;:35,&quot;sizes&quot;:[]},&quot;cards_row_gap_tablet&quot;:{&quot;unit&quot;:&quot;px&quot;,&quot;size&quot;:&quot;&quot;,&quot;sizes&quot;:[]},&quot;cards_row_gap_mobile&quot;:{&quot;unit&quot;:&quot;px&quot;,&quot;size&quot;:&quot;&quot;,&quot;sizes&quot;:[]}}\" data-widget_type=\"posts.cards\">\n\t\t\t\t<div class=\"elementor-widget-container\">\n\t\t\t\t\t\t\t<div class=\"elementor-posts-container elementor-posts elementor-posts--skin-cards elementor-grid\">\n\t\t\t\t<article class=\"elementor-post elementor-grid-item post-1228 post type-post status-publish format-standard has-post-thumbnail hentry category-blog-2 tag-ambalaj-kimyasallari tag-ambalaj-tutkali tag-esnek-ambalaj-sektoru tag-laminasyon-tutkallari tag-makro-chemical\">\n\t\t\t<div class=\"elementor-post__card\">\n\t\t\t\t<a class=\"elementor-post__thumbnail__link\" href=\"https:\/\/www.makrochemical.com\/tr\/gelecegin-ambalaj-teknolojilerini-uretiyoruz\/\" ><div class=\"elementor-post__thumbnail\"><img fetchpriority=\"high\" decoding=\"async\" width=\"300\" height=\"300\" src=\"https:\/\/www.makrochemical.com\/wp-content\/uploads\/2026\/03\/Makro-Chemical-Blog-Yazilari-1.png\" class=\"attachment-medium size-medium wp-image-1229\" alt=\"\" srcset=\"https:\/\/www.makrochemical.com\/wp-content\/uploads\/2026\/03\/Makro-Chemical-Blog-Yazilari-1.png 300w, https:\/\/www.makrochemical.com\/wp-content\/uploads\/2026\/03\/Makro-Chemical-Blog-Yazilari-1-150x150.png 150w, https:\/\/www.makrochemical.com\/wp-content\/uploads\/2026\/03\/Makro-Chemical-Blog-Yazilari-1-12x12.png 12w\" sizes=\"(max-width: 300px) 100vw, 300px\" \/><\/div><\/a>\n\t\t\t\t<div class=\"elementor-post__badge\">Blog<\/div>\n\t\t\t\t<div class=\"elementor-post__text\">\n\t\t\t\t<h3 class=\"elementor-post__title\">\n\t\t\t<a href=\"https:\/\/www.makrochemical.com\/tr\/gelecegin-ambalaj-teknolojilerini-uretiyoruz\/\" >\n\t\t\t\tGelece\u011fin Ambalaj Teknolojilerini \u00dcretiyoruz\t\t\t<\/a>\n\t\t<\/h3>\n\t\t\t\t<div class=\"elementor-post__excerpt\">\n\t\t\t<p>Ambalaj end\u00fcstrisi, son y\u0131llarda hem performans hem de \u00e7evre dostu \u00e7\u00f6z\u00fcmler a\u00e7\u0131s\u0131ndan b\u00fcy\u00fck bir de\u011fi\u015fim s\u00fcrecinden ge\u00e7iyor. Bu d\u00f6n\u00fc\u015f\u00fcm\u00fcn merkezinde ise her katman\u0131 birbirine g\u00fcvenle ba\u011flayan do\u011fru ambalaj tutkal\u0131 se\u00e7imi yer al\u0131yor. Makro Chemical olarak ba\u015far\u0131m\u0131z\u0131n temelinde; s\u00fcrekli geli\u015fim, teknik m\u00fckemmeliyet tutkusu ve gelece\u011fi bug\u00fcnden \u015fekillendirme vizyonu yat\u0131yor. \u0130zmir\u2019deki tam<\/p>\n\t\t<\/div>\n\t\t\t\t<\/div>\n\t\t\t\t\t<\/div>\n\t\t<\/article>\n\t\t\t\t<article class=\"elementor-post elementor-grid-item post-1217 post type-post status-publish format-standard has-post-thumbnail hentry category-blog-2 tag-ambalaj-kimyasallari tag-esnek-ambalaj-sektoru tag-laminasyon-tutkallari tag-makro-chemical tag-solventli-tutkal-ureticisi tag-solventsiz-laminasyon-teknolojileri\">\n\t\t\t<div class=\"elementor-post__card\">\n\t\t\t\t<a class=\"elementor-post__thumbnail__link\" href=\"https:\/\/www.makrochemical.com\/tr\/esnek-ambalaj-sektorunde-basarinin-formulu-makro-chemicalin-temel-degerleri\/\" ><div class=\"elementor-post__thumbnail\"><img decoding=\"async\" width=\"300\" height=\"300\" src=\"https:\/\/www.makrochemical.com\/wp-content\/uploads\/2026\/03\/Makro-Chemical-Blog-Yazilari.png\" class=\"attachment-medium size-medium wp-image-1218\" alt=\"\" srcset=\"https:\/\/www.makrochemical.com\/wp-content\/uploads\/2026\/03\/Makro-Chemical-Blog-Yazilari.png 300w, https:\/\/www.makrochemical.com\/wp-content\/uploads\/2026\/03\/Makro-Chemical-Blog-Yazilari-150x150.png 150w, https:\/\/www.makrochemical.com\/wp-content\/uploads\/2026\/03\/Makro-Chemical-Blog-Yazilari-12x12.png 12w\" sizes=\"(max-width: 300px) 100vw, 300px\" \/><\/div><\/a>\n\t\t\t\t<div class=\"elementor-post__badge\">Blog<\/div>\n\t\t\t\t<div class=\"elementor-post__text\">\n\t\t\t\t<h3 class=\"elementor-post__title\">\n\t\t\t<a href=\"https:\/\/www.makrochemical.com\/tr\/esnek-ambalaj-sektorunde-basarinin-formulu-makro-chemicalin-temel-degerleri\/\" >\n\t\t\t\tEsnek Ambalaj Sekt\u00f6r\u00fcnde Ba\u015far\u0131n\u0131n Form\u00fcl\u00fc: Makro Chemical\u2019\u0131n Temel De\u011ferleri\t\t\t<\/a>\n\t\t<\/h3>\n\t\t\t\t<div class=\"elementor-post__excerpt\">\n\t\t\t<p>Esnek ambalaj sekt\u00f6r\u00fc, h\u0131zl\u0131 t\u00fcketim \u00fcr\u00fcnlerinden medikal malzemelere kadar geni\u015f bir yelpazede \u00fcr\u00fcn g\u00fcvenli\u011fini ve raf \u00f6mr\u00fcn\u00fc belirleyen en kritik end\u00fcstrilerden biridir. Bu dinamik pazarda s\u00fcrd\u00fcr\u00fclebilir ba\u015far\u0131, sadece \u00fcretim kapasitesiyle de\u011fil, markay\u0131 ayakta tutan sars\u0131lmaz de\u011ferlerle m\u00fcmk\u00fcnd\u00fcr. 1996 y\u0131l\u0131ndan bu yana \u0130zmir\u2019den d\u00fcnyaya yay\u0131lan Makro Chemical olarak, bizi biz yapan<\/p>\n\t\t<\/div>\n\t\t\t\t<\/div>\n\t\t\t\t\t<\/div>\n\t\t<\/article>\n\t\t\t\t<article class=\"elementor-post elementor-grid-item post-1141 post type-post status-publish format-standard has-post-thumbnail hentry category-blog-2\">\n\t\t\t<div class=\"elementor-post__card\">\n\t\t\t\t<a class=\"elementor-post__thumbnail__link\" href=\"https:\/\/www.makrochemical.com\/tr\/ambalaj-endustrisinde-30-yillik-muhendislik-makro-chemical-ve-performansin-kimyasi\/\" ><div class=\"elementor-post__thumbnail\"><img decoding=\"async\" width=\"300\" height=\"300\" src=\"https:\/\/www.makrochemical.com\/wp-content\/uploads\/2026\/03\/Ambalaj-Endustrisinde-30-Yillik-Muhendislik-Makro-Chemical-ve-Performansin-Kimyasi-300-x-300-piksel.png\" class=\"attachment-medium size-medium wp-image-1142\" alt=\"\" srcset=\"https:\/\/www.makrochemical.com\/wp-content\/uploads\/2026\/03\/Ambalaj-Endustrisinde-30-Yillik-Muhendislik-Makro-Chemical-ve-Performansin-Kimyasi-300-x-300-piksel.png 300w, https:\/\/www.makrochemical.com\/wp-content\/uploads\/2026\/03\/Ambalaj-Endustrisinde-30-Yillik-Muhendislik-Makro-Chemical-ve-Performansin-Kimyasi-300-x-300-piksel-150x150.png 150w, https:\/\/www.makrochemical.com\/wp-content\/uploads\/2026\/03\/Ambalaj-Endustrisinde-30-Yillik-Muhendislik-Makro-Chemical-ve-Performansin-Kimyasi-300-x-300-piksel-12x12.png 12w\" sizes=\"(max-width: 300px) 100vw, 300px\" \/><\/div><\/a>\n\t\t\t\t<div class=\"elementor-post__badge\">Blog<\/div>\n\t\t\t\t<div class=\"elementor-post__text\">\n\t\t\t\t<h3 class=\"elementor-post__title\">\n\t\t\t<a href=\"https:\/\/www.makrochemical.com\/tr\/ambalaj-endustrisinde-30-yillik-muhendislik-makro-chemical-ve-performansin-kimyasi\/\" >\n\t\t\t\tAmbalaj End\u00fcstrisinde 30 Y\u0131ll\u0131k M\u00fchendislik: Makro Chemical ve Performans\u0131n Kimyas\u0131\t\t\t<\/a>\n\t\t<\/h3>\n\t\t\t\t<div class=\"elementor-post__excerpt\">\n\t\t\t<p>Esnek ambalaj sekt\u00f6r\u00fc, her ge\u00e7en g\u00fcn artan performans ve s\u00fcrd\u00fcr\u00fclebilirlik beklentileriyle b\u00fcy\u00fck bir d\u00f6n\u00fc\u015f\u00fcm ya\u015f\u0131yor. Bu dinamik sekt\u00f6rde, bir ambalaj\u0131n ba\u015far\u0131s\u0131 sadece d\u0131\u015f tasar\u0131m\u0131yla de\u011fil, katmanlar\u0131n\u0131 bir arada tutan &#8220;g\u00f6r\u00fcnmez g\u00fcc\u00fcyle&#8221; \u00f6l\u00e7\u00fcl\u00fcyor. Makro Chemical olarak, 1996 y\u0131l\u0131ndan bu yana bu g\u00f6r\u00fcnmez g\u00fcc\u00fc teknoloji ve g\u00fcvenle \u015fekillendiriyoruz. Esnek Ambalaj Tutkal\u0131 Sekt\u00f6r\u00fcnde<\/p>\n\t\t<\/div>\n\t\t\t\t<\/div>\n\t\t\t\t\t<\/div>\n\t\t<\/article>\n\t\t\t\t<\/div>\n\t\t\n\t\t\t\t\t\t<\/div>\n\t\t\t\t<\/div>\n\t\t\t\t\t<\/div>\n\t\t<\/div>\n\t\t\t\t\t<\/div>\n\t\t<\/section>\n\t\t\t\t<\/div>\n\t\t","protected":false},"excerpt":{"rendered":"<p>BLOG Blog Yaz\u0131lar\u0131m\u0131z<\/p>\n","protected":false},"author":2,"featured_media":0,"parent":82,"menu_order":0,"comment_status":"closed","ping_status":"closed","template":"elementor_header_footer","meta":{"footnotes":""},"class_list":["post-1087","page","type-page","status-publish","hentry"],"_links":{"self":[{"href":"https:\/\/www.makrochemical.com\/tr\/wp-json\/wp\/v2\/pages\/1087","targetHints":{"allow":["GET"]}}],"collection":[{"href":"https:\/\/www.makrochemical.com\/tr\/wp-json\/wp\/v2\/pages"}],"about":[{"href":"https:\/\/www.makrochemical.com\/tr\/wp-json\/wp\/v2\/types\/page"}],"author":[{"embeddable":true,"href":"https:\/\/www.makrochemical.com\/tr\/wp-json\/wp\/v2\/users\/2"}],"replies":[{"embeddable":true,"href":"https:\/\/www.makrochemical.com\/tr\/wp-json\/wp\/v2\/comments?post=1087"}],"version-history":[{"count":32,"href":"https:\/\/www.makrochemical.com\/tr\/wp-json\/wp\/v2\/pages\/1087\/revisions"}],"predecessor-version":[{"id":1237,"href":"https:\/\/www.makrochemical.com\/tr\/wp-json\/wp\/v2\/pages\/1087\/revisions\/1237"}],"up":[{"embeddable":true,"href":"https:\/\/www.makrochemical.com\/tr\/wp-json\/wp\/v2\/pages\/82"}],"wp:attachment":[{"href":"https:\/\/www.makrochemical.com\/tr\/wp-json\/wp\/v2\/media?parent=1087"}],"curies":[{"name":"wp","href":"https:\/\/api.w.org\/{rel}","templated":true}]}}