{"id":82,"date":"2023-03-05T21:19:52","date_gmt":"2023-03-05T18:19:52","guid":{"rendered":"https:\/\/www.exciting-lovelace.194-5-236-185.plesk.page\/?page_id=82"},"modified":"2026-03-12T08:49:12","modified_gmt":"2026-03-12T05:49:12","slug":"hakkimizda","status":"publish","type":"page","link":"https:\/\/www.makrochemical.com\/en\/hakkimizda\/","title":{"rendered":"About Us"},"content":{"rendered":"<div data-elementor-type=\"wp-page\" data-elementor-id=\"82\" class=\"elementor elementor-82\">\n\t\t\t\t\t\t<section class=\"elementor-section elementor-top-section elementor-element elementor-element-38da87f elementor-section-boxed elementor-section-height-default elementor-section-height-default\" data-id=\"38da87f\" data-element_type=\"section\" data-e-type=\"section\" data-settings=\"{&quot;background_background&quot;:&quot;classic&quot;}\">\n\t\t\t\t\t\t<div class=\"elementor-container elementor-column-gap-default\">\n\t\t\t\t\t<div class=\"elementor-column elementor-col-100 elementor-top-column elementor-element elementor-element-bb1a874\" data-id=\"bb1a874\" data-element_type=\"column\" data-e-type=\"column\">\n\t\t\t<div class=\"elementor-widget-wrap elementor-element-populated\">\n\t\t\t\t\t\t<div class=\"elementor-element elementor-element-fa36a4f elementor-widget elementor-widget-heading\" data-id=\"fa36a4f\" data-element_type=\"widget\" data-e-type=\"widget\" data-widget_type=\"heading.default\">\n\t\t\t\t<div class=\"elementor-widget-container\">\n\t\t\t\t\t<h1 class=\"elementor-heading-title elementor-size-default\">About Us<\/h1>\t\t\t\t<\/div>\n\t\t\t\t<\/div>\n\t\t\t\t\t<\/div>\n\t\t<\/div>\n\t\t\t\t\t<\/div>\n\t\t<\/section>\n\t\t\t\t<section class=\"elementor-section elementor-top-section elementor-element elementor-element-401a64f elementor-section-boxed elementor-section-height-default elementor-section-height-default\" data-id=\"401a64f\" data-element_type=\"section\" data-e-type=\"section\">\n\t\t\t\t\t\t<div class=\"elementor-container elementor-column-gap-default\">\n\t\t\t\t\t<div class=\"elementor-column elementor-col-100 elementor-top-column elementor-element elementor-element-b841347\" data-id=\"b841347\" data-element_type=\"column\" data-e-type=\"column\">\n\t\t\t<div class=\"elementor-widget-wrap elementor-element-populated\">\n\t\t\t\t\t\t<div class=\"elementor-element elementor-element-cc9e6f7 elementor-widget elementor-widget-text-editor\" data-id=\"cc9e6f7\" data-element_type=\"widget\" data-e-type=\"widget\" data-widget_type=\"text-editor.default\">\n\t\t\t\t<div class=\"elementor-widget-container\">\n\t\t\t\t\t\t\t\t\t<p class=\"MsoNormal\"><b>A Trusted Performance Partner for the Packaging Industry<\/b><\/p><p class=\"MsoNormal translation-block\">Founded in 1996 in the Izmir Atat\u00fcrk Organized Industrial Zone, Makro Chemical set out to meet the high-performance and sustainability needs of the flexible packaging industry. We combine the pride of being T\u00fcrkiye\u2019s first flexible packaging adhesive manufacturer with more than 30 years of deep technical expertise and industry experience.<\/p><p class=\"MsoNormal\"><b>Operational Strength and R&amp;D<\/b><\/p><p class=\"MsoNormal\">Today, we provide an integrated service network with our headquarters located in the Izmir Atat\u00fcrk Organized Industrial Zone and our modern manufacturing facility in the Izmir Free Zone. By bringing our R&amp;D, laboratory, production, and logistics units together under one roof, we develop solutions that push the boundaries of lamination adhesive technologies.<\/p><p>\u00a0<\/p><p class=\"MsoNormal\">Our R&amp;D strength is not merely a department it lies at the very center of our business model. While offering tailor-made solutions for the specific needs of our customers, we combine national and international technical standards with a strong commitment to food safety and environmental responsibility.<\/p>\t\t\t\t\t\t\t\t<\/div>\n\t\t\t\t<\/div>\n\t\t\t\t\t<\/div>\n\t\t<\/div>\n\t\t\t\t\t<\/div>\n\t\t<\/section>\n\t\t\t\t<section class=\"elementor-section elementor-top-section elementor-element elementor-element-fdacfec elementor-section-boxed elementor-section-height-default elementor-section-height-default\" data-id=\"fdacfec\" data-element_type=\"section\" data-e-type=\"section\">\n\t\t\t\t\t\t<div class=\"elementor-container elementor-column-gap-default\">\n\t\t\t\t\t<div class=\"elementor-column elementor-col-100 elementor-top-column elementor-element elementor-element-c1e0042\" data-id=\"c1e0042\" data-element_type=\"column\" data-e-type=\"column\">\n\t\t\t<div class=\"elementor-widget-wrap elementor-element-populated\">\n\t\t\t\t\t\t<div class=\"elementor-element elementor-element-07da219 elementor-widget elementor-widget-heading\" data-id=\"07da219\" data-element_type=\"widget\" data-e-type=\"widget\" data-widget_type=\"heading.default\">\n\t\t\t\t<div class=\"elementor-widget-container\">\n\t\t\t\t\t<h2 class=\"elementor-heading-title elementor-size-default\">\n<\/h2>\t\t\t\t<\/div>\n\t\t\t\t<\/div>\n\t\t\t\t<section class=\"elementor-section elementor-inner-section elementor-element elementor-element-e7a527a elementor-section-boxed elementor-section-height-default elementor-section-height-default\" data-id=\"e7a527a\" data-element_type=\"section\" data-e-type=\"section\">\n\t\t\t\t\t\t<div class=\"elementor-container elementor-column-gap-default\">\n\t\t\t\t\t<div class=\"elementor-column elementor-col-100 elementor-inner-column elementor-element elementor-element-980327c\" data-id=\"980327c\" data-element_type=\"column\" data-e-type=\"column\">\n\t\t\t<div class=\"elementor-widget-wrap elementor-element-populated\">\n\t\t\t\t\t\t<div class=\"elementor-element elementor-element-f7f8c1e elementor-widget__width-inherit elementor-widget elementor-widget-toggle\" data-id=\"f7f8c1e\" data-element_type=\"widget\" data-e-type=\"widget\" data-widget_type=\"toggle.default\">\n\t\t\t\t<div class=\"elementor-widget-container\">\n\t\t\t\t\t\t\t<div class=\"elementor-toggle\">\n\t\t\t\t\t\t\t<div class=\"elementor-toggle-item\">\n\t\t\t\t\t<div id=\"elementor-tab-title-2601\" class=\"elementor-tab-title\" data-tab=\"1\" role=\"button\" aria-controls=\"elementor-tab-content-2601\" aria-expanded=\"false\">\n\t\t\t\t\t\t\t\t\t\t\t\t<span class=\"elementor-toggle-icon elementor-toggle-icon-left\" aria-hidden=\"true\">\n\t\t\t\t\t\t\t\t\t\t\t\t\t\t\t<span class=\"elementor-toggle-icon-closed\"><i class=\"fas fa-caret-right\"><\/i><\/span>\n\t\t\t\t\t\t\t\t<span class=\"elementor-toggle-icon-opened\"><i class=\"elementor-toggle-icon-opened fas fa-caret-up\"><\/i><\/span>\n\t\t\t\t\t\t\t\t\t\t\t\t\t<\/span>\n\t\t\t\t\t\t\t\t\t\t\t\t<a class=\"elementor-toggle-title\" tabindex=\"0\"> OUR VISION AND MISSION<\/a>\n\t\t\t\t\t<\/div>\n\n\t\t\t\t\t<div id=\"elementor-tab-content-2601\" class=\"elementor-tab-content elementor-clearfix\" data-tab=\"1\" role=\"region\" aria-labelledby=\"elementor-tab-title-2601\"><p class=\"MsoNormal\"><b>OUR MISSION IS TO <\/b><\/p><p class=\"MsoNormal\">\u201cTo provide high-quality solutions to the performance and sustainability needs of the flexible packaging industry through our deep technical expertise and R&amp;D-driven approach; and to become a strategic solution partner that strengthens our customers\u2019 competitiveness with our reliable production capability.\u201d<\/p><p class=\"MsoNormal\">\u00a0<\/p><p class=\"MsoNormal\"><b>OUR VISION IS TO <\/b><\/p><p class=\"MsoNormal\">\u201cTo become the strongest innovation hub in lamination adhesive technologies extending from T\u00fcrkiye to the world; and to achieve the position of the preferred brand that sets standards in the global packaging market with the sustainable and high-performance products we develop.\u201d<\/p><\/div>\n\t\t\t\t<\/div>\n\t\t\t\t\t\t\t\t<\/div>\n\t\t\t\t\t\t<\/div>\n\t\t\t\t<\/div>\n\t\t\t\t\t<\/div>\n\t\t<\/div>\n\t\t\t\t\t<\/div>\n\t\t<\/section>\n\t\t\t\t\t<\/div>\n\t\t<\/div>\n\t\t\t\t\t<\/div>\n\t\t<\/section>\n\t\t\t\t<section class=\"elementor-section elementor-top-section elementor-element elementor-element-1cb825a elementor-section-boxed elementor-section-height-default elementor-section-height-default\" data-id=\"1cb825a\" data-element_type=\"section\" data-e-type=\"section\">\n\t\t\t\t\t\t<div class=\"elementor-container elementor-column-gap-no\">\n\t\t\t\t\t<div class=\"elementor-column elementor-col-50 elementor-top-column elementor-element elementor-element-2dc31ac\" data-id=\"2dc31ac\" data-element_type=\"column\" data-e-type=\"column\">\n\t\t\t<div class=\"elementor-widget-wrap elementor-element-populated\">\n\t\t\t\t\t\t<div class=\"elementor-element elementor-element-6857fab elementor-align-justify elementor-widget elementor-widget-button\" data-id=\"6857fab\" data-element_type=\"widget\" data-e-type=\"widget\" data-widget_type=\"button.default\">\n\t\t\t\t<div class=\"elementor-widget-container\">\n\t\t\t\t\t\t\t\t\t<div class=\"elementor-button-wrapper\">\n\t\t\t\t\t<a class=\"elementor-button elementor-button-link elementor-size-sm\" href=\"\/en\/bizden-haberler\/\">\n\t\t\t\t\t\t<span class=\"elementor-button-content-wrapper\">\n\t\t\t\t\t\t\t\t\t<span class=\"elementor-button-text\">NEWS<\/span>\n\t\t\t\t\t<\/span>\n\t\t\t\t\t<\/a>\n\t\t\t\t<\/div>\n\t\t\t\t\t\t\t\t<\/div>\n\t\t\t\t<\/div>\n\t\t\t\t\t<\/div>\n\t\t<\/div>\n\t\t\t\t<div class=\"elementor-column elementor-col-50 elementor-top-column elementor-element elementor-element-d755741\" data-id=\"d755741\" data-element_type=\"column\" data-e-type=\"column\">\n\t\t\t<div class=\"elementor-widget-wrap elementor-element-populated\">\n\t\t\t\t\t\t<div class=\"elementor-element elementor-element-26f40ed elementor-align-justify elementor-widget elementor-widget-button\" data-id=\"26f40ed\" data-element_type=\"widget\" data-e-type=\"widget\" data-widget_type=\"button.default\">\n\t\t\t\t<div class=\"elementor-widget-container\">\n\t\t\t\t\t\t\t\t\t<div class=\"elementor-button-wrapper\">\n\t\t\t\t\t<a class=\"elementor-button elementor-button-link elementor-size-sm\" href=\"\/en\/iletisim\/\">\n\t\t\t\t\t\t<span class=\"elementor-button-content-wrapper\">\n\t\t\t\t\t\t\t\t\t<span class=\"elementor-button-text\">CONTACT US<\/span>\n\t\t\t\t\t<\/span>\n\t\t\t\t\t<\/a>\n\t\t\t\t<\/div>\n\t\t\t\t\t\t\t\t<\/div>\n\t\t\t\t<\/div>\n\t\t\t\t\t<\/div>\n\t\t<\/div>\n\t\t\t\t\t<\/div>\n\t\t<\/section>\n\t\t\t\t<\/div>","protected":false},"excerpt":{"rendered":"<p>Ambalaj End\u00fcstrisinin G\u00fcvenilir Performans Orta\u011f\u0131 1996 y\u0131l\u0131nda \u0130zmir Atat\u00fcrk Organize Sanayi B\u00f6lgesi\u2019nde temelleri at\u0131lan Makro Chemical, esnek ambalaj end\u00fcstrisinin y\u00fcksek performans ve s\u00fcrd\u00fcr\u00fclebilirlik ihtiya\u00e7lar\u0131na yan\u0131t vermek amac\u0131yla yola \u00e7\u0131km\u0131\u015ft\u0131r. T\u00fcrkiye\u2019nin ilk esnek ambalaj tutkal\u0131 \u00fcreticisi olma gururunu, 30 y\u0131l\u0131 a\u015fk\u0131n derin bir teknik uzmanl\u0131k ve sekt\u00f6rel tecr\u00fcbe ile birle\u015ftiriyoruz. Operasyonel G\u00fc\u00e7 ve Ar-Ge Bug\u00fcn, \u0130zmir [&hellip;]<\/p>\n","protected":false},"author":1,"featured_media":0,"parent":0,"menu_order":0,"comment_status":"closed","ping_status":"closed","template":"elementor_header_footer","meta":{"footnotes":""},"class_list":["post-82","page","type-page","status-publish","hentry"],"_links":{"self":[{"href":"https:\/\/www.makrochemical.com\/en\/wp-json\/wp\/v2\/pages\/82","targetHints":{"allow":["GET"]}}],"collection":[{"href":"https:\/\/www.makrochemical.com\/en\/wp-json\/wp\/v2\/pages"}],"about":[{"href":"https:\/\/www.makrochemical.com\/en\/wp-json\/wp\/v2\/types\/page"}],"author":[{"embeddable":true,"href":"https:\/\/www.makrochemical.com\/en\/wp-json\/wp\/v2\/users\/1"}],"replies":[{"embeddable":true,"href":"https:\/\/www.makrochemical.com\/en\/wp-json\/wp\/v2\/comments?post=82"}],"version-history":[{"count":46,"href":"https:\/\/www.makrochemical.com\/en\/wp-json\/wp\/v2\/pages\/82\/revisions"}],"predecessor-version":[{"id":999,"href":"https:\/\/www.makrochemical.com\/en\/wp-json\/wp\/v2\/pages\/82\/revisions\/999"}],"wp:attachment":[{"href":"https:\/\/www.makrochemical.com\/en\/wp-json\/wp\/v2\/media?parent=82"}],"curies":[{"name":"wp","href":"https:\/\/api.w.org\/{rel}","templated":true}]}}