{"id":337,"date":"2023-03-07T15:46:51","date_gmt":"2023-03-07T12:46:51","guid":{"rendered":"https:\/\/www.exciting-lovelace.194-5-236-185.plesk.page\/?page_id=337"},"modified":"2026-03-12T10:03:01","modified_gmt":"2026-03-12T07:03:01","slug":"insan-kaynaklari","status":"publish","type":"page","link":"https:\/\/www.makrochemical.com\/en\/insan-kaynaklari\/","title":{"rendered":"HR Department"},"content":{"rendered":"\t\t<div data-elementor-type=\"wp-page\" data-elementor-id=\"337\" class=\"elementor elementor-337\">\n\t\t\t\t\t\t<section class=\"elementor-section elementor-top-section elementor-element elementor-element-1944db5 elementor-section-boxed elementor-section-height-default elementor-section-height-default\" data-id=\"1944db5\" data-element_type=\"section\" data-e-type=\"section\" data-settings=\"{&quot;background_background&quot;:&quot;classic&quot;}\">\n\t\t\t\t\t\t<div class=\"elementor-container elementor-column-gap-default\">\n\t\t\t\t\t<div class=\"elementor-column elementor-col-100 elementor-top-column elementor-element elementor-element-9aa5699\" data-id=\"9aa5699\" data-element_type=\"column\" data-e-type=\"column\">\n\t\t\t<div class=\"elementor-widget-wrap elementor-element-populated\">\n\t\t\t\t\t\t<div class=\"elementor-element elementor-element-65c813c elementor-widget elementor-widget-heading\" data-id=\"65c813c\" data-element_type=\"widget\" data-e-type=\"widget\" data-widget_type=\"heading.default\">\n\t\t\t\t<div class=\"elementor-widget-container\">\n\t\t\t\t\t<h1 class=\"elementor-heading-title elementor-size-default\">\u0130nsan Kaynaklar\u0131<\/h1>\t\t\t\t<\/div>\n\t\t\t\t<\/div>\n\t\t\t\t\t<\/div>\n\t\t<\/div>\n\t\t\t\t\t<\/div>\n\t\t<\/section>\n\t\t\t\t<section class=\"elementor-section elementor-top-section elementor-element elementor-element-59c4af6 elementor-section-boxed elementor-section-height-default elementor-section-height-default\" data-id=\"59c4af6\" data-element_type=\"section\" data-e-type=\"section\">\n\t\t\t\t\t\t<div class=\"elementor-container elementor-column-gap-default\">\n\t\t\t\t\t<div class=\"elementor-column elementor-col-100 elementor-top-column elementor-element elementor-element-0f01454\" data-id=\"0f01454\" data-element_type=\"column\" data-e-type=\"column\">\n\t\t\t<div class=\"elementor-widget-wrap elementor-element-populated\">\n\t\t\t\t\t\t<div class=\"elementor-element elementor-element-a45f0cb elementor-widget elementor-widget-text-editor\" data-id=\"a45f0cb\" data-element_type=\"widget\" data-e-type=\"widget\" data-widget_type=\"text-editor.default\">\n\t\t\t\t<div class=\"elementor-widget-container\">\n\t\t\t\t\t\t\t\t\t<p><strong>Makro Chemical Ailesine Kat\u0131l\u0131n<\/strong><\/p><p>Bizim i\u00e7in kalite sadece \u00fcr\u00fcnlerimizde de\u011fil, \u00e7al\u0131\u015fma ortam\u0131m\u0131zda da esast\u0131r. \u0130zmir\u2019den d\u00fcnyaya uzanan \u00fcretim g\u00fcc\u00fcm\u00fcz\u00fc, \u00e7al\u0131\u015fanlar\u0131m\u0131z\u0131n geli\u015fimi ve mutlulu\u011fu ile destekliyoruz. Teknik uzmanl\u0131\u011f\u0131n payla\u015f\u0131ld\u0131\u011f\u0131, s\u00fcrekli \u00f6\u011frenmenin te\u015fvik edildi\u011fi ve eme\u011fin de\u011fer g\u00f6rd\u00fc\u011f\u00fc bir yap\u0131da, &#8220;Performans Orta\u011f\u0131&#8221; mottomuzu \u00f6nce kendi ekibimizle hayata ge\u00e7iriyoruz.<\/p><p><strong>Neden Makro Chemical?<\/strong><\/p><ul><li><strong>S\u00fcrekli Geli\u015fim:<\/strong> Ar-Ge odakl\u0131 bir k\u00fclt\u00fcrde teknik yetkinliklerinizi art\u0131rma f\u0131rsat\u0131.<\/li><li><strong>Global Bak\u0131\u015f A\u00e7\u0131s\u0131:<\/strong> D\u00fcnyan\u0131n bir\u00e7ok yerine dokunan uluslararas\u0131 bir i\u015f ekosistemi.<\/li><li><strong>G\u00fcven ve \u0130stikrar:<\/strong> 30 y\u0131ll\u0131k k\u00f6kl\u00fc bir ge\u00e7mi\u015fin sundu\u011fu huzurlu \u00e7al\u0131\u015fma ortam\u0131.<\/li><\/ul>\t\t\t\t\t\t\t\t<\/div>\n\t\t\t\t<\/div>\n\t\t\t\t\t<\/div>\n\t\t<\/div>\n\t\t\t\t\t<\/div>\n\t\t<\/section>\n\t\t\t\t<section class=\"elementor-section elementor-top-section elementor-element elementor-element-8508b8d elementor-section-boxed elementor-section-height-default elementor-section-height-default\" data-id=\"8508b8d\" data-element_type=\"section\" data-e-type=\"section\">\n\t\t\t\t\t\t<div class=\"elementor-container elementor-column-gap-default\">\n\t\t\t\t\t<div class=\"elementor-column elementor-col-100 elementor-top-column elementor-element elementor-element-f64155f\" data-id=\"f64155f\" data-element_type=\"column\" data-e-type=\"column\">\n\t\t\t<div class=\"elementor-widget-wrap elementor-element-populated\">\n\t\t\t\t\t\t<div class=\"elementor-element elementor-element-b5ab7fa elementor-button-align-stretch elementor-widget elementor-widget-form\" data-id=\"b5ab7fa\" data-element_type=\"widget\" data-e-type=\"widget\" data-settings=\"{&quot;step_next_label&quot;:&quot;Next&quot;,&quot;step_previous_label&quot;:&quot;Previous&quot;,&quot;button_width&quot;:&quot;100&quot;,&quot;step_type&quot;:&quot;number_text&quot;,&quot;step_icon_shape&quot;:&quot;circle&quot;}\" data-widget_type=\"form.default\">\n\t\t\t\t<div class=\"elementor-widget-container\">\n\t\t\t\t\t\t\t<form class=\"elementor-form\" method=\"post\" name=\"New Form\">\n\t\t\t<input type=\"hidden\" name=\"post_id\" value=\"337\"\/>\n\t\t\t<input type=\"hidden\" name=\"form_id\" value=\"b5ab7fa\"\/>\n\t\t\t<input type=\"hidden\" name=\"referer_title\" value=\"\" \/>\n\n\t\t\t\n\t\t\t<div class=\"elementor-form-fields-wrapper elementor-labels-\">\n\t\t\t\t\t\t\t\t<div class=\"elementor-field-type-text elementor-field-group elementor-column elementor-field-group-name elementor-col-100 elementor-field-required\">\n\t\t\t\t\t\t\t\t\t\t\t\t<label for=\"form-field-name\" class=\"elementor-field-label elementor-screen-only\">\n\t\t\t\t\t\t\t\t\u0130sim\t\t\t\t\t\t\t<\/label>\n\t\t\t\t\t\t\t\t\t\t\t\t\t\t<input size=\"1\" type=\"text\" name=\"form_fields[name]\" id=\"form-field-name\" class=\"elementor-field elementor-size-sm  elementor-field-textual\" placeholder=\"\u0130sim*\" required=\"required\" aria-required=\"true\">\n\t\t\t\t\t\t\t\t\t\t\t<\/div>\n\t\t\t\t\t\t\t\t<div class=\"elementor-field-type-email elementor-field-group elementor-column elementor-field-group-email elementor-col-100 elementor-field-required\">\n\t\t\t\t\t\t\t\t\t\t\t\t<label for=\"form-field-email\" class=\"elementor-field-label elementor-screen-only\">\n\t\t\t\t\t\t\t\tEmail\t\t\t\t\t\t\t<\/label>\n\t\t\t\t\t\t\t\t\t\t\t\t\t\t<input size=\"1\" type=\"email\" name=\"form_fields[email]\" id=\"form-field-email\" class=\"elementor-field elementor-size-sm  elementor-field-textual\" placeholder=\"E-mail*\" required=\"required\" aria-required=\"true\">\n\t\t\t\t\t\t\t\t\t\t\t<\/div>\n\t\t\t\t\t\t\t\t<div class=\"elementor-field-type-tel elementor-field-group elementor-column elementor-field-group-field_f6aee9b elementor-col-100 elementor-field-required\">\n\t\t\t\t\t\t\t\t\t\t\t\t<label for=\"form-field-field_f6aee9b\" class=\"elementor-field-label elementor-screen-only\">\n\t\t\t\t\t\t\t\tTelefon*\t\t\t\t\t\t\t<\/label>\n\t\t\t\t\t\t\t\t<input size=\"1\" type=\"tel\" name=\"form_fields[field_f6aee9b]\" id=\"form-field-field_f6aee9b\" class=\"elementor-field elementor-size-sm  elementor-field-textual\" placeholder=\"Telefon*\" required=\"required\" aria-required=\"true\" pattern=\"[0-9()#&amp;+*-=.]+\" title=\"Only numbers and phone characters (#, -, *, etc) are accepted.\">\n\n\t\t\t\t\t\t<\/div>\n\t\t\t\t\t\t\t\t<div class=\"elementor-field-type-text elementor-field-group elementor-column elementor-field-group-field_a5ff382 elementor-col-100 elementor-field-required\">\n\t\t\t\t\t\t\t\t\t\t\t\t<label for=\"form-field-field_a5ff382\" class=\"elementor-field-label elementor-screen-only\">\n\t\t\t\t\t\t\t\tBa\u015fvurulan Pozisyon *\t\t\t\t\t\t\t<\/label>\n\t\t\t\t\t\t\t\t\t\t\t\t\t\t<input size=\"1\" type=\"text\" name=\"form_fields[field_a5ff382]\" id=\"form-field-field_a5ff382\" class=\"elementor-field elementor-size-sm  elementor-field-textual\" placeholder=\"Ba\u015fvurulan Pozisyon *\" required=\"required\" aria-required=\"true\">\n\t\t\t\t\t\t\t\t\t\t\t<\/div>\n\t\t\t\t\t\t\t\t<div class=\"elementor-field-type-textarea elementor-field-group elementor-column elementor-field-group-message elementor-col-100\">\n\t\t\t\t\t\t\t\t\t\t\t\t<label for=\"form-field-message\" class=\"elementor-field-label elementor-screen-only\">\n\t\t\t\t\t\t\t\t\u0130\u015f tecr\u00fcbesi\t\t\t\t\t\t\t<\/label>\n\t\t\t\t\t\t<textarea class=\"elementor-field-textual elementor-field  elementor-size-sm\" name=\"form_fields[message]\" id=\"form-field-message\" rows=\"4\" placeholder=\"\u0130\u015f tecr\u00fcbesi\"><\/textarea>\t\t\t\t<\/div>\n\t\t\t\t\t\t\t\t<div class=\"elementor-field-type-html elementor-field-group elementor-column elementor-field-group-field_0513fd1 elementor-col-100\">\n\t\t\t\t\tCV\t\t\t\t<\/div>\n\t\t\t\t\t\t\t\t<div class=\"elementor-field-type-upload elementor-field-group elementor-column elementor-field-group-field_2fdd62f elementor-col-100\">\n\t\t\t\t\t\t\t\t\t\t\t\t<label for=\"form-field-field_2fdd62f\" class=\"elementor-field-label elementor-screen-only\">\n\t\t\t\t\t\t\t\tCV\t\t\t\t\t\t\t<\/label>\n\t\t\t\t\t\t\t\t<input type=\"file\" name=\"form_fields[field_2fdd62f]\" id=\"form-field-field_2fdd62f\" class=\"elementor-field elementor-size-sm  elementor-upload-field\">\n\n\t\t\t\t\t\t<\/div>\n\t\t\t\t\t\t\t\t<div class=\"elementor-field-group elementor-column elementor-field-type-submit elementor-col-100 e-form__buttons\">\n\t\t\t\t\t<button type=\"submit\" class=\"elementor-button elementor-size-sm\">\n\t\t\t\t\t\t<span >\n\t\t\t\t\t\t\t\t\t\t\t\t\t\t\t<span class=\" elementor-button-icon\">\n\t\t\t\t\t\t\t\t\t\t\t\t\t\t\t\t\t\t\t\t\t\t\t\t\t\t<\/span>\n\t\t\t\t\t\t\t\t\t\t\t\t\t\t\t\t\t\t\t\t\t\t<span class=\"elementor-button-text\">G\u00f6nder<\/span>\n\t\t\t\t\t\t\t\t\t\t\t\t\t<\/span>\n\t\t\t\t\t<\/button>\n\t\t\t\t<\/div>\n\t\t\t<\/div>\n\t\t<\/form>\n\t\t\t\t\t\t<\/div>\n\t\t\t\t<\/div>\n\t\t\t\t\t<\/div>\n\t\t<\/div>\n\t\t\t\t\t<\/div>\n\t\t<\/section>\n\t\t\t\t<\/div>\n\t\t","protected":false},"excerpt":{"rendered":"<p>Makro Chemical Ailesine Kat\u0131l\u0131n Bizim i\u00e7in kalite sadece \u00fcr\u00fcnlerimizde de\u011fil, \u00e7al\u0131\u015fma ortam\u0131m\u0131zda da esast\u0131r. \u0130zmir\u2019den d\u00fcnyaya uzanan \u00fcretim g\u00fcc\u00fcm\u00fcz\u00fc, \u00e7al\u0131\u015fanlar\u0131m\u0131z\u0131n geli\u015fimi ve mutlulu\u011fu ile destekliyoruz. Teknik uzmanl\u0131\u011f\u0131n payla\u015f\u0131ld\u0131\u011f\u0131, s\u00fcrekli \u00f6\u011frenmenin te\u015fvik edildi\u011fi ve eme\u011fin de\u011fer g\u00f6rd\u00fc\u011f\u00fc bir yap\u0131da, &#8220;Performans Orta\u011f\u0131&#8221; mottomuzu \u00f6nce kendi ekibimizle hayata ge\u00e7iriyoruz. Neden Makro Chemical? S\u00fcrekli Geli\u015fim: Ar-Ge odakl\u0131 bir k\u00fclt\u00fcrde [&hellip;]<\/p>\n","protected":false},"author":1,"featured_media":0,"parent":0,"menu_order":0,"comment_status":"closed","ping_status":"closed","template":"elementor_header_footer","meta":{"footnotes":""},"class_list":["post-337","page","type-page","status-publish","hentry"],"_links":{"self":[{"href":"https:\/\/www.makrochemical.com\/en\/wp-json\/wp\/v2\/pages\/337","targetHints":{"allow":["GET"]}}],"collection":[{"href":"https:\/\/www.makrochemical.com\/en\/wp-json\/wp\/v2\/pages"}],"about":[{"href":"https:\/\/www.makrochemical.com\/en\/wp-json\/wp\/v2\/types\/page"}],"author":[{"embeddable":true,"href":"https:\/\/www.makrochemical.com\/en\/wp-json\/wp\/v2\/users\/1"}],"replies":[{"embeddable":true,"href":"https:\/\/www.makrochemical.com\/en\/wp-json\/wp\/v2\/comments?post=337"}],"version-history":[{"count":16,"href":"https:\/\/www.makrochemical.com\/en\/wp-json\/wp\/v2\/pages\/337\/revisions"}],"predecessor-version":[{"id":1033,"href":"https:\/\/www.makrochemical.com\/en\/wp-json\/wp\/v2\/pages\/337\/revisions\/1033"}],"wp:attachment":[{"href":"https:\/\/www.makrochemical.com\/en\/wp-json\/wp\/v2\/media?parent=337"}],"curies":[{"name":"wp","href":"https:\/\/api.w.org\/{rel}","templated":true}]}}