{"id":241,"date":"2023-03-06T19:32:02","date_gmt":"2023-03-06T16:32:02","guid":{"rendered":"https:\/\/www.exciting-lovelace.194-5-236-185.plesk.page\/?page_id=241"},"modified":"2023-03-07T17:10:36","modified_gmt":"2023-03-07T14:10:36","slug":"mdi-ester-3-komponentli-sistemler","status":"publish","type":"page","link":"https:\/\/www.makrochemical.com\/en\/poliuretan\/mdi-ester-3-komponentli-sistemler\/","title":{"rendered":"MDI Ester 3 Component Systems"},"content":{"rendered":"<div data-elementor-type=\"wp-page\" data-elementor-id=\"241\" class=\"elementor elementor-241\">\n\t\t\t\t\t\t<section class=\"elementor-section elementor-top-section elementor-element elementor-element-d9f00e0 elementor-section-boxed elementor-section-height-default elementor-section-height-default\" data-id=\"d9f00e0\" data-element_type=\"section\" data-e-type=\"section\" data-settings=\"{&quot;background_background&quot;:&quot;classic&quot;}\">\n\t\t\t\t\t\t<div class=\"elementor-container elementor-column-gap-default\">\n\t\t\t\t\t<div class=\"elementor-column elementor-col-100 elementor-top-column elementor-element elementor-element-95a3720\" data-id=\"95a3720\" data-element_type=\"column\" data-e-type=\"column\">\n\t\t\t<div class=\"elementor-widget-wrap elementor-element-populated\">\n\t\t\t\t\t\t<div class=\"elementor-element elementor-element-9186a5b elementor-widget elementor-widget-heading\" data-id=\"9186a5b\" data-element_type=\"widget\" data-e-type=\"widget\" data-widget_type=\"heading.default\">\n\t\t\t\t<div class=\"elementor-widget-container\">\n\t\t\t\t\t<h1 class=\"elementor-heading-title elementor-size-default\">MDI Ester 3 Component Systems<\/h1>\t\t\t\t<\/div>\n\t\t\t\t<\/div>\n\t\t\t\t\t<\/div>\n\t\t<\/div>\n\t\t\t\t\t<\/div>\n\t\t<\/section>\n\t\t\t\t<section class=\"elementor-section elementor-top-section elementor-element elementor-element-ecbe5c5 elementor-section-boxed elementor-section-height-default elementor-section-height-default\" data-id=\"ecbe5c5\" data-element_type=\"section\" data-e-type=\"section\">\n\t\t\t\t\t\t<div class=\"elementor-container elementor-column-gap-default\">\n\t\t\t\t\t<div class=\"elementor-column elementor-col-100 elementor-top-column elementor-element elementor-element-9e691a4\" data-id=\"9e691a4\" data-element_type=\"column\" data-e-type=\"column\">\n\t\t\t<div class=\"elementor-widget-wrap elementor-element-populated\">\n\t\t\t\t\t\t<section class=\"elementor-section elementor-inner-section elementor-element elementor-element-cdf12fe elementor-section-boxed elementor-section-height-default elementor-section-height-default\" data-id=\"cdf12fe\" data-element_type=\"section\" data-e-type=\"section\">\n\t\t\t\t\t\t<div class=\"elementor-container elementor-column-gap-default\">\n\t\t\t\t\t<div class=\"elementor-column elementor-col-50 elementor-inner-column elementor-element elementor-element-a1ef7b9\" data-id=\"a1ef7b9\" data-element_type=\"column\" data-e-type=\"column\">\n\t\t\t<div class=\"elementor-widget-wrap elementor-element-populated\">\n\t\t\t\t\t\t<div class=\"elementor-element elementor-element-371c972 elementor-widget elementor-widget-text-editor\" data-id=\"371c972\" data-element_type=\"widget\" data-e-type=\"widget\" data-widget_type=\"text-editor.default\">\n\t\t\t\t<div class=\"elementor-widget-container\">\n\t\t\t\t\t\t\t\t\t<table border=\"0\" frame=\"VOID\" rules=\"NONE\" cellspacing=\"0\">\n    <tbody>\n    <tr>\n    <td align=\"CENTER\" valign=\"MIDDLE\" style=\"background: #008080;\" width=\"217\" height=\"19\"><b><span style=\"color: #ffffff; font-family: Calibri;\">Product<\/span><\/b><\/td>\n    <td align=\"CENTER\" valign=\"MIDDLE\" style=\"background: #008080;\" width=\"144\"><b><span style=\"color: #ffffff; font-family: Calibri;\">Hardness<\/span><\/b><\/td>\n    <td align=\"CENTER\" valign=\"MIDDLE\" style=\"background: #008080;\" width=\"149\"><b><span style=\"color: #ffffff; font-family: Calibri;\">% NCO<\/span><\/b><\/td>\n    <td align=\"CENTER\" valign=\"MIDDLE\" style=\"background: #008080;\" width=\"136\"><b><span style=\"color: #ffffff; font-family: Calibri;\">Packaging<\/span><\/b><\/td>\n    <\/tr>\n    <tr>\n    <td align=\"CENTER\" valign=\"MIDDLE\" style=\"background: #006666;\" height=\"30\"><b><span style=\"color: #ffffff; font-family: Calibri;\">Sarcoprene MST-3C <\/span><\/b><\/td>\n    <td align=\"CENTER\" valign=\"MIDDLE\" style=\"background: #D2DEEF;\"><span style=\"color: #000000; font-family: Calibri;\">55A \u2013 95A<\/span><\/td>\n    <td align=\"CENTER\" valign=\"MIDDLE\" style=\"background: #D2DEEF;\"><span style=\"color: #000000; font-family: Calibri;\">16.5 \u00b1 0.2<\/span><\/td>\n    <td align=\"CENTER\" valign=\"MIDDLE\" style=\"background: #D2DEEF;\"><span style=\"color: #000000; font-family: Calibri;\">20 \u2013 200 kg<\/span><\/td>\n    <\/tr>\n    <\/tbody>\n    <\/table>\t\t\t\t\t\t\t\t<\/div>\n\t\t\t\t<\/div>\n\t\t\t\t\t<\/div>\n\t\t<\/div>\n\t\t\t\t<div class=\"elementor-column elementor-col-50 elementor-inner-column elementor-element elementor-element-bdedf3d\" data-id=\"bdedf3d\" data-element_type=\"column\" data-e-type=\"column\">\n\t\t\t<div class=\"elementor-widget-wrap\">\n\t\t\t\t\t\t\t<\/div>\n\t\t<\/div>\n\t\t\t\t\t<\/div>\n\t\t<\/section>\n\t\t\t\t<div class=\"elementor-element elementor-element-fb3def9 elementor-widget elementor-widget-text-editor\" data-id=\"fb3def9\" data-element_type=\"widget\" data-e-type=\"widget\" data-widget_type=\"text-editor.default\">\n\t\t\t\t<div class=\"elementor-widget-container\">\n\t\t\t\t\t\t\t\t\t<p><strong>Sarcoprene\u00ae MST-3C<\/strong>\u00a0\u00a0series is a 3 component system based on MDI \u2013 Polyester which when reacted can give range of hardness varying from 55 to 95 ShA.\u00a0<\/p><p><strong>Sarcoprene\u00ae MST-3C<\/strong>\u00a0\u00a0 series has some clear performance advantages over some of the more traditional high performance polyurethane elastomers. The polyurethane elastomers exhibit excellent physical properties, included good tensile strengths, high reslilience and excellent wear characteristics. There are also clear advantages in terms of processing, including low viscosity at processing temperatures and lower chemical hazards when handling the prepolymers and curatives.<\/p><p><strong>Sarcoprene\u00ae MST-3C<\/strong>\u00a0\u00a0series is ideally suited to machine dispensing, especialy where large mouldings are required. Typical uses for Sarcoprene\u00ae MST-3C  elastomers are sealing and guide discs for pipeline cleaning, rollers, seals, gaskets, screens and linings.<\/p>\t\t\t\t\t\t\t\t<\/div>\n\t\t\t\t<\/div>\n\t\t\t\t<div class=\"elementor-element elementor-element-2f736b9 elementor-widget elementor-widget-image-gallery\" data-id=\"2f736b9\" data-element_type=\"widget\" data-e-type=\"widget\" data-widget_type=\"image-gallery.default\">\n\t\t\t\t<div class=\"elementor-widget-container\">\n\t\t\t\t\t\t\t<div class=\"elementor-image-gallery\">\n\t\t\t<div id='gallery-1' class='gallery galleryid-241 gallery-columns-4 gallery-size-large'><figure class='gallery-item'>\n\t\t\t<div class='gallery-icon landscape'>\n\t\t\t\t<img fetchpriority=\"high\" decoding=\"async\" width=\"562\" height=\"254\" src=\"https:\/\/www.makrochemical.com\/wp-content\/uploads\/2023\/03\/mst3c2.png\" class=\"attachment-large size-large\" alt=\"\" srcset=\"https:\/\/www.makrochemical.com\/wp-content\/uploads\/2023\/03\/mst3c2.png 562w, https:\/\/www.makrochemical.com\/wp-content\/uploads\/2023\/03\/mst3c2-300x136.png 300w\" sizes=\"(max-width: 562px) 100vw, 562px\" \/>\n\t\t\t<\/div><\/figure><figure class='gallery-item'>\n\t\t\t<div class='gallery-icon landscape'>\n\t\t\t\t<img decoding=\"async\" width=\"558\" height=\"249\" src=\"https:\/\/www.makrochemical.com\/wp-content\/uploads\/2023\/03\/mst-3c.png\" class=\"attachment-large size-large\" alt=\"\" srcset=\"https:\/\/www.makrochemical.com\/wp-content\/uploads\/2023\/03\/mst-3c.png 558w, https:\/\/www.makrochemical.com\/wp-content\/uploads\/2023\/03\/mst-3c-300x134.png 300w\" sizes=\"(max-width: 558px) 100vw, 558px\" \/>\n\t\t\t<\/div><\/figure>\n\t\t<\/div>\n\t\t<\/div>\n\t\t\t\t\t\t<\/div>\n\t\t\t\t<\/div>\n\t\t\t\t\t<\/div>\n\t\t<\/div>\n\t\t\t\t\t<\/div>\n\t\t<\/section>\n\t\t\t\t<\/div>","protected":false},"excerpt":{"rendered":"<p>\u00dcr\u00fcn Sertlik % NCO Ambalaj Sarcoprene MST-3C 55A \u2013 95A 16.5 \u00b1 0.2 20 \u2013 200 kg Sarcoprene\u00ae MST-3C\u00a0\u00a0reaksiyona girdi\u011finde 55 ShA \u2013 95 ShA aras\u0131nda sertlikler elde edilebilen MDI \u2013 Ester bazl\u0131 3 bile\u015fenli bir sistemdir.\u00a0 Sarcoprene\u00ae MST-3C\u00a0\u00a0 geleneksel y\u00fcksek performansl\u0131 poli\u00fcretan elastomerlere k\u0131yasla baz\u0131 a\u00e7\u0131k performans avantajlar\u0131na sahiptir. Poli\u00fcretan elastomerler, iyi \u00e7ekme mukavemeti, [&hellip;]<\/p>\n","protected":false},"author":1,"featured_media":0,"parent":210,"menu_order":0,"comment_status":"closed","ping_status":"closed","template":"elementor_header_footer","meta":{"footnotes":""},"class_list":["post-241","page","type-page","status-publish","hentry"],"_links":{"self":[{"href":"https:\/\/www.makrochemical.com\/en\/wp-json\/wp\/v2\/pages\/241","targetHints":{"allow":["GET"]}}],"collection":[{"href":"https:\/\/www.makrochemical.com\/en\/wp-json\/wp\/v2\/pages"}],"about":[{"href":"https:\/\/www.makrochemical.com\/en\/wp-json\/wp\/v2\/types\/page"}],"author":[{"embeddable":true,"href":"https:\/\/www.makrochemical.com\/en\/wp-json\/wp\/v2\/users\/1"}],"replies":[{"embeddable":true,"href":"https:\/\/www.makrochemical.com\/en\/wp-json\/wp\/v2\/comments?post=241"}],"version-history":[{"count":7,"href":"https:\/\/www.makrochemical.com\/en\/wp-json\/wp\/v2\/pages\/241\/revisions"}],"predecessor-version":[{"id":394,"href":"https:\/\/www.makrochemical.com\/en\/wp-json\/wp\/v2\/pages\/241\/revisions\/394"}],"up":[{"embeddable":true,"href":"https:\/\/www.makrochemical.com\/en\/wp-json\/wp\/v2\/pages\/210"}],"wp:attachment":[{"href":"https:\/\/www.makrochemical.com\/en\/wp-json\/wp\/v2\/media?parent=241"}],"curies":[{"name":"wp","href":"https:\/\/api.w.org\/{rel}","templated":true}]}}