{"id":237,"date":"2023-03-06T19:31:23","date_gmt":"2023-03-06T16:31:23","guid":{"rendered":"https:\/\/www.exciting-lovelace.194-5-236-185.plesk.page\/?page_id=237"},"modified":"2023-03-07T17:10:11","modified_gmt":"2023-03-07T14:10:11","slug":"kurlendiriciler","status":"publish","type":"page","link":"https:\/\/www.makrochemical.com\/en\/kurlendiriciler\/","title":{"rendered":"Curatives"},"content":{"rendered":"<div data-elementor-type=\"wp-page\" data-elementor-id=\"237\" class=\"elementor elementor-237\">\n\t\t\t\t\t\t<section class=\"elementor-section elementor-top-section elementor-element elementor-element-ab78181 elementor-section-boxed elementor-section-height-default elementor-section-height-default\" data-id=\"ab78181\" data-element_type=\"section\" data-e-type=\"section\" data-settings=\"{&quot;background_background&quot;:&quot;classic&quot;}\">\n\t\t\t\t\t\t<div class=\"elementor-container elementor-column-gap-default\">\n\t\t\t\t\t<div class=\"elementor-column elementor-col-100 elementor-top-column elementor-element elementor-element-c4bd7f4\" data-id=\"c4bd7f4\" data-element_type=\"column\" data-e-type=\"column\">\n\t\t\t<div class=\"elementor-widget-wrap elementor-element-populated\">\n\t\t\t\t\t\t<div class=\"elementor-element elementor-element-0e5220c elementor-widget elementor-widget-heading\" data-id=\"0e5220c\" data-element_type=\"widget\" data-e-type=\"widget\" data-widget_type=\"heading.default\">\n\t\t\t\t<div class=\"elementor-widget-container\">\n\t\t\t\t\t<h1 class=\"elementor-heading-title elementor-size-default\">Curatives<\/h1>\t\t\t\t<\/div>\n\t\t\t\t<\/div>\n\t\t\t\t\t<\/div>\n\t\t<\/div>\n\t\t\t\t\t<\/div>\n\t\t<\/section>\n\t\t\t\t<section class=\"elementor-section elementor-top-section elementor-element elementor-element-8bcf4a8 elementor-section-boxed elementor-section-height-default elementor-section-height-default\" data-id=\"8bcf4a8\" data-element_type=\"section\" data-e-type=\"section\">\n\t\t\t\t\t\t<div class=\"elementor-container elementor-column-gap-default\">\n\t\t\t\t\t<div class=\"elementor-column elementor-col-66 elementor-top-column elementor-element elementor-element-c0db2a8\" data-id=\"c0db2a8\" data-element_type=\"column\" data-e-type=\"column\">\n\t\t\t<div class=\"elementor-widget-wrap elementor-element-populated\">\n\t\t\t\t\t\t<div class=\"elementor-element elementor-element-bb6cf2d elementor-widget elementor-widget-heading\" data-id=\"bb6cf2d\" data-element_type=\"widget\" data-e-type=\"widget\" data-widget_type=\"heading.default\">\n\t\t\t\t<div class=\"elementor-widget-container\">\n\t\t\t\t\t<h2 class=\"elementor-heading-title elementor-size-default\">Sarcocure 84\n<\/h2>\t\t\t\t<\/div>\n\t\t\t\t<\/div>\n\t\t\t\t<div class=\"elementor-element elementor-element-c39474a elementor-widget elementor-widget-text-editor\" data-id=\"c39474a\" data-element_type=\"widget\" data-e-type=\"widget\" data-widget_type=\"text-editor.default\">\n\t\t\t\t<div class=\"elementor-widget-container\">\n\t\t\t\t\t\t\t\t\t<p>Sarcocure 84 is a new curative developed for TDI prepolymers exhibiting outstanding chemical, solvent and stain resistance. Sarcocure 84 curative has a long gel time giving the operator enough time to mix and pour large parts by hand mixing with relative ease. The finished polyurethane elastomer exhibit good physical properties, including good tensile strength, high resilience and excellent wear characteristics.<\/p><p>Sarcocure 84 is a liquid at room temperature and can be processed at ambient or elevated temperatures. This curative is recommended for producing soft rollers with superior solvent resistance.<\/p>\t\t\t\t\t\t\t\t<\/div>\n\t\t\t\t<\/div>\n\t\t\t\t<div class=\"elementor-element elementor-element-9d499fa elementor-widget elementor-widget-heading\" data-id=\"9d499fa\" data-element_type=\"widget\" data-e-type=\"widget\" data-widget_type=\"heading.default\">\n\t\t\t\t<div class=\"elementor-widget-container\">\n\t\t\t\t\t<h2 class=\"elementor-heading-title elementor-size-default\">Sarcocure 114\n<\/h2>\t\t\t\t<\/div>\n\t\t\t\t<\/div>\n\t\t\t\t<div class=\"elementor-element elementor-element-05cde5b elementor-widget elementor-widget-text-editor\" data-id=\"05cde5b\" data-element_type=\"widget\" data-e-type=\"widget\" data-widget_type=\"text-editor.default\">\n\t\t\t\t<div class=\"elementor-widget-container\">\n\t\t\t\t\t\t\t\t\t<p>Sarcocure 114 is a blended liquid aromatic diamine polyurethane curative. ?t is free of mercury catalyst, Moca and flammable solvents. Sarcocure 114 is liquid at room temperature and can be processed at ambient or elevated temperatures.<\/p><p>Sarcocure 114 has been formulated for use in applications where excellent abrasion and wear characteristic are required. It has been designed such that catalyst may be added to the curative to decrease demould time.<\/p>\t\t\t\t\t\t\t\t<\/div>\n\t\t\t\t<\/div>\n\t\t\t\t<div class=\"elementor-element elementor-element-67815eb elementor-widget elementor-widget-heading\" data-id=\"67815eb\" data-element_type=\"widget\" data-e-type=\"widget\" data-widget_type=\"heading.default\">\n\t\t\t\t<div class=\"elementor-widget-container\">\n\t\t\t\t\t<h2 class=\"elementor-heading-title elementor-size-default\">Ethacure 300\n<\/h2>\t\t\t\t<\/div>\n\t\t\t\t<\/div>\n\t\t\t\t<div class=\"elementor-element elementor-element-b58f4c7 elementor-widget elementor-widget-text-editor\" data-id=\"b58f4c7\" data-element_type=\"widget\" data-e-type=\"widget\" data-widget_type=\"text-editor.default\">\n\t\t\t\t<div class=\"elementor-widget-container\">\n\t\t\t\t\t\t\t\t\t<p>Ethacure 300 is a liquid aromatic polyurethane curative. Cast polyurethane stress\/strain physical properties are excellent. At similar hardness, these properties compare favourably with other diamine curatives.<\/p><p>Ethacure 300 curative is convenient to use because it is a liquid at room temperature and is processed at room temperature.<\/p>\t\t\t\t\t\t\t\t<\/div>\n\t\t\t\t<\/div>\n\t\t\t\t<div class=\"elementor-element elementor-element-336efad elementor-widget elementor-widget-image-gallery\" data-id=\"336efad\" data-element_type=\"widget\" data-e-type=\"widget\" data-widget_type=\"image-gallery.default\">\n\t\t\t\t<div class=\"elementor-widget-container\">\n\t\t\t\t\t\t\t<div class=\"elementor-image-gallery\">\n\t\t\t<div id='gallery-1' class='gallery galleryid-237 gallery-columns-3 gallery-size-medium'><figure class='gallery-item'>\n\t\t\t<div class='gallery-icon portrait'>\n\t\t\t\t<img fetchpriority=\"high\" decoding=\"async\" width=\"225\" height=\"300\" src=\"https:\/\/www.makrochemical.com\/wp-content\/uploads\/2023\/03\/kurlendirici12-225x300.jpg\" class=\"attachment-medium size-medium\" alt=\"\" srcset=\"https:\/\/www.makrochemical.com\/wp-content\/uploads\/2023\/03\/kurlendirici12-225x300.jpg 225w, https:\/\/www.makrochemical.com\/wp-content\/uploads\/2023\/03\/kurlendirici12.jpg 281w\" sizes=\"(max-width: 225px) 100vw, 225px\" \/>\n\t\t\t<\/div><\/figure><figure class='gallery-item'>\n\t\t\t<div class='gallery-icon portrait'>\n\t\t\t\t<img decoding=\"async\" width=\"228\" height=\"300\" src=\"https:\/\/www.makrochemical.com\/wp-content\/uploads\/2023\/03\/kurlendirici13-228x300.jpg\" class=\"attachment-medium size-medium\" alt=\"\" srcset=\"https:\/\/www.makrochemical.com\/wp-content\/uploads\/2023\/03\/kurlendirici13-228x300.jpg 228w, https:\/\/www.makrochemical.com\/wp-content\/uploads\/2023\/03\/kurlendirici13.jpg 284w\" sizes=\"(max-width: 228px) 100vw, 228px\" \/>\n\t\t\t<\/div><\/figure>\n\t\t<\/div>\n\t\t<\/div>\n\t\t\t\t\t\t<\/div>\n\t\t\t\t<\/div>\n\t\t\t\t\t<\/div>\n\t\t<\/div>\n\t\t\t\t<div class=\"elementor-column elementor-col-33 elementor-top-column elementor-element elementor-element-f5ea7af\" data-id=\"f5ea7af\" data-element_type=\"column\" data-e-type=\"column\">\n\t\t\t<div class=\"elementor-widget-wrap elementor-element-populated\">\n\t\t\t\t\t\t<div class=\"elementor-element elementor-element-823dfb5 elementor-widget elementor-widget-image\" data-id=\"823dfb5\" data-element_type=\"widget\" data-e-type=\"widget\" data-widget_type=\"image.default\">\n\t\t\t\t<div class=\"elementor-widget-container\">\n\t\t\t\t\t\t\t\t\t\t\t\t\t\t\t<img decoding=\"async\" width=\"300\" height=\"237\" src=\"https:\/\/www.makrochemical.com\/wp-content\/uploads\/2023\/03\/kurlendirici.jpg\" class=\"attachment-full size-full wp-image-325\" alt=\"\" \/>\t\t\t\t\t\t\t\t\t\t\t\t\t\t\t<\/div>\n\t\t\t\t<\/div>\n\t\t\t\t<div class=\"elementor-element elementor-element-03f1197 elementor-widget elementor-widget-heading\" data-id=\"03f1197\" data-element_type=\"widget\" data-e-type=\"widget\" data-widget_type=\"heading.default\">\n\t\t\t\t<div class=\"elementor-widget-container\">\n\t\t\t\t\t<h2 class=\"elementor-heading-title elementor-size-default\">Moca<\/h2>\t\t\t\t<\/div>\n\t\t\t\t<\/div>\n\t\t\t\t<div class=\"elementor-element elementor-element-fcece49 elementor-widget elementor-widget-text-editor\" data-id=\"fcece49\" data-element_type=\"widget\" data-e-type=\"widget\" data-widget_type=\"text-editor.default\">\n\t\t\t\t<div class=\"elementor-widget-container\">\n\t\t\t\t\t\t\t\t\t<p>Traditional high performance aromatic diamine curative for TDI Prepolymers. Supplied as solid pellets which require melting. Used only with hot cast elastomers.<\/p>\t\t\t\t\t\t\t\t<\/div>\n\t\t\t\t<\/div>\n\t\t\t\t\t<\/div>\n\t\t<\/div>\n\t\t\t\t\t<\/div>\n\t\t<\/section>\n\t\t\t\t<\/div>","protected":false},"excerpt":{"rendered":"<p>Sarcocure C32 Sarcocure C32 kimyasal, solvent ve boyalara kar\u015f\u0131 \u00fcst\u00fcn diren\u00e7 sergileyen, TDI prepolimerleri i\u00e7in geli\u015ftirilmi\u015f yeni bir k\u00fcrlendiricidir. Sarcocure C32, uzun pota \u00f6mr\u00fc yaratmas\u0131 sebebiyle b\u00fcy\u00fck miktarlar\u0131n bile kar\u0131\u015ft\u0131r\u0131l\u0131p d\u00f6k\u00fclebilmesi i\u00e7in yeterli zaman\u0131 verir. Bitmi\u015f poli\u00fcretan elastomere, iyi gerilme mukavemeti, y\u00fcksek esneklik ve m\u00fckemmel a\u015f\u0131nma \u00f6zellikleri kazand\u0131r\u0131r. Sarcocure C32, oda s\u0131cakl\u0131\u011f\u0131nda s\u0131v\u0131 haldedir ve [&hellip;]<\/p>\n","protected":false},"author":1,"featured_media":0,"parent":0,"menu_order":0,"comment_status":"closed","ping_status":"closed","template":"elementor_header_footer","meta":{"footnotes":""},"class_list":["post-237","page","type-page","status-publish","hentry"],"_links":{"self":[{"href":"https:\/\/www.makrochemical.com\/en\/wp-json\/wp\/v2\/pages\/237","targetHints":{"allow":["GET"]}}],"collection":[{"href":"https:\/\/www.makrochemical.com\/en\/wp-json\/wp\/v2\/pages"}],"about":[{"href":"https:\/\/www.makrochemical.com\/en\/wp-json\/wp\/v2\/types\/page"}],"author":[{"embeddable":true,"href":"https:\/\/www.makrochemical.com\/en\/wp-json\/wp\/v2\/users\/1"}],"replies":[{"embeddable":true,"href":"https:\/\/www.makrochemical.com\/en\/wp-json\/wp\/v2\/comments?post=237"}],"version-history":[{"count":7,"href":"https:\/\/www.makrochemical.com\/en\/wp-json\/wp\/v2\/pages\/237\/revisions"}],"predecessor-version":[{"id":391,"href":"https:\/\/www.makrochemical.com\/en\/wp-json\/wp\/v2\/pages\/237\/revisions\/391"}],"wp:attachment":[{"href":"https:\/\/www.makrochemical.com\/en\/wp-json\/wp\/v2\/media?parent=237"}],"curies":[{"name":"wp","href":"https:\/\/api.w.org\/{rel}","templated":true}]}}