{"id":1087,"date":"2026-03-13T17:12:25","date_gmt":"2026-03-13T14:12:25","guid":{"rendered":"https:\/\/www.makrochemical.com\/?page_id=1087"},"modified":"2026-03-23T13:21:22","modified_gmt":"2026-03-23T10:21:22","slug":"blog","status":"publish","type":"page","link":"https:\/\/www.makrochemical.com\/en\/hakkimizda\/blog\/","title":{"rendered":"BLOG"},"content":{"rendered":"<div data-elementor-type=\"wp-page\" data-elementor-id=\"1087\" class=\"elementor elementor-1087\">\n\t\t\t\t\t\t<section class=\"elementor-section elementor-top-section elementor-element elementor-element-a066af8 elementor-section-boxed elementor-section-height-default elementor-section-height-default\" data-id=\"a066af8\" data-element_type=\"section\" data-e-type=\"section\" data-settings=\"{&quot;background_background&quot;:&quot;classic&quot;}\">\n\t\t\t\t\t\t<div class=\"elementor-container elementor-column-gap-default\">\n\t\t\t\t\t<div class=\"elementor-column elementor-col-100 elementor-top-column elementor-element elementor-element-84ea035\" data-id=\"84ea035\" data-element_type=\"column\" data-e-type=\"column\">\n\t\t\t<div class=\"elementor-widget-wrap elementor-element-populated\">\n\t\t\t\t\t\t<div class=\"elementor-element elementor-element-afab519 elementor-widget elementor-widget-heading\" data-id=\"afab519\" data-element_type=\"widget\" data-e-type=\"widget\" data-widget_type=\"heading.default\">\n\t\t\t\t<div class=\"elementor-widget-container\">\n\t\t\t\t\t<h1 class=\"elementor-heading-title elementor-size-default\">BLOG<\/h1>\t\t\t\t<\/div>\n\t\t\t\t<\/div>\n\t\t\t\t\t<\/div>\n\t\t<\/div>\n\t\t\t\t\t<\/div>\n\t\t<\/section>\n\t\t\t\t<section class=\"elementor-section elementor-top-section elementor-element elementor-element-2337a00 elementor-section-boxed elementor-section-height-default elementor-section-height-default\" data-id=\"2337a00\" data-element_type=\"section\" data-e-type=\"section\">\n\t\t\t\t\t\t<div class=\"elementor-container elementor-column-gap-default\">\n\t\t\t\t\t<div class=\"elementor-column elementor-col-100 elementor-top-column elementor-element elementor-element-8613c28\" data-id=\"8613c28\" data-element_type=\"column\" data-e-type=\"column\">\n\t\t\t<div class=\"elementor-widget-wrap elementor-element-populated\">\n\t\t\t\t\t\t<div class=\"elementor-element elementor-element-23ffae7 elementor-widget elementor-widget-heading\" data-id=\"23ffae7\" data-element_type=\"widget\" data-e-type=\"widget\" data-widget_type=\"heading.default\">\n\t\t\t\t<div class=\"elementor-widget-container\">\n\t\t\t\t\t<h2 class=\"elementor-heading-title elementor-size-default\">Our Blog Posts<\/h2>\t\t\t\t<\/div>\n\t\t\t\t<\/div>\n\t\t\t\t<div class=\"elementor-element elementor-element-e88b72e elementor-widget-divider--view-line elementor-widget elementor-widget-divider\" data-id=\"e88b72e\" data-element_type=\"widget\" data-e-type=\"widget\" data-widget_type=\"divider.default\">\n\t\t\t\t<div class=\"elementor-widget-container\">\n\t\t\t\t\t\t\t<div class=\"elementor-divider\">\n\t\t\t<span class=\"elementor-divider-separator\">\n\t\t\t\t\t\t<\/span>\n\t\t<\/div>\n\t\t\t\t\t\t<\/div>\n\t\t\t\t<\/div>\n\t\t\t\t<div class=\"elementor-element elementor-element-f88233d elementor-grid-3 elementor-grid-tablet-2 elementor-grid-mobile-1 elementor-posts--thumbnail-top elementor-card-shadow-yes elementor-posts__hover-gradient elementor-widget elementor-widget-posts\" data-id=\"f88233d\" data-element_type=\"widget\" data-e-type=\"widget\" data-settings=\"{&quot;cards_masonry&quot;:&quot;yes&quot;,&quot;cards_columns&quot;:&quot;3&quot;,&quot;cards_columns_tablet&quot;:&quot;2&quot;,&quot;cards_columns_mobile&quot;:&quot;1&quot;,&quot;cards_row_gap&quot;:{&quot;unit&quot;:&quot;px&quot;,&quot;size&quot;:35,&quot;sizes&quot;:[]},&quot;cards_row_gap_tablet&quot;:{&quot;unit&quot;:&quot;px&quot;,&quot;size&quot;:&quot;&quot;,&quot;sizes&quot;:[]},&quot;cards_row_gap_mobile&quot;:{&quot;unit&quot;:&quot;px&quot;,&quot;size&quot;:&quot;&quot;,&quot;sizes&quot;:[]}}\" data-widget_type=\"posts.cards\">\n\t\t\t\t<div class=\"elementor-widget-container\">\n\t\t\t\t\t\t\t<div class=\"elementor-posts-container elementor-posts elementor-posts--skin-cards elementor-grid\">\n\t\t\t\t<article class=\"elementor-post elementor-grid-item post-1228 post type-post status-publish format-standard has-post-thumbnail hentry category-blog-2 tag-ambalaj-kimyasallari tag-ambalaj-tutkali tag-esnek-ambalaj-sektoru tag-laminasyon-tutkallari tag-makro-chemical\">\n\t\t\t<div class=\"elementor-post__card\">\n\t\t\t\t<a class=\"elementor-post__thumbnail__link\" href=\"https:\/\/www.makrochemical.com\/en\/gelecegin-ambalaj-teknolojilerini-uretiyoruz\/\" ><div class=\"elementor-post__thumbnail\"><img fetchpriority=\"high\" decoding=\"async\" width=\"300\" height=\"300\" src=\"https:\/\/www.makrochemical.com\/wp-content\/uploads\/2026\/03\/Makro-Chemical-Blog-Yazilari-2.png\" class=\"attachment-medium size-medium wp-image-1229\" alt=\"\" srcset=\"https:\/\/www.makrochemical.com\/wp-content\/uploads\/2026\/03\/Makro-Chemical-Blog-Yazilari-2.png 300w, https:\/\/www.makrochemical.com\/wp-content\/uploads\/2026\/03\/Makro-Chemical-Blog-Yazilari-2-150x150.png 150w, https:\/\/www.makrochemical.com\/wp-content\/uploads\/2026\/03\/Makro-Chemical-Blog-Yazilari-2-12x12.png 12w\" sizes=\"(max-width: 300px) 100vw, 300px\" \/><\/div><\/a>\n\t\t\t\t<div class=\"elementor-post__badge\">Blog<\/div>\n\t\t\t\t<div class=\"elementor-post__text\">\n\t\t\t\t<h3 class=\"elementor-post__title\">\n\t\t\t<a href=\"https:\/\/www.makrochemical.com\/en\/gelecegin-ambalaj-teknolojilerini-uretiyoruz\/\" >\n\t\t\t\tWe Develop the Packaging Technologies of the Future\t\t\t<\/a>\n\t\t<\/h3>\n\t\t\t\t<div class=\"elementor-post__excerpt\">\n\t\t\t<p>The packaging industry has undergone a significant transformation in recent years, driven by demands for both high performance and environmentally friendly solutions. At the heart of this transformation is the selection of the right adhesive that reliably bonds every layer. At Makro Chemical, the foundation of our success lies in continuous development, a passion for technical excellence, and a vision to shape the future today.<\/p>\n\t\t<\/div>\n\t\t\t\t<\/div>\n\t\t\t\t\t<\/div>\n\t\t<\/article>\n\t\t\t\t<article class=\"elementor-post elementor-grid-item post-1217 post type-post status-publish format-standard has-post-thumbnail hentry category-blog-2 tag-ambalaj-kimyasallari tag-esnek-ambalaj-sektoru tag-laminasyon-tutkallari tag-makro-chemical tag-solventli-tutkal-ureticisi tag-solventsiz-laminasyon-teknolojileri\">\n\t\t\t<div class=\"elementor-post__card\">\n\t\t\t\t<a class=\"elementor-post__thumbnail__link\" href=\"https:\/\/www.makrochemical.com\/en\/esnek-ambalaj-sektorunde-basarinin-formulu-makro-chemicalin-temel-degerleri\/\" ><div class=\"elementor-post__thumbnail\"><img decoding=\"async\" width=\"300\" height=\"300\" src=\"https:\/\/www.makrochemical.com\/wp-content\/uploads\/2026\/03\/Makro-Chemical-Blog-Yazilari-3.png\" class=\"attachment-medium size-medium wp-image-1218\" alt=\"\" srcset=\"https:\/\/www.makrochemical.com\/wp-content\/uploads\/2026\/03\/Makro-Chemical-Blog-Yazilari-3.png 300w, https:\/\/www.makrochemical.com\/wp-content\/uploads\/2026\/03\/Makro-Chemical-Blog-Yazilari-3-150x150.png 150w, https:\/\/www.makrochemical.com\/wp-content\/uploads\/2026\/03\/Makro-Chemical-Blog-Yazilari-3-12x12.png 12w\" sizes=\"(max-width: 300px) 100vw, 300px\" \/><\/div><\/a>\n\t\t\t\t<div class=\"elementor-post__badge\">Blog<\/div>\n\t\t\t\t<div class=\"elementor-post__text\">\n\t\t\t\t<h3 class=\"elementor-post__title\">\n\t\t\t<a href=\"https:\/\/www.makrochemical.com\/en\/esnek-ambalaj-sektorunde-basarinin-formulu-makro-chemicalin-temel-degerleri\/\" >\n\t\t\t\tThe Formula for Success in the Flexible Packaging Industry:\nMakro Chemical\u2019s Core Values\t\t\t<\/a>\n\t\t<\/h3>\n\t\t\t\t<div class=\"elementor-post__excerpt\">\n\t\t\t<p>The flexible packaging industry is one of the most critical sectors, determining product safety and shelf life across a wide range of applications\u2014from fast-moving consumer goods to medical materials. In this dynamic market, sustainable success is achieved not only through production capacity but through unwavering values that uphold the brand.<\/p>\n\t\t<\/div>\n\t\t\t\t<\/div>\n\t\t\t\t\t<\/div>\n\t\t<\/article>\n\t\t\t\t<article class=\"elementor-post elementor-grid-item post-1141 post type-post status-publish format-standard has-post-thumbnail hentry category-blog-2\">\n\t\t\t<div class=\"elementor-post__card\">\n\t\t\t\t<a class=\"elementor-post__thumbnail__link\" href=\"https:\/\/www.makrochemical.com\/en\/ambalaj-endustrisinde-30-yillik-muhendislik-makro-chemical-ve-performansin-kimyasi\/\" ><div class=\"elementor-post__thumbnail\"><img decoding=\"async\" width=\"300\" height=\"300\" src=\"https:\/\/www.makrochemical.com\/wp-content\/uploads\/2026\/03\/Makro-Chemical-Blog-Yazilari-4.png\" class=\"attachment-medium size-medium wp-image-1142\" alt=\"\" srcset=\"https:\/\/www.makrochemical.com\/wp-content\/uploads\/2026\/03\/Makro-Chemical-Blog-Yazilari-4.png 300w, https:\/\/www.makrochemical.com\/wp-content\/uploads\/2026\/03\/Makro-Chemical-Blog-Yazilari-4-150x150.png 150w, https:\/\/www.makrochemical.com\/wp-content\/uploads\/2026\/03\/Makro-Chemical-Blog-Yazilari-4-12x12.png 12w\" sizes=\"(max-width: 300px) 100vw, 300px\" \/><\/div><\/a>\n\t\t\t\t<div class=\"elementor-post__badge\">Blog<\/div>\n\t\t\t\t<div class=\"elementor-post__text\">\n\t\t\t\t<h3 class=\"elementor-post__title\">\n\t\t\t<a href=\"https:\/\/www.makrochemical.com\/en\/ambalaj-endustrisinde-30-yillik-muhendislik-makro-chemical-ve-performansin-kimyasi\/\" >\n\t\t\t\t30 Years of Engineering in the Packaging Industry: Makro Chemical and the Chemistry of Performance\t\t\t<\/a>\n\t\t<\/h3>\n\t\t\t\t<div class=\"elementor-post__excerpt\">\n\t\t\t<p>The flexible packaging industry is undergoing a major transformation, driven by ever-increasing performance and sustainability expectations. In this dynamic sector, the success of packaging is measured not just by its outward design but by the \u201cinvisible force\u201d that holds its layers together. Since 1996, Makro Chemical has been shaping this invisible force with technology and reliability.<\/p>\n\t\t<\/div>\n\t\t\t\t<\/div>\n\t\t\t\t\t<\/div>\n\t\t<\/article>\n\t\t\t\t<\/div>\n\t\t\n\t\t\t\t\t\t<\/div>\n\t\t\t\t<\/div>\n\t\t\t\t\t<\/div>\n\t\t<\/div>\n\t\t\t\t\t<\/div>\n\t\t<\/section>\n\t\t\t\t<\/div>","protected":false},"excerpt":{"rendered":"<p>BLOG Blog Yaz\u0131lar\u0131m\u0131z<\/p>","protected":false},"author":2,"featured_media":0,"parent":82,"menu_order":0,"comment_status":"closed","ping_status":"closed","template":"elementor_header_footer","meta":{"footnotes":""},"class_list":["post-1087","page","type-page","status-publish","hentry"],"_links":{"self":[{"href":"https:\/\/www.makrochemical.com\/en\/wp-json\/wp\/v2\/pages\/1087","targetHints":{"allow":["GET"]}}],"collection":[{"href":"https:\/\/www.makrochemical.com\/en\/wp-json\/wp\/v2\/pages"}],"about":[{"href":"https:\/\/www.makrochemical.com\/en\/wp-json\/wp\/v2\/types\/page"}],"author":[{"embeddable":true,"href":"https:\/\/www.makrochemical.com\/en\/wp-json\/wp\/v2\/users\/2"}],"replies":[{"embeddable":true,"href":"https:\/\/www.makrochemical.com\/en\/wp-json\/wp\/v2\/comments?post=1087"}],"version-history":[{"count":32,"href":"https:\/\/www.makrochemical.com\/en\/wp-json\/wp\/v2\/pages\/1087\/revisions"}],"predecessor-version":[{"id":1237,"href":"https:\/\/www.makrochemical.com\/en\/wp-json\/wp\/v2\/pages\/1087\/revisions\/1237"}],"up":[{"embeddable":true,"href":"https:\/\/www.makrochemical.com\/en\/wp-json\/wp\/v2\/pages\/82"}],"wp:attachment":[{"href":"https:\/\/www.makrochemical.com\/en\/wp-json\/wp\/v2\/media?parent=1087"}],"curies":[{"name":"wp","href":"https:\/\/api.w.org\/{rel}","templated":true}]}}