{"id":106,"date":"2023-03-05T21:39:54","date_gmt":"2023-03-05T18:39:54","guid":{"rendered":"https:\/\/www.exciting-lovelace.194-5-236-185.plesk.page\/?page_id=106"},"modified":"2026-03-16T14:32:11","modified_gmt":"2026-03-16T11:32:11","slug":"bizden-haberler","status":"publish","type":"page","link":"https:\/\/www.makrochemical.com\/en\/bizden-haberler\/","title":{"rendered":"News"},"content":{"rendered":"<div data-elementor-type=\"wp-page\" data-elementor-id=\"106\" class=\"elementor elementor-106\">\n\t\t\t\t\t\t<section class=\"elementor-section elementor-top-section elementor-element elementor-element-8969ed8 elementor-section-boxed elementor-section-height-default elementor-section-height-default\" data-id=\"8969ed8\" data-element_type=\"section\" data-e-type=\"section\" data-settings=\"{&quot;background_background&quot;:&quot;classic&quot;}\">\n\t\t\t\t\t\t<div class=\"elementor-container elementor-column-gap-default\">\n\t\t\t\t\t<div class=\"elementor-column elementor-col-100 elementor-top-column elementor-element elementor-element-5ec4aa4\" data-id=\"5ec4aa4\" data-element_type=\"column\" data-e-type=\"column\">\n\t\t\t<div class=\"elementor-widget-wrap elementor-element-populated\">\n\t\t\t\t\t\t<div class=\"elementor-element elementor-element-b0b7ecc elementor-widget elementor-widget-heading\" data-id=\"b0b7ecc\" data-element_type=\"widget\" data-e-type=\"widget\" data-widget_type=\"heading.default\">\n\t\t\t\t<div class=\"elementor-widget-container\">\n\t\t\t\t\t<h1 class=\"elementor-heading-title elementor-size-default\">News<\/h1>\t\t\t\t<\/div>\n\t\t\t\t<\/div>\n\t\t\t\t\t<\/div>\n\t\t<\/div>\n\t\t\t\t\t<\/div>\n\t\t<\/section>\n\t\t\t\t<section class=\"elementor-section elementor-top-section elementor-element elementor-element-1ff709a elementor-section-boxed elementor-section-height-default elementor-section-height-default\" data-id=\"1ff709a\" data-element_type=\"section\" data-e-type=\"section\">\n\t\t\t\t\t\t<div class=\"elementor-container elementor-column-gap-default\">\n\t\t\t\t\t<div class=\"elementor-column elementor-col-100 elementor-top-column elementor-element elementor-element-b343b6a\" data-id=\"b343b6a\" data-element_type=\"column\" data-e-type=\"column\">\n\t\t\t<div class=\"elementor-widget-wrap elementor-element-populated\">\n\t\t\t\t\t\t<div class=\"elementor-element elementor-element-71fb507 elementor-widget elementor-widget-heading\" data-id=\"71fb507\" data-element_type=\"widget\" data-e-type=\"widget\" data-widget_type=\"heading.default\">\n\t\t\t\t<div class=\"elementor-widget-container\">\n\t\t\t\t\t<h2 class=\"elementor-heading-title elementor-size-default\">NEWS\n<\/h2>\t\t\t\t<\/div>\n\t\t\t\t<\/div>\n\t\t\t\t<div class=\"elementor-element elementor-element-2d0c9d5 elementor-widget-divider--view-line elementor-widget elementor-widget-divider\" data-id=\"2d0c9d5\" data-element_type=\"widget\" data-e-type=\"widget\" data-widget_type=\"divider.default\">\n\t\t\t\t<div class=\"elementor-widget-container\">\n\t\t\t\t\t\t\t<div class=\"elementor-divider\">\n\t\t\t<span class=\"elementor-divider-separator\">\n\t\t\t\t\t\t<\/span>\n\t\t<\/div>\n\t\t\t\t\t\t<\/div>\n\t\t\t\t<\/div>\n\t\t\t\t<div class=\"elementor-element elementor-element-5f2b444 elementor-grid-4 elementor-grid-tablet-2 elementor-grid-mobile-1 elementor-posts--thumbnail-top elementor-card-shadow-yes elementor-posts__hover-gradient elementor-widget elementor-widget-posts\" data-id=\"5f2b444\" data-element_type=\"widget\" data-e-type=\"widget\" data-settings=\"{&quot;cards_columns&quot;:&quot;4&quot;,&quot;cards_masonry&quot;:&quot;yes&quot;,&quot;cards_columns_tablet&quot;:&quot;2&quot;,&quot;cards_columns_mobile&quot;:&quot;1&quot;,&quot;cards_row_gap&quot;:{&quot;unit&quot;:&quot;px&quot;,&quot;size&quot;:35,&quot;sizes&quot;:[]},&quot;cards_row_gap_tablet&quot;:{&quot;unit&quot;:&quot;px&quot;,&quot;size&quot;:&quot;&quot;,&quot;sizes&quot;:[]},&quot;cards_row_gap_mobile&quot;:{&quot;unit&quot;:&quot;px&quot;,&quot;size&quot;:&quot;&quot;,&quot;sizes&quot;:[]}}\" data-widget_type=\"posts.cards\">\n\t\t\t\t<div class=\"elementor-widget-container\">\n\t\t\t\t\t\t\t<div class=\"elementor-posts-container elementor-posts elementor-posts--skin-cards elementor-grid\">\n\t\t\t\t<article class=\"elementor-post elementor-grid-item post-859 post type-post status-publish format-standard has-post-thumbnail hentry category-bizden-haberler\">\n\t\t\t<div class=\"elementor-post__card\">\n\t\t\t\t<a class=\"elementor-post__thumbnail__link\" href=\"https:\/\/www.makrochemical.com\/en\/tev-kosu-sonuclari-2\/\" ><div class=\"elementor-post__thumbnail\"><img fetchpriority=\"high\" decoding=\"async\" width=\"245\" height=\"300\" src=\"https:\/\/www.makrochemical.com\/wp-content\/uploads\/2025\/07\/TEV-1-245x300.jpg\" class=\"attachment-medium size-medium wp-image-860\" alt=\"\" srcset=\"https:\/\/www.makrochemical.com\/wp-content\/uploads\/2025\/07\/TEV-1-245x300.jpg 245w, https:\/\/www.makrochemical.com\/wp-content\/uploads\/2025\/07\/TEV-1-837x1024.jpg 837w, https:\/\/www.makrochemical.com\/wp-content\/uploads\/2025\/07\/TEV-1-768x939.jpg 768w, https:\/\/www.makrochemical.com\/wp-content\/uploads\/2025\/07\/TEV-1-10x12.jpg 10w, https:\/\/www.makrochemical.com\/wp-content\/uploads\/2025\/07\/TEV-1.jpg 1170w\" sizes=\"(max-width: 245px) 100vw, 245px\" \/><\/div><\/a>\n\t\t\t\t<div class=\"elementor-post__badge\">News<\/div>\n\t\t\t\t<div class=\"elementor-post__text\">\n\t\t\t\t<h3 class=\"elementor-post__title\">\n\t\t\t<a href=\"https:\/\/www.makrochemical.com\/en\/tev-kosu-sonuclari-2\/\" >\n\t\t\t\tTEV MARATHON RESULTS\t\t\t<\/a>\n\t\t<\/h3>\n\t\t\t\t<div class=\"elementor-post__excerpt\">\n\t\t\t<p>Makro Chemical ko\u015fu tak\u0131m\u0131 olarak, Salomon \u00c7e\u015fme Maratonu\u2019nda T\u00fcrk E\u011fitim Vakf\u0131 (TEV) ad\u0131na ko\u015farak, e\u011fitime destek olman\u0131n gururunu ya\u015fad\u0131k. Bu anlaml\u0131 etkinlikte att\u0131\u011f\u0131m\u0131z her ad\u0131m, 10 \u00fcniversite \u00f6\u011frencisinin e\u011fitimine \u0131\u015f\u0131k oldu. Sosyal sorumlulu\u011fa olan ba\u011fl\u0131l\u0131\u011f\u0131m\u0131z\u0131n bir yans\u0131mas\u0131 olan bu ko\u015fuda, t\u00fcm TEV tak\u0131mlar\u0131 aras\u0131nda 1. olarak b\u00fcy\u00fck bir ba\u015far\u0131ya imza<\/p>\n\t\t<\/div>\n\t\t\t\t<\/div>\n\t\t\t\t<div class=\"elementor-post__meta-data\">\n\t\t\t\t\t<span class=\"elementor-post-date\">\n\t\t\t30 May 2025\t\t<\/span>\n\t\t\t\t<\/div>\n\t\t\t\t\t<\/div>\n\t\t<\/article>\n\t\t\t\t<article class=\"elementor-post elementor-grid-item post-863 post type-post status-publish format-standard has-post-thumbnail hentry category-bizden-haberler\">\n\t\t\t<div class=\"elementor-post__card\">\n\t\t\t\t<a class=\"elementor-post__thumbnail__link\" href=\"https:\/\/www.makrochemical.com\/en\/beslenme-dostu-ve-fiziksel-aktiviteyi-destekleyen-isyeri\/\" ><div class=\"elementor-post__thumbnail\"><img decoding=\"async\" width=\"300\" height=\"296\" src=\"https:\/\/www.makrochemical.com\/wp-content\/uploads\/2024\/11\/WhatsApp-Gorsel-2025-07-03-saat-16.36.23_61d68f9b-300x296.jpg\" class=\"attachment-medium size-medium wp-image-872\" alt=\"\" srcset=\"https:\/\/www.makrochemical.com\/wp-content\/uploads\/2024\/11\/WhatsApp-Gorsel-2025-07-03-saat-16.36.23_61d68f9b-300x296.jpg 300w, https:\/\/www.makrochemical.com\/wp-content\/uploads\/2024\/11\/WhatsApp-Gorsel-2025-07-03-saat-16.36.23_61d68f9b-1024x1012.jpg 1024w, https:\/\/www.makrochemical.com\/wp-content\/uploads\/2024\/11\/WhatsApp-Gorsel-2025-07-03-saat-16.36.23_61d68f9b-768x759.jpg 768w, https:\/\/www.makrochemical.com\/wp-content\/uploads\/2024\/11\/WhatsApp-Gorsel-2025-07-03-saat-16.36.23_61d68f9b-12x12.jpg 12w, https:\/\/www.makrochemical.com\/wp-content\/uploads\/2024\/11\/WhatsApp-Gorsel-2025-07-03-saat-16.36.23_61d68f9b.jpg 1170w\" sizes=\"(max-width: 300px) 100vw, 300px\" \/><\/div><\/a>\n\t\t\t\t<div class=\"elementor-post__badge\">News<\/div>\n\t\t\t\t<div class=\"elementor-post__text\">\n\t\t\t\t<h3 class=\"elementor-post__title\">\n\t\t\t<a href=\"https:\/\/www.makrochemical.com\/en\/beslenme-dostu-ve-fiziksel-aktiviteyi-destekleyen-isyeri\/\" >\n\t\t\t\tNUTRITION-FRIENDLY AND PHYSICALLY ACTIVE WORKPLACE PROGRAM\t\t\t<\/a>\n\t\t<\/h3>\n\t\t\t\t<div class=\"elementor-post__excerpt\">\n\t\t\t<p>Makro Chemical End\u00fcstriyel Kimyasallar San. ve Tic. A.\u015e. olarak, \u00e7al\u0131\u015fan sa\u011fl\u0131\u011f\u0131 ve refah\u0131n\u0131 \u00f6nceliklendiren yakla\u015f\u0131m\u0131m\u0131z do\u011frultusunda, T.C. Sa\u011fl\u0131k Bakanl\u0131\u011f\u0131 taraf\u0131ndan y\u00fcr\u00fct\u00fclen \u201cBeslenme Dostu ve Fiziksel Aktiviteyi Destekleyen \u0130\u015fyeri Program\u0131\u201d kapsam\u0131nda bu de\u011ferli unvana lay\u0131k g\u00f6r\u00fclmenin gururunu ya\u015f\u0131yoruz. Program kapsam\u0131nda yap\u0131lan de\u011ferlendirme sonucunda almaya hak kazand\u0131\u011f\u0131m\u0131z sertifika, \u0130zmir \u0130l Sa\u011fl\u0131k M\u00fcd\u00fcrl\u00fc\u011f\u00fc<\/p>\n\t\t<\/div>\n\t\t\t\t<\/div>\n\t\t\t\t<div class=\"elementor-post__meta-data\">\n\t\t\t\t\t<span class=\"elementor-post-date\">\n\t\t\t14 November 2024\t\t<\/span>\n\t\t\t\t<\/div>\n\t\t\t\t\t<\/div>\n\t\t<\/article>\n\t\t\t\t<article class=\"elementor-post elementor-grid-item post-761 post type-post status-publish format-standard has-post-thumbnail hentry category-bizden-haberler\">\n\t\t\t<div class=\"elementor-post__card\">\n\t\t\t\t<a class=\"elementor-post__thumbnail__link\" href=\"https:\/\/www.makrochemical.com\/en\/tev-kosu-sonuclari\/\" ><div class=\"elementor-post__thumbnail\"><img decoding=\"async\" width=\"294\" height=\"300\" src=\"https:\/\/www.makrochemical.com\/wp-content\/uploads\/2023\/06\/Screenshot_20230525_145422_Instagram-294x300.jpg\" class=\"attachment-medium size-medium wp-image-763\" alt=\"\" srcset=\"https:\/\/www.makrochemical.com\/wp-content\/uploads\/2023\/06\/Screenshot_20230525_145422_Instagram-294x300.jpg 294w, https:\/\/www.makrochemical.com\/wp-content\/uploads\/2023\/06\/Screenshot_20230525_145422_Instagram-1002x1024.jpg 1002w, https:\/\/www.makrochemical.com\/wp-content\/uploads\/2023\/06\/Screenshot_20230525_145422_Instagram-768x785.jpg 768w, https:\/\/www.makrochemical.com\/wp-content\/uploads\/2023\/06\/Screenshot_20230525_145422_Instagram-12x12.jpg 12w, https:\/\/www.makrochemical.com\/wp-content\/uploads\/2023\/06\/Screenshot_20230525_145422_Instagram.jpg 1048w\" sizes=\"(max-width: 294px) 100vw, 294px\" \/><\/div><\/a>\n\t\t\t\t<div class=\"elementor-post__badge\">News<\/div>\n\t\t\t\t<div class=\"elementor-post__text\">\n\t\t\t\t<h3 class=\"elementor-post__title\">\n\t\t\t<a href=\"https:\/\/www.makrochemical.com\/en\/tev-kosu-sonuclari\/\" >\n\t\t\t\tTEV MARATHON RESULTS\t\t\t<\/a>\n\t\t<\/h3>\n\t\t\t\t<div class=\"elementor-post__excerpt\">\n\t\t\t<p>As Makro Chemical, we were ranked 1th amongst the teams with donation in 2023 \u0130zmir Marathon<\/p>\n\t\t<\/div>\n\t\t\t\t<\/div>\n\t\t\t\t<div class=\"elementor-post__meta-data\">\n\t\t\t\t\t<span class=\"elementor-post-date\">\n\t\t\t22 May 2023\t\t<\/span>\n\t\t\t\t<\/div>\n\t\t\t\t\t<\/div>\n\t\t<\/article>\n\t\t\t\t<article class=\"elementor-post elementor-grid-item post-721 post type-post status-publish format-standard hentry category-bizden-haberler\">\n\t\t\t<div class=\"elementor-post__card\">\n\t\t\t\t<div class=\"elementor-post__text\">\n\t\t\t\t<h3 class=\"elementor-post__title\">\n\t\t\t<a href=\"https:\/\/www.makrochemical.com\/en\/rsl-yeni-urun\/\" >\n\t\t\t\tNEW PRODUCT: RSL\t\t\t<\/a>\n\t\t<\/h3>\n\t\t\t\t<div class=\"elementor-post__excerpt\">\n\t\t\t<p>We happily announce our new product Polyseal RSL \u2013 Resealable Cold Seal.<\/p>\n\t\t<\/div>\n\t\t\t\t<\/div>\n\t\t\t\t<div class=\"elementor-post__meta-data\">\n\t\t\t\t\t<span class=\"elementor-post-date\">\n\t\t\t19 April 2023\t\t<\/span>\n\t\t\t\t<\/div>\n\t\t\t\t\t<\/div>\n\t\t<\/article>\n\t\t\t\t<article class=\"elementor-post elementor-grid-item post-718 post type-post status-publish format-standard hentry category-bizden-haberler\">\n\t\t\t<div class=\"elementor-post__card\">\n\t\t\t\t<div class=\"elementor-post__text\">\n\t\t\t\t<h3 class=\"elementor-post__title\">\n\t\t\t<a href=\"https:\/\/www.makrochemical.com\/en\/dr-behcet-uz-cocuk-vakfi\/\" >\n\t\t\t\tDR BEH\u00c7ET UZ CHILDRENS FUND\t\t\t<\/a>\n\t\t<\/h3>\n\t\t\t\t<div class=\"elementor-post__excerpt\">\n\t\t\t<p>Makro Chemical olarak, Dr. Beh\u00e7et Uz \u00c7ocuk Vakf\u0131\u2019n\u0131n ihtiya\u00e7l\u0131 hasta \u00e7ocuklar yarar\u0131na 3 Haziran 2023 Cumartesi ak\u015fam\u0131 Bostanl\u0131 Suat Ta\u015fer Tiyatrosu\u2019nda organize etti\u011fi \u2018Bak Yan\u0131nday\u0131m, Tut Elimi\u2019 Dayan\u0131\u015fma Konserinde sponsor olarak yerimizi ald\u0131k.<\/p>\n\t\t<\/div>\n\t\t\t\t<\/div>\n\t\t\t\t<div class=\"elementor-post__meta-data\">\n\t\t\t\t\t<span class=\"elementor-post-date\">\n\t\t\t14 April 2023\t\t<\/span>\n\t\t\t\t<\/div>\n\t\t\t\t\t<\/div>\n\t\t<\/article>\n\t\t\t\t<article class=\"elementor-post elementor-grid-item post-715 post type-post status-publish format-standard has-post-thumbnail hentry category-bizden-haberler\">\n\t\t\t<div class=\"elementor-post__card\">\n\t\t\t\t<a class=\"elementor-post__thumbnail__link\" href=\"https:\/\/www.makrochemical.com\/en\/kurulusumuzun-22-yil\/\" ><div class=\"elementor-post__thumbnail\"><img loading=\"lazy\" decoding=\"async\" width=\"213\" height=\"300\" src=\"https:\/\/www.makrochemical.com\/wp-content\/uploads\/2023\/03\/22ciyil-213x300.jpg\" class=\"attachment-medium size-medium wp-image-730\" alt=\"\" srcset=\"https:\/\/www.makrochemical.com\/wp-content\/uploads\/2023\/03\/22ciyil-213x300.jpg 213w, https:\/\/www.makrochemical.com\/wp-content\/uploads\/2023\/03\/22ciyil-727x1024.jpg 727w, https:\/\/www.makrochemical.com\/wp-content\/uploads\/2023\/03\/22ciyil-9x12.jpg 9w, https:\/\/www.makrochemical.com\/wp-content\/uploads\/2023\/03\/22ciyil.jpg 740w\" sizes=\"(max-width: 213px) 100vw, 213px\" \/><\/div><\/a>\n\t\t\t\t<div class=\"elementor-post__badge\">News<\/div>\n\t\t\t\t<div class=\"elementor-post__text\">\n\t\t\t\t<h3 class=\"elementor-post__title\">\n\t\t\t<a href=\"https:\/\/www.makrochemical.com\/en\/kurulusumuzun-22-yil\/\" >\n\t\t\t\tOUR 22ND ANNIVERSARY\t\t\t<\/a>\n\t\t<\/h3>\n\t\t\t\t<div class=\"elementor-post__excerpt\">\n\t\t\t<p>As MAKRO CHEMICAL, we are in the pleasant position to celebrate our 22th year in business.<\/p>\n\t\t<\/div>\n\t\t\t\t<\/div>\n\t\t\t\t<div class=\"elementor-post__meta-data\">\n\t\t\t\t\t<span class=\"elementor-post-date\">\n\t\t\t21 March 2023\t\t<\/span>\n\t\t\t\t<\/div>\n\t\t\t\t\t<\/div>\n\t\t<\/article>\n\t\t\t\t<article class=\"elementor-post elementor-grid-item post-700 post type-post status-publish format-standard has-post-thumbnail hentry category-bizden-haberler\">\n\t\t\t<div class=\"elementor-post__card\">\n\t\t\t\t<a class=\"elementor-post__thumbnail__link\" href=\"https:\/\/www.makrochemical.com\/en\/tev-kosu-sonuc\/\" ><div class=\"elementor-post__thumbnail\"><img loading=\"lazy\" decoding=\"async\" width=\"300\" height=\"300\" src=\"https:\/\/www.makrochemical.com\/wp-content\/uploads\/2023\/04\/TEV-KOSU-SONUC-HABERI-300x300.jpeg\" class=\"attachment-medium size-medium wp-image-698\" alt=\"\" srcset=\"https:\/\/www.makrochemical.com\/wp-content\/uploads\/2023\/04\/TEV-KOSU-SONUC-HABERI-300x300.jpeg 300w, https:\/\/www.makrochemical.com\/wp-content\/uploads\/2023\/04\/TEV-KOSU-SONUC-HABERI-1024x1024.jpeg 1024w, https:\/\/www.makrochemical.com\/wp-content\/uploads\/2023\/04\/TEV-KOSU-SONUC-HABERI-150x150.jpeg 150w, https:\/\/www.makrochemical.com\/wp-content\/uploads\/2023\/04\/TEV-KOSU-SONUC-HABERI-768x768.jpeg 768w, https:\/\/www.makrochemical.com\/wp-content\/uploads\/2023\/04\/TEV-KOSU-SONUC-HABERI-12x12.jpeg 12w, https:\/\/www.makrochemical.com\/wp-content\/uploads\/2023\/04\/TEV-KOSU-SONUC-HABERI.jpeg 1080w\" sizes=\"(max-width: 300px) 100vw, 300px\" \/><\/div><\/a>\n\t\t\t\t<div class=\"elementor-post__badge\">News<\/div>\n\t\t\t\t<div class=\"elementor-post__text\">\n\t\t\t\t<h3 class=\"elementor-post__title\">\n\t\t\t<a href=\"https:\/\/www.makrochemical.com\/en\/tev-kosu-sonuc\/\" >\n\t\t\t\tTEV MARATHON RESULTS\t\t\t<\/a>\n\t\t<\/h3>\n\t\t\t\t<div class=\"elementor-post__excerpt\">\n\t\t\t<p>As Makro Chemical, we were ranked 4th amongst the teams with donation values in 2022 \u0130zmir Marathon. Our runner Gizem \u00dcnal finished the run in the 6th place, we congratulate her.<\/p>\n\t\t<\/div>\n\t\t\t\t<\/div>\n\t\t\t\t<div class=\"elementor-post__meta-data\">\n\t\t\t\t\t<span class=\"elementor-post-date\">\n\t\t\t1 July 2022\t\t<\/span>\n\t\t\t\t<\/div>\n\t\t\t\t\t<\/div>\n\t\t<\/article>\n\t\t\t\t<article class=\"elementor-post elementor-grid-item post-696 post type-post status-publish format-standard hentry category-bizden-haberler\">\n\t\t\t<div class=\"elementor-post__card\">\n\t\t\t\t<div class=\"elementor-post__text\">\n\t\t\t\t<h3 class=\"elementor-post__title\">\n\t\t\t<a href=\"https:\/\/www.makrochemical.com\/en\/tev-kosu-katilim\/\" >\n\t\t\t\tTEV MARATHON PARTICIPATION\t\t\t<\/a>\n\t\t<\/h3>\n\t\t\t\t<div class=\"elementor-post__excerpt\">\n\t\t\t<p>Makro Chemical, T\u00fcrk E\u011fitim Vakf\u0131\u2019n\u0131n e\u011fitimleri yar\u0131m kalan \u00f6\u011frenciler i\u00e7in a\u00e7t\u0131\u011f\u0131 bursu desteklemek i\u00e7in ko\u015fuyor. Hedefimize ula\u015fabilmek i\u00e7in sizin desteklerinize ihtiyac\u0131m\u0131z var, kampanyam\u0131z\u0131 t\u0131klayarak e\u011fitimi yar\u0131m kalan \u00f6\u011frencilerimiz i\u00e7in destek olabilirsiniz. Kampanya Ko\u015fucu Kodum: EFT\/Havale ba\u011f\u0131\u015flar\u0131nda a\u00e7\u0131klamaya yaz\u0131lmas\u0131 gereken kod: CC82258. https:\/\/ipk.adimadim.org\/kampanya\/CC82258?fbclid=IwAR1fp-4nkjWtkGNpEbN74z2mpS6MJLe8PgbijBlFIjWP81Wm7l991jko4zU<\/p>\n\t\t<\/div>\n\t\t\t\t<\/div>\n\t\t\t\t<div class=\"elementor-post__meta-data\">\n\t\t\t\t\t<span class=\"elementor-post-date\">\n\t\t\t4 April 2022\t\t<\/span>\n\t\t\t\t<\/div>\n\t\t\t\t\t<\/div>\n\t\t<\/article>\n\t\t\t\t<article class=\"elementor-post elementor-grid-item post-692 post type-post status-publish format-standard has-post-thumbnail hentry category-bizden-haberler\">\n\t\t\t<div class=\"elementor-post__card\">\n\t\t\t\t<a class=\"elementor-post__thumbnail__link\" href=\"https:\/\/www.makrochemical.com\/en\/matbaa-teknik\/\" ><div class=\"elementor-post__thumbnail\"><img loading=\"lazy\" decoding=\"async\" width=\"220\" height=\"300\" src=\"https:\/\/www.makrochemical.com\/wp-content\/uploads\/2023\/04\/MATBAA-TEKNIK-1-220x300.jpg\" class=\"attachment-medium size-medium wp-image-694\" alt=\"\" srcset=\"https:\/\/www.makrochemical.com\/wp-content\/uploads\/2023\/04\/MATBAA-TEKNIK-1-220x300.jpg 220w, https:\/\/www.makrochemical.com\/wp-content\/uploads\/2023\/04\/MATBAA-TEKNIK-1-751x1024.jpg 751w, https:\/\/www.makrochemical.com\/wp-content\/uploads\/2023\/04\/MATBAA-TEKNIK-1-768x1047.jpg 768w, https:\/\/www.makrochemical.com\/wp-content\/uploads\/2023\/04\/MATBAA-TEKNIK-1-1126x1536.jpg 1126w, https:\/\/www.makrochemical.com\/wp-content\/uploads\/2023\/04\/MATBAA-TEKNIK-1-1502x2048.jpg 1502w, https:\/\/www.makrochemical.com\/wp-content\/uploads\/2023\/04\/MATBAA-TEKNIK-1-9x12.jpg 9w, https:\/\/www.makrochemical.com\/wp-content\/uploads\/2023\/04\/MATBAA-TEKNIK-1.jpg 1733w\" sizes=\"(max-width: 220px) 100vw, 220px\" \/><\/div><\/a>\n\t\t\t\t<div class=\"elementor-post__badge\">News<\/div>\n\t\t\t\t<div class=\"elementor-post__text\">\n\t\t\t\t<h3 class=\"elementor-post__title\">\n\t\t\t<a href=\"https:\/\/www.makrochemical.com\/en\/matbaa-teknik\/\" >\n\t\t\t\tMATBAA TEKN\u0130K MAGAZINE\t\t\t<\/a>\n\t\t<\/h3>\n\t\t\t\t<div class=\"elementor-post__excerpt\">\n\t\t\t<p>Our factory manager gave an interview for the magazine Matbaa &amp; Teknik and talked about our company vision and mission. &nbsp;<\/p>\n\t\t<\/div>\n\t\t\t\t<\/div>\n\t\t\t\t<div class=\"elementor-post__meta-data\">\n\t\t\t\t\t<span class=\"elementor-post-date\">\n\t\t\t11 June 2020\t\t<\/span>\n\t\t\t\t<\/div>\n\t\t\t\t\t<\/div>\n\t\t<\/article>\n\t\t\t\t<article class=\"elementor-post elementor-grid-item post-688 post type-post status-publish format-standard has-post-thumbnail hentry category-bizden-haberler\">\n\t\t\t<div class=\"elementor-post__card\">\n\t\t\t\t<a class=\"elementor-post__thumbnail__link\" href=\"https:\/\/www.makrochemical.com\/en\/rosupack\/\" ><div class=\"elementor-post__thumbnail\"><img loading=\"lazy\" decoding=\"async\" width=\"300\" height=\"169\" src=\"https:\/\/www.makrochemical.com\/wp-content\/uploads\/2023\/04\/ROSUPAK-HABER-1-300x169.jpg\" class=\"attachment-medium size-medium wp-image-690\" alt=\"\" srcset=\"https:\/\/www.makrochemical.com\/wp-content\/uploads\/2023\/04\/ROSUPAK-HABER-1-300x169.jpg 300w, https:\/\/www.makrochemical.com\/wp-content\/uploads\/2023\/04\/ROSUPAK-HABER-1-18x10.jpg 18w, https:\/\/www.makrochemical.com\/wp-content\/uploads\/2023\/04\/ROSUPAK-HABER-1.jpg 600w\" sizes=\"(max-width: 300px) 100vw, 300px\" \/><\/div><\/a>\n\t\t\t\t<div class=\"elementor-post__badge\">News<\/div>\n\t\t\t\t<div class=\"elementor-post__text\">\n\t\t\t\t<h3 class=\"elementor-post__title\">\n\t\t\t<a href=\"https:\/\/www.makrochemical.com\/en\/rosupack\/\" >\n\t\t\t\tROSUPACK\t\t\t<\/a>\n\t\t<\/h3>\n\t\t\t\t<div class=\"elementor-post__excerpt\">\n\t\t\t<p>Between 26-29 June 2018 we will be participating in \u201cROSUPACK 2018\u201d which will be held in Moscow, Russia. We will be happy to welcome you to our stand in Pavillion 3 Hall 15.<\/p>\n\t\t<\/div>\n\t\t\t\t<\/div>\n\t\t\t\t<div class=\"elementor-post__meta-data\">\n\t\t\t\t\t<span class=\"elementor-post-date\">\n\t\t\t9 May 2018\t\t<\/span>\n\t\t\t\t<\/div>\n\t\t\t\t\t<\/div>\n\t\t<\/article>\n\t\t\t\t<\/div>\n\t\t\n\t\t\t\t\t\t<\/div>\n\t\t\t\t<\/div>\n\t\t\t\t\t<\/div>\n\t\t<\/div>\n\t\t\t\t\t<\/div>\n\t\t<\/section>\n\t\t\t\t<\/div>","protected":false},"excerpt":{"rendered":"<p>NEWS<\/p>","protected":false},"author":1,"featured_media":0,"parent":0,"menu_order":0,"comment_status":"closed","ping_status":"closed","template":"elementor_header_footer","meta":{"footnotes":""},"class_list":["post-106","page","type-page","status-publish","hentry"],"_links":{"self":[{"href":"https:\/\/www.makrochemical.com\/en\/wp-json\/wp\/v2\/pages\/106","targetHints":{"allow":["GET"]}}],"collection":[{"href":"https:\/\/www.makrochemical.com\/en\/wp-json\/wp\/v2\/pages"}],"about":[{"href":"https:\/\/www.makrochemical.com\/en\/wp-json\/wp\/v2\/types\/page"}],"author":[{"embeddable":true,"href":"https:\/\/www.makrochemical.com\/en\/wp-json\/wp\/v2\/users\/1"}],"replies":[{"embeddable":true,"href":"https:\/\/www.makrochemical.com\/en\/wp-json\/wp\/v2\/comments?post=106"}],"version-history":[{"count":65,"href":"https:\/\/www.makrochemical.com\/en\/wp-json\/wp\/v2\/pages\/106\/revisions"}],"predecessor-version":[{"id":1194,"href":"https:\/\/www.makrochemical.com\/en\/wp-json\/wp\/v2\/pages\/106\/revisions\/1194"}],"wp:attachment":[{"href":"https:\/\/www.makrochemical.com\/en\/wp-json\/wp\/v2\/media?parent=106"}],"curies":[{"name":"wp","href":"https:\/\/api.w.org\/{rel}","templated":true}]}}