{"id":737,"date":"2023-04-19T18:15:01","date_gmt":"2023-04-19T15:15:01","guid":{"rendered":"https:\/\/www.makrochemical.com\/?page_id=737"},"modified":"2026-03-16T10:16:30","modified_gmt":"2026-03-16T07:16:30","slug":"arge-kalite","status":"publish","type":"page","link":"http:\/\/www.makrochemical.com\/en\/arge-kalite\/","title":{"rendered":"Our Documents"},"content":{"rendered":"<div data-elementor-type=\"wp-page\" data-elementor-id=\"737\" class=\"elementor elementor-737\">\n\t\t\t\t\t\t<section class=\"elementor-section elementor-top-section elementor-element elementor-element-504b2bd elementor-section-boxed elementor-section-height-default elementor-section-height-default\" data-id=\"504b2bd\" data-element_type=\"section\" data-e-type=\"section\" data-settings=\"{&quot;background_background&quot;:&quot;classic&quot;}\">\n\t\t\t\t\t\t<div class=\"elementor-container elementor-column-gap-default\">\n\t\t\t\t\t<div class=\"elementor-column elementor-col-100 elementor-top-column elementor-element elementor-element-158b887\" data-id=\"158b887\" data-element_type=\"column\" data-e-type=\"column\">\n\t\t\t<div class=\"elementor-widget-wrap elementor-element-populated\">\n\t\t\t\t\t\t<div class=\"elementor-element elementor-element-51d6de2 elementor-widget elementor-widget-heading\" data-id=\"51d6de2\" data-element_type=\"widget\" data-e-type=\"widget\" data-widget_type=\"heading.default\">\n\t\t\t\t<div class=\"elementor-widget-container\">\n\t\t\t\t\t<h1 class=\"elementor-heading-title elementor-size-default\">R&amp;D<\/h1>\t\t\t\t<\/div>\n\t\t\t\t<\/div>\n\t\t\t\t\t<\/div>\n\t\t<\/div>\n\t\t\t\t\t<\/div>\n\t\t<\/section>\n\t\t\t\t<section class=\"elementor-section elementor-top-section elementor-element elementor-element-789a5db elementor-section-boxed elementor-section-height-default elementor-section-height-default\" data-id=\"789a5db\" data-element_type=\"section\" data-e-type=\"section\">\n\t\t\t\t\t\t<div class=\"elementor-container elementor-column-gap-default\">\n\t\t\t\t\t<div class=\"elementor-column elementor-col-100 elementor-top-column elementor-element elementor-element-af23d31\" data-id=\"af23d31\" data-element_type=\"column\" data-e-type=\"column\">\n\t\t\t<div class=\"elementor-widget-wrap elementor-element-populated\">\n\t\t\t\t\t\t<div class=\"elementor-element elementor-element-9bcbc6e elementor-widget elementor-widget-text-editor\" data-id=\"9bcbc6e\" data-element_type=\"widget\" data-e-type=\"widget\" data-widget_type=\"text-editor.default\">\n\t\t\t\t<div class=\"elementor-widget-container\">\n\t\t\t\t\t\t\t\t\t<p>MAKRO CHEMICAL\u2019S R&amp;D POWER<\/p><p><strong>Designing the Packaging Technologies of the Future<\/strong><\/p><p>At Makro Chemical, the foundation of our success lies in our passion for continuous development and technical excellence. In our fully equipped laboratories located at our facilities in \u0130zmir, we develop solutions that not only meet today\u2019s needs but also shape the future performance and sustainability expectations of the packaging industry.<\/p><p class=\"translation-block\"><strong>Tailor-Made Solutions:<\/strong> We go beyond standard products and develop formulations specifically designed for our customers\u2019 line speeds and unique lamination requirements.<\/p><p><strong>Advanced Analytical Capability:<\/strong> From raw material intake to the final product, we perform all tests in accordance with international standards.<\/p><p><strong>Sustainability Focus:<\/strong> We work on environmentally friendly products that consume less energy and facilitate easier recycling.<\/p><p class=\"translation-block\"><strong>Technical Support and Consultancy:<\/strong> Our R&amp;D team plays an active role not only in the laboratory but also on our customers\u2019 production lines, supporting process optimization.<\/p>\t\t\t\t\t\t\t\t<\/div>\n\t\t\t\t<\/div>\n\t\t\t\t\t<\/div>\n\t\t<\/div>\n\t\t\t\t\t<\/div>\n\t\t<\/section>\n\t\t\t\t<section class=\"elementor-section elementor-top-section elementor-element elementor-element-616e66f elementor-section-boxed elementor-section-height-default elementor-section-height-default\" data-id=\"616e66f\" data-element_type=\"section\" data-e-type=\"section\">\n\t\t\t\t\t\t<div class=\"elementor-container elementor-column-gap-default\">\n\t\t\t\t\t<div class=\"elementor-column elementor-col-100 elementor-top-column elementor-element elementor-element-12e87c2\" data-id=\"12e87c2\" data-element_type=\"column\" data-e-type=\"column\">\n\t\t\t<div class=\"elementor-widget-wrap elementor-element-populated\">\n\t\t\t\t\t\t<div class=\"elementor-element elementor-element-633839d elementor-widget elementor-widget-image\" data-id=\"633839d\" data-element_type=\"widget\" data-e-type=\"widget\" data-widget_type=\"image.default\">\n\t\t\t\t<div class=\"elementor-widget-container\">\n\t\t\t\t\t\t\t\t\t\t\t\t\t\t\t<img decoding=\"async\" src=\"https:\/\/www.makrochemical.com\/wp-content\/uploads\/2026\/03\/Makro-Chemical-sayfasi-1.svg\" title=\"Makro Chemical sayfas\u0131 (1)\" alt=\"Makro Chemical sayfas\u0131 (1)\" loading=\"lazy\" \/>\t\t\t\t\t\t\t\t\t\t\t\t\t\t\t<\/div>\n\t\t\t\t<\/div>\n\t\t\t\t\t<\/div>\n\t\t<\/div>\n\t\t\t\t\t<\/div>\n\t\t<\/section>\n\t\t\t\t<section class=\"elementor-section elementor-top-section elementor-element elementor-element-61c7637 elementor-section-boxed elementor-section-height-default elementor-section-height-default\" data-id=\"61c7637\" data-element_type=\"section\" data-e-type=\"section\">\n\t\t\t\t\t\t<div class=\"elementor-container elementor-column-gap-default\">\n\t\t\t\t\t<div class=\"elementor-column elementor-col-100 elementor-top-column elementor-element elementor-element-d5d258b\" data-id=\"d5d258b\" data-element_type=\"column\" data-e-type=\"column\">\n\t\t\t<div class=\"elementor-widget-wrap elementor-element-populated\">\n\t\t\t\t\t\t<div class=\"elementor-element elementor-element-e2ac1fa elementor-widget-divider--view-line elementor-widget elementor-widget-divider\" data-id=\"e2ac1fa\" data-element_type=\"widget\" data-e-type=\"widget\" data-widget_type=\"divider.default\">\n\t\t\t\t<div class=\"elementor-widget-container\">\n\t\t\t\t\t\t\t<div class=\"elementor-divider\">\n\t\t\t<span class=\"elementor-divider-separator\">\n\t\t\t\t\t\t<\/span>\n\t\t<\/div>\n\t\t\t\t\t\t<\/div>\n\t\t\t\t<\/div>\n\t\t\t\t\t<\/div>\n\t\t<\/div>\n\t\t\t\t\t<\/div>\n\t\t<\/section>\n\t\t\t\t<section class=\"elementor-section elementor-top-section elementor-element elementor-element-413067d elementor-section-boxed elementor-section-height-default elementor-section-height-default\" data-id=\"413067d\" data-element_type=\"section\" data-e-type=\"section\" data-settings=\"{&quot;background_background&quot;:&quot;classic&quot;}\">\n\t\t\t\t\t\t<div class=\"elementor-container elementor-column-gap-default\">\n\t\t\t\t\t<div class=\"elementor-column elementor-col-100 elementor-top-column elementor-element elementor-element-fb93fa0\" data-id=\"fb93fa0\" data-element_type=\"column\" data-e-type=\"column\">\n\t\t\t<div class=\"elementor-widget-wrap elementor-element-populated\">\n\t\t\t\t\t\t<div class=\"elementor-element elementor-element-e4d539b elementor-widget elementor-widget-heading\" data-id=\"e4d539b\" data-element_type=\"widget\" data-e-type=\"widget\" data-widget_type=\"heading.default\">\n\t\t\t\t<div class=\"elementor-widget-container\">\n\t\t\t\t\t<h1 class=\"elementor-heading-title elementor-size-default\">Our Documents<\/h1>\t\t\t\t<\/div>\n\t\t\t\t<\/div>\n\t\t\t\t\t<\/div>\n\t\t<\/div>\n\t\t\t\t\t<\/div>\n\t\t<\/section>\n\t\t\t\t<section class=\"elementor-section elementor-top-section elementor-element elementor-element-9651eb7 elementor-section-boxed elementor-section-height-default elementor-section-height-default\" data-id=\"9651eb7\" data-element_type=\"section\" data-e-type=\"section\">\n\t\t\t\t\t\t<div class=\"elementor-container elementor-column-gap-default\">\n\t\t\t\t\t<div class=\"elementor-column elementor-col-100 elementor-top-column elementor-element elementor-element-1b715f4\" data-id=\"1b715f4\" data-element_type=\"column\" data-e-type=\"column\">\n\t\t\t<div class=\"elementor-widget-wrap elementor-element-populated\">\n\t\t\t\t\t\t<div class=\"elementor-element elementor-element-1e0dd1d elementor-widget elementor-widget-text-editor\" data-id=\"1e0dd1d\" data-element_type=\"widget\" data-e-type=\"widget\" data-widget_type=\"text-editor.default\">\n\t\t\t\t<div class=\"elementor-widget-container\">\n\t\t\t\t\t\t\t\t\t<p><strong>Reliable Production at Global Standards<\/strong><\/p><p>For Makro Chemical, quality is not merely a result but a discipline integrated into every stage of production. From food safety to occupational health, we certify all our processes with internationally recognized standards. Full compliance with regulations is a fundamental requirement for being a trusted performance partner of global manufacturers.<\/p>\t\t\t\t\t\t\t\t<\/div>\n\t\t\t\t<\/div>\n\t\t\t\t\t<\/div>\n\t\t<\/div>\n\t\t\t\t\t<\/div>\n\t\t<\/section>\n\t\t\t\t<section class=\"elementor-section elementor-top-section elementor-element elementor-element-778eafb elementor-section-boxed elementor-section-height-default elementor-section-height-default\" data-id=\"778eafb\" data-element_type=\"section\" data-e-type=\"section\">\n\t\t\t\t\t\t<div class=\"elementor-container elementor-column-gap-default\">\n\t\t\t\t\t<div class=\"elementor-column elementor-col-100 elementor-top-column elementor-element elementor-element-c5d7149\" data-id=\"c5d7149\" data-element_type=\"column\" data-e-type=\"column\">\n\t\t\t<div class=\"elementor-widget-wrap elementor-element-populated\">\n\t\t\t\t\t\t<div class=\"elementor-element elementor-element-23eb70d gallery-spacing-custom elementor-widget elementor-widget-image-gallery\" data-id=\"23eb70d\" data-element_type=\"widget\" data-e-type=\"widget\" data-widget_type=\"image-gallery.default\">\n\t\t\t\t<div class=\"elementor-widget-container\">\n\t\t\t\t\t\t\t<div class=\"elementor-image-gallery\">\n\t\t\t<div id='gallery-1' class='gallery galleryid-737 gallery-columns-4 gallery-size-full'><figure class='gallery-item'>\n\t\t\t<div class='gallery-icon portrait'>\n\t\t\t\t<a data-elementor-open-lightbox=\"no\" href='https:\/\/www.makrochemical.com\/wp-content\/uploads\/2023\/04\/COLDSEAL-MAKRO-MARKA-TESCIL.jpg'><img fetchpriority=\"high\" decoding=\"async\" width=\"843\" height=\"1200\" src=\"https:\/\/www.makrochemical.com\/wp-content\/uploads\/2023\/04\/COLDSEAL-MAKRO-MARKA-TESCIL.jpg\" class=\"attachment-full size-full\" alt=\"\" srcset=\"https:\/\/www.makrochemical.com\/wp-content\/uploads\/2023\/04\/COLDSEAL-MAKRO-MARKA-TESCIL.jpg 843w, https:\/\/www.makrochemical.com\/wp-content\/uploads\/2023\/04\/COLDSEAL-MAKRO-MARKA-TESCIL-211x300.jpg 211w, https:\/\/www.makrochemical.com\/wp-content\/uploads\/2023\/04\/COLDSEAL-MAKRO-MARKA-TESCIL-719x1024.jpg 719w, https:\/\/www.makrochemical.com\/wp-content\/uploads\/2023\/04\/COLDSEAL-MAKRO-MARKA-TESCIL-768x1093.jpg 768w, https:\/\/www.makrochemical.com\/wp-content\/uploads\/2023\/04\/COLDSEAL-MAKRO-MARKA-TESCIL-8x12.jpg 8w\" sizes=\"(max-width: 843px) 100vw, 843px\" \/><\/a>\n\t\t\t<\/div><\/figure><figure class='gallery-item'>\n\t\t\t<div class='gallery-icon portrait'>\n\t\t\t\t<a data-elementor-open-lightbox=\"no\" href='https:\/\/www.makrochemical.com\/wp-content\/uploads\/2023\/04\/POLYCOVER-MAKRO-MARKA-TESCIL.jpg'><img decoding=\"async\" width=\"843\" height=\"1200\" src=\"https:\/\/www.makrochemical.com\/wp-content\/uploads\/2023\/04\/POLYCOVER-MAKRO-MARKA-TESCIL.jpg\" class=\"attachment-full size-full\" alt=\"\" srcset=\"https:\/\/www.makrochemical.com\/wp-content\/uploads\/2023\/04\/POLYCOVER-MAKRO-MARKA-TESCIL.jpg 843w, https:\/\/www.makrochemical.com\/wp-content\/uploads\/2023\/04\/POLYCOVER-MAKRO-MARKA-TESCIL-211x300.jpg 211w, https:\/\/www.makrochemical.com\/wp-content\/uploads\/2023\/04\/POLYCOVER-MAKRO-MARKA-TESCIL-719x1024.jpg 719w, https:\/\/www.makrochemical.com\/wp-content\/uploads\/2023\/04\/POLYCOVER-MAKRO-MARKA-TESCIL-768x1093.jpg 768w, https:\/\/www.makrochemical.com\/wp-content\/uploads\/2023\/04\/POLYCOVER-MAKRO-MARKA-TESCIL-8x12.jpg 8w\" sizes=\"(max-width: 843px) 100vw, 843px\" \/><\/a>\n\t\t\t<\/div><\/figure><figure class='gallery-item'>\n\t\t\t<div class='gallery-icon portrait'>\n\t\t\t\t<a data-elementor-open-lightbox=\"no\" href='https:\/\/www.makrochemical.com\/wp-content\/uploads\/2024\/04\/doc02352620240419120034_page-0001.jpg'><img decoding=\"async\" width=\"1240\" height=\"1754\" src=\"https:\/\/www.makrochemical.com\/wp-content\/uploads\/2024\/04\/doc02352620240419120034_page-0001.jpg\" class=\"attachment-full size-full\" alt=\"\" srcset=\"https:\/\/www.makrochemical.com\/wp-content\/uploads\/2024\/04\/doc02352620240419120034_page-0001.jpg 1240w, https:\/\/www.makrochemical.com\/wp-content\/uploads\/2024\/04\/doc02352620240419120034_page-0001-212x300.jpg 212w, https:\/\/www.makrochemical.com\/wp-content\/uploads\/2024\/04\/doc02352620240419120034_page-0001-724x1024.jpg 724w, https:\/\/www.makrochemical.com\/wp-content\/uploads\/2024\/04\/doc02352620240419120034_page-0001-768x1086.jpg 768w, https:\/\/www.makrochemical.com\/wp-content\/uploads\/2024\/04\/doc02352620240419120034_page-0001-1086x1536.jpg 1086w, https:\/\/www.makrochemical.com\/wp-content\/uploads\/2024\/04\/doc02352620240419120034_page-0001-8x12.jpg 8w\" sizes=\"(max-width: 1240px) 100vw, 1240px\" \/><\/a>\n\t\t\t<\/div><\/figure><figure class='gallery-item'>\n\t\t\t<div class='gallery-icon landscape'>\n\t\t\t\t<a data-elementor-open-lightbox=\"no\" href='https:\/\/www.makrochemical.com\/wp-content\/uploads\/2025\/07\/SERTIFIKA0001-1-scaled.jpg'><img loading=\"lazy\" decoding=\"async\" width=\"2560\" height=\"1812\" src=\"https:\/\/www.makrochemical.com\/wp-content\/uploads\/2025\/07\/SERTIFIKA0001-1-scaled.jpg\" class=\"attachment-full size-full\" alt=\"\" srcset=\"https:\/\/www.makrochemical.com\/wp-content\/uploads\/2025\/07\/SERTIFIKA0001-1-scaled.jpg 2560w, https:\/\/www.makrochemical.com\/wp-content\/uploads\/2025\/07\/SERTIFIKA0001-1-300x212.jpg 300w, https:\/\/www.makrochemical.com\/wp-content\/uploads\/2025\/07\/SERTIFIKA0001-1-1024x725.jpg 1024w, https:\/\/www.makrochemical.com\/wp-content\/uploads\/2025\/07\/SERTIFIKA0001-1-768x544.jpg 768w, https:\/\/www.makrochemical.com\/wp-content\/uploads\/2025\/07\/SERTIFIKA0001-1-1536x1087.jpg 1536w, https:\/\/www.makrochemical.com\/wp-content\/uploads\/2025\/07\/SERTIFIKA0001-1-2048x1450.jpg 2048w, https:\/\/www.makrochemical.com\/wp-content\/uploads\/2025\/07\/SERTIFIKA0001-1-18x12.jpg 18w\" sizes=\"(max-width: 2560px) 100vw, 2560px\" \/><\/a>\n\t\t\t<\/div><\/figure><figure class='gallery-item'>\n\t\t\t<div class='gallery-icon portrait'>\n\t\t\t\t<a data-elementor-open-lightbox=\"no\" href='https:\/\/www.makrochemical.com\/wp-content\/uploads\/2025\/08\/MAKROCHEMICAL-GMP-SO2-2025-1.jpg'><img loading=\"lazy\" decoding=\"async\" width=\"1654\" height=\"2338\" src=\"https:\/\/www.makrochemical.com\/wp-content\/uploads\/2025\/08\/MAKROCHEMICAL-GMP-SO2-2025-1.jpg\" class=\"attachment-full size-full\" alt=\"\" srcset=\"https:\/\/www.makrochemical.com\/wp-content\/uploads\/2025\/08\/MAKROCHEMICAL-GMP-SO2-2025-1.jpg 1654w, https:\/\/www.makrochemical.com\/wp-content\/uploads\/2025\/08\/MAKROCHEMICAL-GMP-SO2-2025-1-212x300.jpg 212w, https:\/\/www.makrochemical.com\/wp-content\/uploads\/2025\/08\/MAKROCHEMICAL-GMP-SO2-2025-1-724x1024.jpg 724w, https:\/\/www.makrochemical.com\/wp-content\/uploads\/2025\/08\/MAKROCHEMICAL-GMP-SO2-2025-1-768x1086.jpg 768w, https:\/\/www.makrochemical.com\/wp-content\/uploads\/2025\/08\/MAKROCHEMICAL-GMP-SO2-2025-1-1087x1536.jpg 1087w, https:\/\/www.makrochemical.com\/wp-content\/uploads\/2025\/08\/MAKROCHEMICAL-GMP-SO2-2025-1-1449x2048.jpg 1449w, https:\/\/www.makrochemical.com\/wp-content\/uploads\/2025\/08\/MAKROCHEMICAL-GMP-SO2-2025-1-8x12.jpg 8w\" sizes=\"(max-width: 1654px) 100vw, 1654px\" \/><\/a>\n\t\t\t<\/div><\/figure><figure class='gallery-item'>\n\t\t\t<div class='gallery-icon portrait'>\n\t\t\t\t<a data-elementor-open-lightbox=\"no\" href='https:\/\/www.makrochemical.com\/wp-content\/uploads\/2025\/08\/MAKROCHEMICAL-ISO-9001-SO2-2025-1.jpg'><img loading=\"lazy\" decoding=\"async\" width=\"1654\" height=\"2338\" src=\"https:\/\/www.makrochemical.com\/wp-content\/uploads\/2025\/08\/MAKROCHEMICAL-ISO-9001-SO2-2025-1.jpg\" class=\"attachment-full size-full\" alt=\"\" srcset=\"https:\/\/www.makrochemical.com\/wp-content\/uploads\/2025\/08\/MAKROCHEMICAL-ISO-9001-SO2-2025-1.jpg 1654w, https:\/\/www.makrochemical.com\/wp-content\/uploads\/2025\/08\/MAKROCHEMICAL-ISO-9001-SO2-2025-1-212x300.jpg 212w, https:\/\/www.makrochemical.com\/wp-content\/uploads\/2025\/08\/MAKROCHEMICAL-ISO-9001-SO2-2025-1-724x1024.jpg 724w, https:\/\/www.makrochemical.com\/wp-content\/uploads\/2025\/08\/MAKROCHEMICAL-ISO-9001-SO2-2025-1-768x1086.jpg 768w, https:\/\/www.makrochemical.com\/wp-content\/uploads\/2025\/08\/MAKROCHEMICAL-ISO-9001-SO2-2025-1-1087x1536.jpg 1087w, https:\/\/www.makrochemical.com\/wp-content\/uploads\/2025\/08\/MAKROCHEMICAL-ISO-9001-SO2-2025-1-1449x2048.jpg 1449w, https:\/\/www.makrochemical.com\/wp-content\/uploads\/2025\/08\/MAKROCHEMICAL-ISO-9001-SO2-2025-1-8x12.jpg 8w\" sizes=\"(max-width: 1654px) 100vw, 1654px\" \/><\/a>\n\t\t\t<\/div><\/figure><figure class='gallery-item'>\n\t\t\t<div class='gallery-icon portrait'>\n\t\t\t\t<a data-elementor-open-lightbox=\"no\" href='https:\/\/www.makrochemical.com\/wp-content\/uploads\/2025\/08\/MAKROCHEMICAL-ISO-14001-SO2-2025-1.jpg'><img loading=\"lazy\" decoding=\"async\" width=\"1654\" height=\"2338\" src=\"https:\/\/www.makrochemical.com\/wp-content\/uploads\/2025\/08\/MAKROCHEMICAL-ISO-14001-SO2-2025-1.jpg\" class=\"attachment-full size-full\" alt=\"\" srcset=\"https:\/\/www.makrochemical.com\/wp-content\/uploads\/2025\/08\/MAKROCHEMICAL-ISO-14001-SO2-2025-1.jpg 1654w, https:\/\/www.makrochemical.com\/wp-content\/uploads\/2025\/08\/MAKROCHEMICAL-ISO-14001-SO2-2025-1-212x300.jpg 212w, https:\/\/www.makrochemical.com\/wp-content\/uploads\/2025\/08\/MAKROCHEMICAL-ISO-14001-SO2-2025-1-724x1024.jpg 724w, https:\/\/www.makrochemical.com\/wp-content\/uploads\/2025\/08\/MAKROCHEMICAL-ISO-14001-SO2-2025-1-768x1086.jpg 768w, https:\/\/www.makrochemical.com\/wp-content\/uploads\/2025\/08\/MAKROCHEMICAL-ISO-14001-SO2-2025-1-1087x1536.jpg 1087w, https:\/\/www.makrochemical.com\/wp-content\/uploads\/2025\/08\/MAKROCHEMICAL-ISO-14001-SO2-2025-1-1449x2048.jpg 1449w, https:\/\/www.makrochemical.com\/wp-content\/uploads\/2025\/08\/MAKROCHEMICAL-ISO-14001-SO2-2025-1-8x12.jpg 8w\" sizes=\"(max-width: 1654px) 100vw, 1654px\" \/><\/a>\n\t\t\t<\/div><\/figure><figure class='gallery-item'>\n\t\t\t<div class='gallery-icon portrait'>\n\t\t\t\t<a data-elementor-open-lightbox=\"no\" href='https:\/\/www.makrochemical.com\/wp-content\/uploads\/2025\/08\/MAKROCHEMICAL-ISO-45001-SO2-2025-1.jpg'><img loading=\"lazy\" decoding=\"async\" width=\"1654\" height=\"2338\" src=\"https:\/\/www.makrochemical.com\/wp-content\/uploads\/2025\/08\/MAKROCHEMICAL-ISO-45001-SO2-2025-1.jpg\" class=\"attachment-full size-full\" alt=\"\" srcset=\"https:\/\/www.makrochemical.com\/wp-content\/uploads\/2025\/08\/MAKROCHEMICAL-ISO-45001-SO2-2025-1.jpg 1654w, https:\/\/www.makrochemical.com\/wp-content\/uploads\/2025\/08\/MAKROCHEMICAL-ISO-45001-SO2-2025-1-212x300.jpg 212w, https:\/\/www.makrochemical.com\/wp-content\/uploads\/2025\/08\/MAKROCHEMICAL-ISO-45001-SO2-2025-1-724x1024.jpg 724w, https:\/\/www.makrochemical.com\/wp-content\/uploads\/2025\/08\/MAKROCHEMICAL-ISO-45001-SO2-2025-1-768x1086.jpg 768w, https:\/\/www.makrochemical.com\/wp-content\/uploads\/2025\/08\/MAKROCHEMICAL-ISO-45001-SO2-2025-1-1087x1536.jpg 1087w, https:\/\/www.makrochemical.com\/wp-content\/uploads\/2025\/08\/MAKROCHEMICAL-ISO-45001-SO2-2025-1-1449x2048.jpg 1449w, https:\/\/www.makrochemical.com\/wp-content\/uploads\/2025\/08\/MAKROCHEMICAL-ISO-45001-SO2-2025-1-8x12.jpg 8w\" sizes=\"(max-width: 1654px) 100vw, 1654px\" \/><\/a>\n\t\t\t<\/div><\/figure><figure class='gallery-item'>\n\t\t\t<div class='gallery-icon portrait'>\n\t\t\t\t<a data-elementor-open-lightbox=\"no\" href='https:\/\/www.makrochemical.com\/wp-content\/uploads\/2026\/01\/Makrochemical-1-0001.jpg'><img loading=\"lazy\" decoding=\"async\" width=\"1652\" height=\"2336\" src=\"https:\/\/www.makrochemical.com\/wp-content\/uploads\/2026\/01\/Makrochemical-1-0001.jpg\" class=\"attachment-full size-full\" alt=\"\" srcset=\"https:\/\/www.makrochemical.com\/wp-content\/uploads\/2026\/01\/Makrochemical-1-0001.jpg 1652w, https:\/\/www.makrochemical.com\/wp-content\/uploads\/2026\/01\/Makrochemical-1-0001-212x300.jpg 212w, https:\/\/www.makrochemical.com\/wp-content\/uploads\/2026\/01\/Makrochemical-1-0001-724x1024.jpg 724w, https:\/\/www.makrochemical.com\/wp-content\/uploads\/2026\/01\/Makrochemical-1-0001-768x1086.jpg 768w, https:\/\/www.makrochemical.com\/wp-content\/uploads\/2026\/01\/Makrochemical-1-0001-1086x1536.jpg 1086w, https:\/\/www.makrochemical.com\/wp-content\/uploads\/2026\/01\/Makrochemical-1-0001-1448x2048.jpg 1448w, https:\/\/www.makrochemical.com\/wp-content\/uploads\/2026\/01\/Makrochemical-1-0001-8x12.jpg 8w\" sizes=\"(max-width: 1652px) 100vw, 1652px\" \/><\/a>\n\t\t\t<\/div><\/figure><figure class='gallery-item'>\n\t\t\t<div class='gallery-icon portrait'>\n\t\t\t\t<a data-elementor-open-lightbox=\"no\" href='https:\/\/www.makrochemical.com\/wp-content\/uploads\/2026\/01\/Makrochemical-1-0002.jpg'><img loading=\"lazy\" decoding=\"async\" width=\"1652\" height=\"2336\" src=\"https:\/\/www.makrochemical.com\/wp-content\/uploads\/2026\/01\/Makrochemical-1-0002.jpg\" class=\"attachment-full size-full\" alt=\"\" srcset=\"https:\/\/www.makrochemical.com\/wp-content\/uploads\/2026\/01\/Makrochemical-1-0002.jpg 1652w, https:\/\/www.makrochemical.com\/wp-content\/uploads\/2026\/01\/Makrochemical-1-0002-212x300.jpg 212w, https:\/\/www.makrochemical.com\/wp-content\/uploads\/2026\/01\/Makrochemical-1-0002-724x1024.jpg 724w, https:\/\/www.makrochemical.com\/wp-content\/uploads\/2026\/01\/Makrochemical-1-0002-768x1086.jpg 768w, https:\/\/www.makrochemical.com\/wp-content\/uploads\/2026\/01\/Makrochemical-1-0002-1086x1536.jpg 1086w, https:\/\/www.makrochemical.com\/wp-content\/uploads\/2026\/01\/Makrochemical-1-0002-1448x2048.jpg 1448w, https:\/\/www.makrochemical.com\/wp-content\/uploads\/2026\/01\/Makrochemical-1-0002-8x12.jpg 8w\" sizes=\"(max-width: 1652px) 100vw, 1652px\" \/><\/a>\n\t\t\t<\/div><\/figure><figure class='gallery-item'>\n\t\t\t<div class='gallery-icon portrait'>\n\t\t\t\t<a data-elementor-open-lightbox=\"no\" href='https:\/\/www.makrochemical.com\/wp-content\/uploads\/2026\/01\/Makrochemical-1-0003.jpg'><img loading=\"lazy\" decoding=\"async\" width=\"1652\" height=\"2336\" src=\"https:\/\/www.makrochemical.com\/wp-content\/uploads\/2026\/01\/Makrochemical-1-0003.jpg\" class=\"attachment-full size-full\" alt=\"\" srcset=\"https:\/\/www.makrochemical.com\/wp-content\/uploads\/2026\/01\/Makrochemical-1-0003.jpg 1652w, https:\/\/www.makrochemical.com\/wp-content\/uploads\/2026\/01\/Makrochemical-1-0003-212x300.jpg 212w, https:\/\/www.makrochemical.com\/wp-content\/uploads\/2026\/01\/Makrochemical-1-0003-724x1024.jpg 724w, https:\/\/www.makrochemical.com\/wp-content\/uploads\/2026\/01\/Makrochemical-1-0003-768x1086.jpg 768w, https:\/\/www.makrochemical.com\/wp-content\/uploads\/2026\/01\/Makrochemical-1-0003-1086x1536.jpg 1086w, https:\/\/www.makrochemical.com\/wp-content\/uploads\/2026\/01\/Makrochemical-1-0003-1448x2048.jpg 1448w, https:\/\/www.makrochemical.com\/wp-content\/uploads\/2026\/01\/Makrochemical-1-0003-8x12.jpg 8w\" sizes=\"(max-width: 1652px) 100vw, 1652px\" \/><\/a>\n\t\t\t<\/div><\/figure><figure class='gallery-item'>\n\t\t\t<div class='gallery-icon portrait'>\n\t\t\t\t<a data-elementor-open-lightbox=\"no\" href='https:\/\/www.makrochemical.com\/wp-content\/uploads\/2026\/01\/Makrochemical-1-0004.jpg'><img loading=\"lazy\" decoding=\"async\" width=\"1652\" height=\"2336\" src=\"https:\/\/www.makrochemical.com\/wp-content\/uploads\/2026\/01\/Makrochemical-1-0004.jpg\" class=\"attachment-full size-full\" alt=\"\" srcset=\"https:\/\/www.makrochemical.com\/wp-content\/uploads\/2026\/01\/Makrochemical-1-0004.jpg 1652w, https:\/\/www.makrochemical.com\/wp-content\/uploads\/2026\/01\/Makrochemical-1-0004-212x300.jpg 212w, https:\/\/www.makrochemical.com\/wp-content\/uploads\/2026\/01\/Makrochemical-1-0004-724x1024.jpg 724w, https:\/\/www.makrochemical.com\/wp-content\/uploads\/2026\/01\/Makrochemical-1-0004-768x1086.jpg 768w, https:\/\/www.makrochemical.com\/wp-content\/uploads\/2026\/01\/Makrochemical-1-0004-1086x1536.jpg 1086w, https:\/\/www.makrochemical.com\/wp-content\/uploads\/2026\/01\/Makrochemical-1-0004-1448x2048.jpg 1448w, https:\/\/www.makrochemical.com\/wp-content\/uploads\/2026\/01\/Makrochemical-1-0004-8x12.jpg 8w\" sizes=\"(max-width: 1652px) 100vw, 1652px\" \/><\/a>\n\t\t\t<\/div><\/figure>\n\t\t<\/div>\n\t\t<\/div>\n\t\t\t\t\t\t<\/div>\n\t\t\t\t<\/div>\n\t\t\t\t\t<\/div>\n\t\t<\/div>\n\t\t\t\t\t<\/div>\n\t\t<\/section>\n\t\t\t\t<\/div>","protected":false},"excerpt":{"rendered":"<p>AR-GE MAKRO CHEMICAL&#8217;IN AR-GE G\u00dcC\u00dc\u200b Gelece\u011fin Ambalaj Teknolojilerini Tasarl\u0131yoruz Makro Chemical olarak ba\u015far\u0131m\u0131z\u0131n temelinde, s\u00fcrekli geli\u015fim ve teknik m\u00fckemmeliyet tutkusu yatar. \u0130zmir\u2019deki tesislerimizde yer alan tam donan\u0131ml\u0131 laboratuvarlar\u0131m\u0131zda, sadece bug\u00fcn\u00fcn ihtiya\u00e7lar\u0131n\u0131 kar\u015f\u0131layan de\u011fil, ambalaj end\u00fcstrisinin gelecekteki performans ve s\u00fcrd\u00fcr\u00fclebilirlik beklentilerini \u015fekillendiren \u00e7\u00f6z\u00fcmler geli\u015ftiriyoruz. Size \u00d6zel \u00c7\u00f6z\u00fcmler: Standart \u00fcr\u00fcnlerin \u00f6tesine ge\u00e7iyor, m\u00fc\u015fterilerimizin hat h\u0131zlar\u0131na ve spesifik [&hellip;]<\/p>\n","protected":false},"author":1,"featured_media":0,"parent":0,"menu_order":0,"comment_status":"closed","ping_status":"closed","template":"elementor_header_footer","meta":{"footnotes":""},"class_list":["post-737","page","type-page","status-publish","hentry"],"_links":{"self":[{"href":"http:\/\/www.makrochemical.com\/en\/wp-json\/wp\/v2\/pages\/737","targetHints":{"allow":["GET"]}}],"collection":[{"href":"http:\/\/www.makrochemical.com\/en\/wp-json\/wp\/v2\/pages"}],"about":[{"href":"http:\/\/www.makrochemical.com\/en\/wp-json\/wp\/v2\/types\/page"}],"author":[{"embeddable":true,"href":"http:\/\/www.makrochemical.com\/en\/wp-json\/wp\/v2\/users\/1"}],"replies":[{"embeddable":true,"href":"http:\/\/www.makrochemical.com\/en\/wp-json\/wp\/v2\/comments?post=737"}],"version-history":[{"count":58,"href":"http:\/\/www.makrochemical.com\/en\/wp-json\/wp\/v2\/pages\/737\/revisions"}],"predecessor-version":[{"id":1109,"href":"http:\/\/www.makrochemical.com\/en\/wp-json\/wp\/v2\/pages\/737\/revisions\/1109"}],"wp:attachment":[{"href":"http:\/\/www.makrochemical.com\/en\/wp-json\/wp\/v2\/media?parent=737"}],"curies":[{"name":"wp","href":"https:\/\/api.w.org\/{rel}","templated":true}]}}