{"id":235,"date":"2023-03-06T19:31:07","date_gmt":"2023-03-06T16:31:07","guid":{"rendered":"https:\/\/www.exciting-lovelace.194-5-236-185.plesk.page\/?page_id=235"},"modified":"2023-03-07T17:09:53","modified_gmt":"2023-03-07T14:09:53","slug":"yapistiricilar","status":"publish","type":"page","link":"http:\/\/www.makrochemical.com\/en\/poliuretan\/yapistiricilar\/","title":{"rendered":"Bonding Agents"},"content":{"rendered":"<div data-elementor-type=\"wp-page\" data-elementor-id=\"235\" class=\"elementor elementor-235\">\n\t\t\t\t\t\t<section class=\"elementor-section elementor-top-section elementor-element elementor-element-a635c97 elementor-section-boxed elementor-section-height-default elementor-section-height-default\" data-id=\"a635c97\" data-element_type=\"section\" data-e-type=\"section\" data-settings=\"{&quot;background_background&quot;:&quot;classic&quot;}\">\n\t\t\t\t\t\t<div class=\"elementor-container elementor-column-gap-default\">\n\t\t\t\t\t<div class=\"elementor-column elementor-col-100 elementor-top-column elementor-element elementor-element-032b9b3\" data-id=\"032b9b3\" data-element_type=\"column\" data-e-type=\"column\">\n\t\t\t<div class=\"elementor-widget-wrap elementor-element-populated\">\n\t\t\t\t\t\t<div class=\"elementor-element elementor-element-65790f8 elementor-widget elementor-widget-heading\" data-id=\"65790f8\" data-element_type=\"widget\" data-e-type=\"widget\" data-widget_type=\"heading.default\">\n\t\t\t\t<div class=\"elementor-widget-container\">\n\t\t\t\t\t<h1 class=\"elementor-heading-title elementor-size-default\">Bonding Agents<\/h1>\t\t\t\t<\/div>\n\t\t\t\t<\/div>\n\t\t\t\t\t<\/div>\n\t\t<\/div>\n\t\t\t\t\t<\/div>\n\t\t<\/section>\n\t\t\t\t<section class=\"elementor-section elementor-top-section elementor-element elementor-element-141e98e elementor-section-content-middle elementor-section-boxed elementor-section-height-default elementor-section-height-default\" data-id=\"141e98e\" data-element_type=\"section\" data-e-type=\"section\">\n\t\t\t\t\t\t<div class=\"elementor-container elementor-column-gap-default\">\n\t\t\t\t\t<div class=\"elementor-column elementor-col-66 elementor-top-column elementor-element elementor-element-52e3384\" data-id=\"52e3384\" data-element_type=\"column\" data-e-type=\"column\">\n\t\t\t<div class=\"elementor-widget-wrap elementor-element-populated\">\n\t\t\t\t\t\t<div class=\"elementor-element elementor-element-9503096 elementor-widget elementor-widget-heading\" data-id=\"9503096\" data-element_type=\"widget\" data-e-type=\"widget\" data-widget_type=\"heading.default\">\n\t\t\t\t<div class=\"elementor-widget-container\">\n\t\t\t\t\t<h3 class=\"elementor-heading-title elementor-size-default\">Sarcobond MET\n<\/h3>\t\t\t\t<\/div>\n\t\t\t\t<\/div>\n\t\t\t\t<div class=\"elementor-element elementor-element-825dd1a elementor-widget elementor-widget-text-editor\" data-id=\"825dd1a\" data-element_type=\"widget\" data-e-type=\"widget\" data-widget_type=\"text-editor.default\">\n\t\t\t\t<div class=\"elementor-widget-container\">\n\t\t\t\t\t\t\t\t\t<p>Sarcobond MET is a high strength single coat primer system for bonding liquid urethanes to most metal substrates. Extensive evaluation has shown the adhesion of the Sarcobond MET primer is superior to many other primers currently used in the industry.<\/p><p><b>Applications<\/b><br>\nSuitable for use on properly prepared metal substrates such as;\n<ul>\n<li>Steel<\/li>\n<li>Iron<\/li>\n<li>Aluminum<\/li>\n<li>Manganese<\/li>\n<\/ul>\n<b>Features<\/b>\n<ul>\n<li>High Performance<\/li>\n<li>Low Viscosity<\/li>\n<li>Single Component<\/li>\n<li>Can be Brush, Dip or Spray Applied<\/li>\n<li>Temperature Tolerant (-45\u00b0C \u2013 180\u00b0C)<\/li>\n<li>Good Chemical Resistance<\/li>\n<\/ul><\/p>\t\t\t\t\t\t\t\t<\/div>\n\t\t\t\t<\/div>\n\t\t\t\t\t<\/div>\n\t\t<\/div>\n\t\t\t\t<div class=\"elementor-column elementor-col-33 elementor-top-column elementor-element elementor-element-30c7be0\" data-id=\"30c7be0\" data-element_type=\"column\" data-e-type=\"column\">\n\t\t\t<div class=\"elementor-widget-wrap elementor-element-populated\">\n\t\t\t\t\t\t<div class=\"elementor-element elementor-element-14c0049 elementor-widget elementor-widget-image\" data-id=\"14c0049\" data-element_type=\"widget\" data-e-type=\"widget\" data-widget_type=\"image.default\">\n\t\t\t\t<div class=\"elementor-widget-container\">\n\t\t\t\t\t\t\t\t\t\t\t\t\t\t\t<img fetchpriority=\"high\" decoding=\"async\" width=\"350\" height=\"233\" src=\"https:\/\/www.makrochemical.com\/wp-content\/uploads\/2023\/03\/yapistiricilar.jpg\" class=\"attachment-large size-large wp-image-318\" alt=\"\" srcset=\"https:\/\/www.makrochemical.com\/wp-content\/uploads\/2023\/03\/yapistiricilar.jpg 350w, https:\/\/www.makrochemical.com\/wp-content\/uploads\/2023\/03\/yapistiricilar-300x200.jpg 300w\" sizes=\"(max-width: 350px) 100vw, 350px\" \/>\t\t\t\t\t\t\t\t\t\t\t\t\t\t\t<\/div>\n\t\t\t\t<\/div>\n\t\t\t\t\t<\/div>\n\t\t<\/div>\n\t\t\t\t\t<\/div>\n\t\t<\/section>\n\t\t\t\t<\/div>","protected":false},"excerpt":{"rendered":"<p>Sarcobond Metal Sarcobond Metal s\u0131v\u0131 haldeki TDI ve MDI poli\u00fcretanlar\u0131n metallere yap\u0131\u015ft\u0131r\u0131lmas\u0131n\u0131 sa\u011flayan, y\u00fcksek mukavemetli, tek kat yap\u0131\u015ft\u0131r\u0131c\u0131 sistemidir. Kapsaml\u0131 de\u011ferlendirmeler, Sarcobond Metal\u2019in yap\u0131\u015fmas\u0131n\u0131n, sekt\u00f6rde halihaz\u0131rda kullan\u0131lan bir\u00e7ok yap\u0131\u015ft\u0131r\u0131c\u0131dan \u00fcst\u00fcn oldu\u011funu g\u00f6stermi\u015ftir.<\/p>","protected":false},"author":1,"featured_media":0,"parent":210,"menu_order":0,"comment_status":"closed","ping_status":"closed","template":"elementor_header_footer","meta":{"footnotes":""},"class_list":["post-235","page","type-page","status-publish","hentry"],"_links":{"self":[{"href":"http:\/\/www.makrochemical.com\/en\/wp-json\/wp\/v2\/pages\/235","targetHints":{"allow":["GET"]}}],"collection":[{"href":"http:\/\/www.makrochemical.com\/en\/wp-json\/wp\/v2\/pages"}],"about":[{"href":"http:\/\/www.makrochemical.com\/en\/wp-json\/wp\/v2\/types\/page"}],"author":[{"embeddable":true,"href":"http:\/\/www.makrochemical.com\/en\/wp-json\/wp\/v2\/users\/1"}],"replies":[{"embeddable":true,"href":"http:\/\/www.makrochemical.com\/en\/wp-json\/wp\/v2\/comments?post=235"}],"version-history":[{"count":7,"href":"http:\/\/www.makrochemical.com\/en\/wp-json\/wp\/v2\/pages\/235\/revisions"}],"predecessor-version":[{"id":388,"href":"http:\/\/www.makrochemical.com\/en\/wp-json\/wp\/v2\/pages\/235\/revisions\/388"}],"up":[{"embeddable":true,"href":"http:\/\/www.makrochemical.com\/en\/wp-json\/wp\/v2\/pages\/210"}],"wp:attachment":[{"href":"http:\/\/www.makrochemical.com\/en\/wp-json\/wp\/v2\/media?parent=235"}],"curies":[{"name":"wp","href":"https:\/\/api.w.org\/{rel}","templated":true}]}}