{"id":1057,"date":"2026-03-12T12:37:17","date_gmt":"2026-03-12T09:37:17","guid":{"rendered":"https:\/\/www.makrochemical.com\/?page_id=1057"},"modified":"2026-03-16T08:42:52","modified_gmt":"2026-03-16T05:42:52","slug":"ar-ge","status":"publish","type":"page","link":"http:\/\/www.makrochemical.com\/en\/arge-kalite\/ar-ge\/","title":{"rendered":"R&amp;D"},"content":{"rendered":"<div data-elementor-type=\"wp-page\" data-elementor-id=\"1057\" class=\"elementor elementor-1057\">\n\t\t\t\t\t\t<section class=\"elementor-section elementor-top-section elementor-element elementor-element-cd2b211 elementor-section-boxed elementor-section-height-default elementor-section-height-default\" data-id=\"cd2b211\" data-element_type=\"section\" data-e-type=\"section\" data-settings=\"{&quot;background_background&quot;:&quot;classic&quot;}\">\n\t\t\t\t\t\t<div class=\"elementor-container elementor-column-gap-default\">\n\t\t\t\t\t<div class=\"elementor-column elementor-col-100 elementor-top-column elementor-element elementor-element-3e7860c\" data-id=\"3e7860c\" data-element_type=\"column\" data-e-type=\"column\">\n\t\t\t<div class=\"elementor-widget-wrap elementor-element-populated\">\n\t\t\t\t\t\t<div class=\"elementor-element elementor-element-001d86e elementor-widget elementor-widget-heading\" data-id=\"001d86e\" data-element_type=\"widget\" data-e-type=\"widget\" data-widget_type=\"heading.default\">\n\t\t\t\t<div class=\"elementor-widget-container\">\n\t\t\t\t\t<h1 class=\"elementor-heading-title elementor-size-default\">R&amp;D<\/h1>\t\t\t\t<\/div>\n\t\t\t\t<\/div>\n\t\t\t\t\t<\/div>\n\t\t<\/div>\n\t\t\t\t\t<\/div>\n\t\t<\/section>\n\t\t\t\t<section class=\"elementor-section elementor-top-section elementor-element elementor-element-0e34511 elementor-section-boxed elementor-section-height-default elementor-section-height-default\" data-id=\"0e34511\" data-element_type=\"section\" data-e-type=\"section\">\n\t\t\t\t\t\t<div class=\"elementor-container elementor-column-gap-default\">\n\t\t\t\t\t<div class=\"elementor-column elementor-col-100 elementor-top-column elementor-element elementor-element-2f806b7\" data-id=\"2f806b7\" data-element_type=\"column\" data-e-type=\"column\">\n\t\t\t<div class=\"elementor-widget-wrap elementor-element-populated\">\n\t\t\t\t\t\t<div class=\"elementor-element elementor-element-de03f8d elementor-widget elementor-widget-text-editor\" data-id=\"de03f8d\" data-element_type=\"widget\" data-e-type=\"widget\" data-widget_type=\"text-editor.default\">\n\t\t\t\t<div class=\"elementor-widget-container\">\n\t\t\t\t\t\t\t\t\t<p class=\"MsoNormal\">MAKRO CHEMICAL\u2019S R&amp;D STRENGTH<\/p>\n<p class=\"MsoNormal\"><b>Designing the Packaging Technologies of the Future<\/b><\/p>\n<p class=\"MsoNormal\">At Makro Chemical, the foundation of our success lies in our passion for continuous development and technical excellence. In our fully equipped laboratories located at our facilities in \u0130zmir, we develop solutions that not only meet today\u2019s needs but also shape the future performance and sustainability expectations of the packaging industry.<\/p>\n<p class=\"MsoNormal\"><b>Tailor-Made Solutions:&nbsp;<\/b>We go beyond standard products and develop custom formulations tailored to our customers\u2019 line speeds and specific lamination requirements.<\/p>\n<p class=\"MsoNormal\"><b>Advanced Analytical Capability:<\/b>&nbsp;From raw material intake to the final product, we perform all tests in accordance with international standards.<\/p>\n<p class=\"MsoNormal\"><b>Sustainability Focus:<\/b>&nbsp;We work on environmentally friendly products that consume less energy and facilitate easier recycling.<\/p>\n<p><\/p>\n<p class=\"MsoNormal\"><b>Technical Support and Consultancy:<\/b>&nbsp;Our R&amp;D team plays an active role not only in the laboratory but also on our customers\u2019 production lines, supporting process optimization.<\/p>\t\t\t\t\t\t\t\t<\/div>\n\t\t\t\t<\/div>\n\t\t\t\t\t<\/div>\n\t\t<\/div>\n\t\t\t\t\t<\/div>\n\t\t<\/section>\n\t\t\t\t<section class=\"elementor-section elementor-top-section elementor-element elementor-element-2542674 elementor-section-boxed elementor-section-height-default elementor-section-height-default\" data-id=\"2542674\" data-element_type=\"section\" data-e-type=\"section\">\n\t\t\t\t\t\t<div class=\"elementor-container elementor-column-gap-default\">\n\t\t\t\t\t<div class=\"elementor-column elementor-col-100 elementor-top-column elementor-element elementor-element-874428f\" data-id=\"874428f\" data-element_type=\"column\" data-e-type=\"column\">\n\t\t\t<div class=\"elementor-widget-wrap elementor-element-populated\">\n\t\t\t\t\t\t<div class=\"elementor-element elementor-element-6d4937b elementor-widget elementor-widget-image\" data-id=\"6d4937b\" data-element_type=\"widget\" data-e-type=\"widget\" data-widget_type=\"image.default\">\n\t\t\t\t<div class=\"elementor-widget-container\">\n\t\t\t\t\t\t\t\t\t\t\t\t\t\t\t<img decoding=\"async\" src=\"https:\/\/www.makrochemical.com\/wp-content\/uploads\/2026\/03\/Makro-Chemical-sayfasi-1.svg\" title=\"Makro Chemical sayfas\u0131 (1)\" alt=\"Makro Chemical sayfas\u0131 (1)\" loading=\"lazy\" \/>\t\t\t\t\t\t\t\t\t\t\t\t\t\t\t<\/div>\n\t\t\t\t<\/div>\n\t\t\t\t\t<\/div>\n\t\t<\/div>\n\t\t\t\t\t<\/div>\n\t\t<\/section>\n\t\t\t\t<\/div>","protected":false},"excerpt":{"rendered":"<p>AR-GE MAKRO CHEMICAL\u2019IN AR-GE G\u00dcC\u00dc Gelece\u011fin Ambalaj Teknolojilerini Tasarl\u0131yoruz Makro Chemical olarak ba\u015far\u0131m\u0131z\u0131n temelinde, s\u00fcrekli geli\u015fim ve teknik m\u00fckemmeliyet tutkusu yatar. \u0130zmir\u2019deki tesislerimizde yer alan tam donan\u0131ml\u0131 laboratuvarlar\u0131m\u0131zda, sadece bug\u00fcn\u00fcn ihtiya\u00e7lar\u0131n\u0131 kar\u015f\u0131layan de\u011fil, ambalaj end\u00fcstrisinin gelecekteki performans ve s\u00fcrd\u00fcr\u00fclebilirlik beklentilerini \u015fekillendiren \u00e7\u00f6z\u00fcmler geli\u015ftiriyoruz. Size \u00d6zel \u00c7\u00f6z\u00fcmler:\u00a0Standart \u00fcr\u00fcnlerin \u00f6tesine ge\u00e7iyor, m\u00fc\u015fterilerimizin hat h\u0131zlar\u0131na ve spesifik laminasyon [&hellip;]<\/p>\n","protected":false},"author":2,"featured_media":0,"parent":737,"menu_order":0,"comment_status":"closed","ping_status":"closed","template":"elementor_header_footer","meta":{"footnotes":""},"class_list":["post-1057","page","type-page","status-publish","hentry"],"_links":{"self":[{"href":"http:\/\/www.makrochemical.com\/en\/wp-json\/wp\/v2\/pages\/1057","targetHints":{"allow":["GET"]}}],"collection":[{"href":"http:\/\/www.makrochemical.com\/en\/wp-json\/wp\/v2\/pages"}],"about":[{"href":"http:\/\/www.makrochemical.com\/en\/wp-json\/wp\/v2\/types\/page"}],"author":[{"embeddable":true,"href":"http:\/\/www.makrochemical.com\/en\/wp-json\/wp\/v2\/users\/2"}],"replies":[{"embeddable":true,"href":"http:\/\/www.makrochemical.com\/en\/wp-json\/wp\/v2\/comments?post=1057"}],"version-history":[{"count":8,"href":"http:\/\/www.makrochemical.com\/en\/wp-json\/wp\/v2\/pages\/1057\/revisions"}],"predecessor-version":[{"id":1095,"href":"http:\/\/www.makrochemical.com\/en\/wp-json\/wp\/v2\/pages\/1057\/revisions\/1095"}],"up":[{"embeddable":true,"href":"http:\/\/www.makrochemical.com\/en\/wp-json\/wp\/v2\/pages\/737"}],"wp:attachment":[{"href":"http:\/\/www.makrochemical.com\/en\/wp-json\/wp\/v2\/media?parent=1057"}],"curies":[{"name":"wp","href":"https:\/\/api.w.org\/{rel}","templated":true}]}}